{"id":2887,"date":"2017-03-31T10:56:48","date_gmt":"2017-03-31T08:56:48","guid":{"rendered":"http:\/\/www.webkovacs.hu\/vegs\/cegtortenet\/"},"modified":"2018-04-11T13:49:09","modified_gmt":"2018-04-11T11:49:09","slug":"vorstellung","status":"publish","type":"page","link":"https:\/\/vegs.hu\/de\/ueber-uns\/vorstellung\/","title":{"rendered":"Vorstellung"},"content":{"rendered":"<div class=\"wpb-content-wrapper\"><p>[vc_row][vc_column width=&#8220;2\/3&#8243;][vc_column_text]<\/p>\n<div>\n<div>Die Firma VEGS Kft ist ein 100-prozentig in ungarischem Privateigentum befindliches Unternehmen, wessen Rechtsvorg\u00e4nger in 1951 gegr\u00fcndet wurde. Unsere Firma ist schon ab 1972 auf dem westeurop\u00e4ischen Markt erschienen. Heutzutage haben wir mit zahlreichen Auftraggebern von uns eine Gesch\u00e4ftsbeziehung von mehreren Jahrzehnten. 95 % unseres Einkommens stammt aus Export. Eine Auflistung unserer Hauptkunden k\u00f6nnen Sie sich im Men\u00fcpunkt \u201eReferenzen\u201d anschauen.<\/div>\n<div><\/div>\n<div>Unser Hauptprofil ist die Herstellung von geschwei\u00dften, spanabhebend bearbeiteten Maschinenteilen anhand Kundendokumentation. Bezeichnend ist die Herstellung von kleinen Serien und die Einzelfertigung. Die meistgefertigen Produkte sind folgende: Vibrationsf\u00f6rderer, Sortieranlagen, Arbeitsmaschinenfahrgestell, Abst\u00fctzarme, LKW-Plateaus und sonstige Fahrzeugteile.<\/div>\n<\/div>\n<p>[\/vc_column_text][\/vc_column][vc_column width=&#8220;1\/3&#8243;][vc_single_image image=&#8220;3620&#8243; img_size=&#8220;large&#8220; css=&#8220;.vc_custom_1523447330950{padding-left: 10px !important;}&#8220;][\/vc_column][\/vc_row][vc_row][vc_column width=&#8220;2\/3&#8243;][vc_column_text]<\/p>\n<div>\n<div>\n<p>F\u00fcr unsere Partner aus Ungarn \u00fcbernehmen wir in Kooperation mit der \u00f6sterreichischen <a href=\"https:\/\/www.ife-bulk.com\/de\/\" target=\"_blank\" rel=\"noopener\">IFE Aufbereitungstechnik GmbH<\/a> die Anfertigung, Inbetriebnahme und Wartungsarbeiten von Vibrationsf\u00f6rderger\u00e4ten.Seit mehr als 5 Jahren fertigen wir f\u00fcr unseren deutschen Partner geschwei\u00dfte Sicherheitsbauteile zu Personenhebemaschinen aus hochfestem Stahl im d\u00fcnnen und mittleren Blechdickenbereich.<\/p>\n<p>Wir verrichten unsere T\u00e4tigkeit so, da\u00df wir uns die Bedienung unserer Kunden in guter Qualit\u00e4t vor Augen halten, wozu jeder n\u00f6tige Produktionsfaktor zur Verf\u00fcgung steht. Wir entwickeln unsere Mittel &#8211; den Kundenanforderungen entsprechend &#8211; st\u00e4ndig. Unsere Gesellschaft verf\u00fcgt \u00fcber eine mehr als 4000 m2 gro\u00dfe Produktionshalle mit Kran. Wir legen gro\u00dfen Wert auf die Fortbildung unserer Mitarbeiter hinsichtlich Fachwissen, Qualit\u00e4tsbewu\u00dftsein und Kundenorientiertheit. Das Ergebnis der Teamarbeit ist die hervorragende Qualit\u00e4t und die hohe Kundenzufriedenheit.<\/p>\n<\/div>\n<\/div>\n<p>[\/vc_column_text][\/vc_column][vc_column width=&#8220;1\/3&#8243;][vc_single_image image=&#8220;3616&#8243; img_size=&#8220;large&#8220; css=&#8220;.vc_custom_1523447337243{padding-left: 10px !important;}&#8220;][\/vc_column][\/vc_row]<\/p>\n<\/div>","protected":false},"excerpt":{"rendered":"<p>[vc_row][vc_column width=&#8220;2\/3&#8243;][vc_column_text] Die Firma VEGS Kft ist ein 100-prozentig in ungarischem Privateigentum befindliches Unternehmen, wessen Rechtsvorg\u00e4nger in 1951 gegr\u00fcndet wurde. Unsere Firma ist schon ab 1972 auf dem westeurop\u00e4ischen Markt erschienen. Heutzutage haben wir mit zahlreichen Auftraggebern von uns eine Gesch\u00e4ftsbeziehung von mehreren Jahrzehnten. 95 % unseres Einkommens stammt aus Export. Eine Auflistung unserer Hauptkunden [&hellip;]<\/p>\n","protected":false},"author":1,"featured_media":0,"parent":3125,"menu_order":1,"comment_status":"closed","ping_status":"closed","template":"page-template\/left-sidebar.php","meta":{"footnotes":""},"class_list":["post-2887","page","type-page","status-publish","hentry"],"yoast_head":"<!-- This site is optimized with the Yoast SEO plugin v26.9 - https:\/\/yoast.com\/product\/yoast-seo-wordpress\/ -->\n<title>Vorstellung - VEGS Vasipari \u00e9s G\u00e9pgy\u00e1rt\u00f3 Kft.<\/title>\n<meta name=\"robots\" content=\"index, follow, max-snippet:-1, max-image-preview:large, max-video-preview:-1\" \/>\n<link rel=\"canonical\" href=\"https:\/\/vegs.hu\/de\/ueber-uns\/vorstellung\/\" \/>\n<meta property=\"og:locale\" content=\"de_DE\" \/>\n<meta property=\"og:type\" content=\"article\" \/>\n<meta property=\"og:title\" content=\"Vorstellung - VEGS Vasipari \u00e9s G\u00e9pgy\u00e1rt\u00f3 Kft.\" \/>\n<meta property=\"og:description\" content=\"[vc_row][vc_column width=&#8220;2\/3&#8243;][vc_column_text] Die Firma VEGS Kft ist ein 100-prozentig in ungarischem Privateigentum befindliches Unternehmen, wessen Rechtsvorg\u00e4nger in 1951 gegr\u00fcndet wurde. Unsere Firma ist schon ab 1972 auf dem westeurop\u00e4ischen Markt erschienen. Heutzutage haben wir mit zahlreichen Auftraggebern von uns eine Gesch\u00e4ftsbeziehung von mehreren Jahrzehnten. 95 % unseres Einkommens stammt aus Export. Eine Auflistung unserer Hauptkunden [&hellip;]\" \/>\n<meta property=\"og:url\" content=\"https:\/\/vegs.hu\/de\/ueber-uns\/vorstellung\/\" \/>\n<meta property=\"og:site_name\" content=\"VEGS Vasipari \u00e9s G\u00e9pgy\u00e1rt\u00f3 Kft.\" \/>\n<meta property=\"article:modified_time\" content=\"2018-04-11T11:49:09+00:00\" \/>\n<meta name=\"twitter:card\" content=\"summary_large_image\" \/>\n<meta name=\"twitter:label1\" content=\"Gesch\u00e4tzte Lesezeit\" \/>\n\t<meta name=\"twitter:data1\" content=\"2\u00a0Minuten\" \/>\n<script type=\"application\/ld+json\" class=\"yoast-schema-graph\">{\"@context\":\"https:\/\/schema.org\",\"@graph\":[{\"@type\":\"WebPage\",\"@id\":\"https:\/\/vegs.hu\/de\/ueber-uns\/vorstellung\/\",\"url\":\"https:\/\/vegs.hu\/de\/ueber-uns\/vorstellung\/\",\"name\":\"Vorstellung - VEGS Vasipari \u00e9s G\u00e9pgy\u00e1rt\u00f3 Kft.\",\"isPartOf\":{\"@id\":\"https:\/\/vegs.hu\/#website\"},\"datePublished\":\"2017-03-31T08:56:48+00:00\",\"dateModified\":\"2018-04-11T11:49:09+00:00\",\"breadcrumb\":{\"@id\":\"https:\/\/vegs.hu\/de\/ueber-uns\/vorstellung\/#breadcrumb\"},\"inLanguage\":\"de\",\"potentialAction\":[{\"@type\":\"ReadAction\",\"target\":[\"https:\/\/vegs.hu\/de\/ueber-uns\/vorstellung\/\"]}]},{\"@type\":\"BreadcrumbList\",\"@id\":\"https:\/\/vegs.hu\/de\/ueber-uns\/vorstellung\/#breadcrumb\",\"itemListElement\":[{\"@type\":\"ListItem\",\"position\":1,\"name\":\"Home\",\"item\":\"https:\/\/vegs.hu\/de\/\"},{\"@type\":\"ListItem\",\"position\":2,\"name\":\"\u00dcber uns\",\"item\":\"https:\/\/vegs.hu\/de\/ueber-uns\/\"},{\"@type\":\"ListItem\",\"position\":3,\"name\":\"Vorstellung\"}]},{\"@type\":\"WebSite\",\"@id\":\"https:\/\/vegs.hu\/#website\",\"url\":\"https:\/\/vegs.hu\/\",\"name\":\"VEGS Vasipari \u00e9s G\u00e9pgy\u00e1rt\u00f3 Kft.\",\"description\":\"Megb\u00edzhat\u00f3 partner a g\u00e9pgy\u00e1rt\u00e1sban\",\"publisher\":{\"@id\":\"https:\/\/vegs.hu\/#organization\"},\"potentialAction\":[{\"@type\":\"SearchAction\",\"target\":{\"@type\":\"EntryPoint\",\"urlTemplate\":\"https:\/\/vegs.hu\/?s={search_term_string}\"},\"query-input\":{\"@type\":\"PropertyValueSpecification\",\"valueRequired\":true,\"valueName\":\"search_term_string\"}}],\"inLanguage\":\"de\"},{\"@type\":\"Organization\",\"@id\":\"https:\/\/vegs.hu\/#organization\",\"name\":\"VEGS Vasipari \u00e9s G\u00e9pgy\u00e1rt\u00f3 Kft\",\"url\":\"https:\/\/vegs.hu\/\",\"logo\":{\"@type\":\"ImageObject\",\"inLanguage\":\"de\",\"@id\":\"https:\/\/vegs.hu\/#\/schema\/logo\/image\/\",\"url\":\"https:\/\/vegs.hu\/wp-content\/uploads\/2022\/06\/vegs-logo-web.png\",\"contentUrl\":\"https:\/\/vegs.hu\/wp-content\/uploads\/2022\/06\/vegs-logo-web.png\",\"width\":105,\"height\":70,\"caption\":\"VEGS Vasipari \u00e9s G\u00e9pgy\u00e1rt\u00f3 Kft\"},\"image\":{\"@id\":\"https:\/\/vegs.hu\/#\/schema\/logo\/image\/\"}}]}<\/script>\n<!-- \/ Yoast SEO plugin. -->","yoast_head_json":{"title":"Vorstellung - VEGS Vasipari \u00e9s G\u00e9pgy\u00e1rt\u00f3 Kft.","robots":{"index":"index","follow":"follow","max-snippet":"max-snippet:-1","max-image-preview":"max-image-preview:large","max-video-preview":"max-video-preview:-1"},"canonical":"https:\/\/vegs.hu\/de\/ueber-uns\/vorstellung\/","og_locale":"de_DE","og_type":"article","og_title":"Vorstellung - VEGS Vasipari \u00e9s G\u00e9pgy\u00e1rt\u00f3 Kft.","og_description":"[vc_row][vc_column width=&#8220;2\/3&#8243;][vc_column_text] Die Firma VEGS Kft ist ein 100-prozentig in ungarischem Privateigentum befindliches Unternehmen, wessen Rechtsvorg\u00e4nger in 1951 gegr\u00fcndet wurde. Unsere Firma ist schon ab 1972 auf dem westeurop\u00e4ischen Markt erschienen. Heutzutage haben wir mit zahlreichen Auftraggebern von uns eine Gesch\u00e4ftsbeziehung von mehreren Jahrzehnten. 95 % unseres Einkommens stammt aus Export. Eine Auflistung unserer Hauptkunden [&hellip;]","og_url":"https:\/\/vegs.hu\/de\/ueber-uns\/vorstellung\/","og_site_name":"VEGS Vasipari \u00e9s G\u00e9pgy\u00e1rt\u00f3 Kft.","article_modified_time":"2018-04-11T11:49:09+00:00","twitter_card":"summary_large_image","twitter_misc":{"Gesch\u00e4tzte Lesezeit":"2\u00a0Minuten"},"schema":{"@context":"https:\/\/schema.org","@graph":[{"@type":"WebPage","@id":"https:\/\/vegs.hu\/de\/ueber-uns\/vorstellung\/","url":"https:\/\/vegs.hu\/de\/ueber-uns\/vorstellung\/","name":"Vorstellung - VEGS Vasipari \u00e9s G\u00e9pgy\u00e1rt\u00f3 Kft.","isPartOf":{"@id":"https:\/\/vegs.hu\/#website"},"datePublished":"2017-03-31T08:56:48+00:00","dateModified":"2018-04-11T11:49:09+00:00","breadcrumb":{"@id":"https:\/\/vegs.hu\/de\/ueber-uns\/vorstellung\/#breadcrumb"},"inLanguage":"de","potentialAction":[{"@type":"ReadAction","target":["https:\/\/vegs.hu\/de\/ueber-uns\/vorstellung\/"]}]},{"@type":"BreadcrumbList","@id":"https:\/\/vegs.hu\/de\/ueber-uns\/vorstellung\/#breadcrumb","itemListElement":[{"@type":"ListItem","position":1,"name":"Home","item":"https:\/\/vegs.hu\/de\/"},{"@type":"ListItem","position":2,"name":"\u00dcber uns","item":"https:\/\/vegs.hu\/de\/ueber-uns\/"},{"@type":"ListItem","position":3,"name":"Vorstellung"}]},{"@type":"WebSite","@id":"https:\/\/vegs.hu\/#website","url":"https:\/\/vegs.hu\/","name":"VEGS Vasipari \u00e9s G\u00e9pgy\u00e1rt\u00f3 Kft.","description":"Megb\u00edzhat\u00f3 partner a g\u00e9pgy\u00e1rt\u00e1sban","publisher":{"@id":"https:\/\/vegs.hu\/#organization"},"potentialAction":[{"@type":"SearchAction","target":{"@type":"EntryPoint","urlTemplate":"https:\/\/vegs.hu\/?s={search_term_string}"},"query-input":{"@type":"PropertyValueSpecification","valueRequired":true,"valueName":"search_term_string"}}],"inLanguage":"de"},{"@type":"Organization","@id":"https:\/\/vegs.hu\/#organization","name":"VEGS Vasipari \u00e9s G\u00e9pgy\u00e1rt\u00f3 Kft","url":"https:\/\/vegs.hu\/","logo":{"@type":"ImageObject","inLanguage":"de","@id":"https:\/\/vegs.hu\/#\/schema\/logo\/image\/","url":"https:\/\/vegs.hu\/wp-content\/uploads\/2022\/06\/vegs-logo-web.png","contentUrl":"https:\/\/vegs.hu\/wp-content\/uploads\/2022\/06\/vegs-logo-web.png","width":105,"height":70,"caption":"VEGS Vasipari \u00e9s G\u00e9pgy\u00e1rt\u00f3 Kft"},"image":{"@id":"https:\/\/vegs.hu\/#\/schema\/logo\/image\/"}}]}},"_links":{"self":[{"href":"https:\/\/vegs.hu\/de\/wp-json\/wp\/v2\/pages\/2887","targetHints":{"allow":["GET"]}}],"collection":[{"href":"https:\/\/vegs.hu\/de\/wp-json\/wp\/v2\/pages"}],"about":[{"href":"https:\/\/vegs.hu\/de\/wp-json\/wp\/v2\/types\/page"}],"author":[{"embeddable":true,"href":"https:\/\/vegs.hu\/de\/wp-json\/wp\/v2\/users\/1"}],"replies":[{"embeddable":true,"href":"https:\/\/vegs.hu\/de\/wp-json\/wp\/v2\/comments?post=2887"}],"version-history":[{"count":0,"href":"https:\/\/vegs.hu\/de\/wp-json\/wp\/v2\/pages\/2887\/revisions"}],"up":[{"embeddable":true,"href":"https:\/\/vegs.hu\/de\/wp-json\/wp\/v2\/pages\/3125"}],"wp:attachment":[{"href":"https:\/\/vegs.hu\/de\/wp-json\/wp\/v2\/media?parent=2887"}],"curies":[{"name":"wp","href":"https:\/\/api.w.org\/{rel}","templated":true}]}}