{"id":3039,"date":"2017-03-31T10:32:31","date_gmt":"2017-03-31T08:32:31","guid":{"rendered":"http:\/\/www.webkovacs.hu\/vegs\/dienstleistungen\/hegesztett-forgacsolt-gepalkatreszek-gyartasa\/"},"modified":"2019-10-25T11:50:43","modified_gmt":"2019-10-25T09:50:43","slug":"fertigung-von-geschweissten-mechanisch-bearbeiteten-teilen-maschinenteilen","status":"publish","type":"page","link":"https:\/\/vegs.hu\/de\/dienstleistungen\/fertigung-von-geschweissten-mechanisch-bearbeiteten-teilen-maschinenteilen\/","title":{"rendered":"Fertigung von geschwei\u00dften, mechanisch bearbeiteten Teilen, Maschinenteilen"},"content":{"rendered":"<div class=\"wpb-content-wrapper\"><p>[vc_row css=&#8220;.vc_custom_1491829745790{padding-bottom: 40px !important;}&#8220;][vc_column][vc_row_inner][vc_column_inner][vc_column_text]Unser Unternehmen ist seit mehreren Jahrzehnten Zulieferer von zahlreichen Firmen in Westeuropa. Wir bem\u00fchen uns mit unseren Auftraggebern eine langzeitige, korrekte Partnerschaft zu gestalten und aufrecht zu erhalten. Unser Hauptprofil ist die Anfertigung von geschwei\u00dften, spanabhebend bearbeiteten Maschinenteilen anhand Kundendokumentationen, Spezifikationen. Unsere hochgradige Flexibilit\u00e4t erm\u00f6glicht es kurze Liefertermine zu erreichen, neben Erhaltung der qualitativen Vorschriften, sogar im Falle von Einzelfertigung und im Falle von Fertigung von Kleinserien.[\/vc_column_text][vc_btn title=&#8220;Fordern Sie unser Angebot an!&#8220; style=&#8220;flat&#8220; shape=&#8220;square&#8220; color=&#8220;primary&#8220; size=&#8220;sm&#8220; link=&#8220;url:%2Fde%2Fkontakt%2Fnachricht-schicken%2F|||&#8220;][\/vc_column_inner][\/vc_row_inner][vc_row_inner][vc_column_inner width=&#8220;7\/12&#8243;][vc_column_text]Unsere Gesellschaft verf\u00fcgt \u00fcber eine mehr als 4000 m2 gro\u00dfe Produktionshalle mit Kran. Maximale Abmessung des herstellbaren Arbeitsst\u00fcckes: 4,6 m x 4 m x ca.15 m. Die Bewegung der Teile in der Schlo\u00dferei, Schwei\u00dferei ist bis 10 Tonnen gel\u00f6st.<br \/>\nDie Produktion-Arbeitsvorbereitung und die Kontaktpflege mit den Kunden wird von unseren Fremdsprachen sprechenden Fachpersonen verrichtet.<br \/>\nWir gew\u00e4hren unseren Kunden den vollst\u00e4ndigen Vorgang des Maschinenbaus, von der Materialbestellung bis zur Verpackung. Die spanabhebende Bearbeitung von gr\u00f6\u00dferen Teilen wird von der Firma <a href=\"http:\/\/www.antalforgacsolo.hu\/\" target=\"_blank\" rel=\"noopener noreferrer\">Antal Forg\u00e1csol\u00f3 Kft.<\/a> ausgef\u00fchrt, welche zur selben Eigent\u00fcmerkreis geh\u00f6rt. Zur Durchf\u00fchrung sonstiger speziellen Arbeitsg\u00e4nge wie z.B. W\u00e4rmebehandlung, Pulverbeschichtung, galvanische- und Feuerverzinkung nehmen wir Subunternehmer in Anspruch.[\/vc_column_text][\/vc_column_inner][vc_column_inner width=&#8220;5\/12&#8243;][vc_single_image image=&#8220;3442&#8243; img_size=&#8220;medium&#8220; alignment=&#8220;center&#8220; onclick=&#8220;link_image&#8220;][\/vc_column_inner][\/vc_row_inner][vc_row_inner][vc_column_inner width=&#8220;5\/12&#8243;][vc_single_image image=&#8220;3443&#8243; img_size=&#8220;medium&#8220; onclick=&#8220;link_image&#8220;][\/vc_column_inner][vc_column_inner width=&#8220;7\/12&#8243;][vc_column_text]Die Arbeit unserer zertifizierten Schwei\u00dfer wird von unserem Schwei\u00dffachingenieur beaufsichtigt. Unser Unternehmen ist neben den normalen strukturellen Materialqualit\u00e4ten f\u00fcr die Anfertigung von geschwei\u00dften Konstruktionen aus hochfestem Feinkornstahl zertifiziert. F\u00fcr unseren deutschen Partner fertigen wir h\u00f6chstpr\u00e4zise Sicherheitsbauteile zu Hubarbeitsb\u00fchnen aus Materialien S690, S700, S960 im Blechbereich 2-30 mm.<br \/>\nWir \u00fcbernehmen die Bearbeitung auch von rostfreien Materialien und von Materialien von hoher Verschlei\u00dfbest\u00e4ndigkeit, wie zum Beispiel HARDOX.[\/vc_column_text][\/vc_column_inner][\/vc_row_inner][vc_column_text]Die Fertigprodukte werden nach der Endkontrolle inklusive der QS-Dokumentation geliefert.[\/vc_column_text][\/vc_column][\/vc_row]<\/p>\n<\/div>","protected":false},"excerpt":{"rendered":"<p>[vc_row css=&#8220;.vc_custom_1491829745790{padding-bottom: 40px !important;}&#8220;][vc_column][vc_row_inner][vc_column_inner][vc_column_text]Unser Unternehmen ist seit mehreren Jahrzehnten Zulieferer von zahlreichen Firmen in Westeuropa. Wir bem\u00fchen uns mit unseren Auftraggebern eine langzeitige, korrekte Partnerschaft zu gestalten und aufrecht zu erhalten. Unser Hauptprofil ist die Anfertigung von geschwei\u00dften, spanabhebend bearbeiteten Maschinenteilen anhand Kundendokumentationen, Spezifikationen. Unsere hochgradige Flexibilit\u00e4t erm\u00f6glicht es kurze Liefertermine zu erreichen, neben Erhaltung [&hellip;]<\/p>\n","protected":false},"author":1,"featured_media":0,"parent":2580,"menu_order":1,"comment_status":"closed","ping_status":"closed","template":"page-template\/left-sidebar.php","meta":{"footnotes":""},"class_list":["post-3039","page","type-page","status-publish","hentry"],"yoast_head":"<!-- This site is optimized with the Yoast SEO plugin v26.9 - https:\/\/yoast.com\/product\/yoast-seo-wordpress\/ -->\n<title>Fertigung von geschwei\u00dften, mechanisch bearbeiteten Teilen, Maschinenteilen - VEGS Vasipari \u00e9s G\u00e9pgy\u00e1rt\u00f3 Kft.<\/title>\n<meta name=\"robots\" content=\"index, follow, max-snippet:-1, max-image-preview:large, max-video-preview:-1\" \/>\n<link rel=\"canonical\" href=\"https:\/\/vegs.hu\/de\/dienstleistungen\/fertigung-von-geschweissten-mechanisch-bearbeiteten-teilen-maschinenteilen\/\" \/>\n<meta property=\"og:locale\" content=\"de_DE\" \/>\n<meta property=\"og:type\" content=\"article\" \/>\n<meta property=\"og:title\" content=\"Fertigung von geschwei\u00dften, mechanisch bearbeiteten Teilen, Maschinenteilen - VEGS Vasipari \u00e9s G\u00e9pgy\u00e1rt\u00f3 Kft.\" \/>\n<meta property=\"og:description\" content=\"[vc_row css=&#8220;.vc_custom_1491829745790{padding-bottom: 40px !important;}&#8220;][vc_column][vc_row_inner][vc_column_inner][vc_column_text]Unser Unternehmen ist seit mehreren Jahrzehnten Zulieferer von zahlreichen Firmen in Westeuropa. Wir bem\u00fchen uns mit unseren Auftraggebern eine langzeitige, korrekte Partnerschaft zu gestalten und aufrecht zu erhalten. Unser Hauptprofil ist die Anfertigung von geschwei\u00dften, spanabhebend bearbeiteten Maschinenteilen anhand Kundendokumentationen, Spezifikationen. Unsere hochgradige Flexibilit\u00e4t erm\u00f6glicht es kurze Liefertermine zu erreichen, neben Erhaltung [&hellip;]\" \/>\n<meta property=\"og:url\" content=\"https:\/\/vegs.hu\/de\/dienstleistungen\/fertigung-von-geschweissten-mechanisch-bearbeiteten-teilen-maschinenteilen\/\" \/>\n<meta property=\"og:site_name\" content=\"VEGS Vasipari \u00e9s G\u00e9pgy\u00e1rt\u00f3 Kft.\" \/>\n<meta property=\"article:modified_time\" content=\"2019-10-25T09:50:43+00:00\" \/>\n<meta name=\"twitter:card\" content=\"summary_large_image\" \/>\n<meta name=\"twitter:label1\" content=\"Gesch\u00e4tzte Lesezeit\" \/>\n\t<meta name=\"twitter:data1\" content=\"2\u00a0Minuten\" \/>\n<script type=\"application\/ld+json\" class=\"yoast-schema-graph\">{\"@context\":\"https:\/\/schema.org\",\"@graph\":[{\"@type\":\"WebPage\",\"@id\":\"https:\/\/vegs.hu\/de\/dienstleistungen\/fertigung-von-geschweissten-mechanisch-bearbeiteten-teilen-maschinenteilen\/\",\"url\":\"https:\/\/vegs.hu\/de\/dienstleistungen\/fertigung-von-geschweissten-mechanisch-bearbeiteten-teilen-maschinenteilen\/\",\"name\":\"Fertigung von geschwei\u00dften, mechanisch bearbeiteten Teilen, Maschinenteilen - VEGS Vasipari \u00e9s G\u00e9pgy\u00e1rt\u00f3 Kft.\",\"isPartOf\":{\"@id\":\"https:\/\/vegs.hu\/#website\"},\"datePublished\":\"2017-03-31T08:32:31+00:00\",\"dateModified\":\"2019-10-25T09:50:43+00:00\",\"breadcrumb\":{\"@id\":\"https:\/\/vegs.hu\/de\/dienstleistungen\/fertigung-von-geschweissten-mechanisch-bearbeiteten-teilen-maschinenteilen\/#breadcrumb\"},\"inLanguage\":\"de\",\"potentialAction\":[{\"@type\":\"ReadAction\",\"target\":[\"https:\/\/vegs.hu\/de\/dienstleistungen\/fertigung-von-geschweissten-mechanisch-bearbeiteten-teilen-maschinenteilen\/\"]}]},{\"@type\":\"BreadcrumbList\",\"@id\":\"https:\/\/vegs.hu\/de\/dienstleistungen\/fertigung-von-geschweissten-mechanisch-bearbeiteten-teilen-maschinenteilen\/#breadcrumb\",\"itemListElement\":[{\"@type\":\"ListItem\",\"position\":1,\"name\":\"Home\",\"item\":\"https:\/\/vegs.hu\/de\/\"},{\"@type\":\"ListItem\",\"position\":2,\"name\":\"Dienstleistungen\",\"item\":\"https:\/\/vegs.hu\/de\/dienstleistungen\/\"},{\"@type\":\"ListItem\",\"position\":3,\"name\":\"Fertigung von geschwei\u00dften, mechanisch bearbeiteten Teilen, Maschinenteilen\"}]},{\"@type\":\"WebSite\",\"@id\":\"https:\/\/vegs.hu\/#website\",\"url\":\"https:\/\/vegs.hu\/\",\"name\":\"VEGS Vasipari \u00e9s G\u00e9pgy\u00e1rt\u00f3 Kft.\",\"description\":\"Megb\u00edzhat\u00f3 partner a g\u00e9pgy\u00e1rt\u00e1sban\",\"publisher\":{\"@id\":\"https:\/\/vegs.hu\/#organization\"},\"potentialAction\":[{\"@type\":\"SearchAction\",\"target\":{\"@type\":\"EntryPoint\",\"urlTemplate\":\"https:\/\/vegs.hu\/?s={search_term_string}\"},\"query-input\":{\"@type\":\"PropertyValueSpecification\",\"valueRequired\":true,\"valueName\":\"search_term_string\"}}],\"inLanguage\":\"de\"},{\"@type\":\"Organization\",\"@id\":\"https:\/\/vegs.hu\/#organization\",\"name\":\"VEGS Vasipari \u00e9s G\u00e9pgy\u00e1rt\u00f3 Kft\",\"url\":\"https:\/\/vegs.hu\/\",\"logo\":{\"@type\":\"ImageObject\",\"inLanguage\":\"de\",\"@id\":\"https:\/\/vegs.hu\/#\/schema\/logo\/image\/\",\"url\":\"https:\/\/vegs.hu\/wp-content\/uploads\/2022\/06\/vegs-logo-web.png\",\"contentUrl\":\"https:\/\/vegs.hu\/wp-content\/uploads\/2022\/06\/vegs-logo-web.png\",\"width\":105,\"height\":70,\"caption\":\"VEGS Vasipari \u00e9s G\u00e9pgy\u00e1rt\u00f3 Kft\"},\"image\":{\"@id\":\"https:\/\/vegs.hu\/#\/schema\/logo\/image\/\"}}]}<\/script>\n<!-- \/ Yoast SEO plugin. -->","yoast_head_json":{"title":"Fertigung von geschwei\u00dften, mechanisch bearbeiteten Teilen, Maschinenteilen - VEGS Vasipari \u00e9s G\u00e9pgy\u00e1rt\u00f3 Kft.","robots":{"index":"index","follow":"follow","max-snippet":"max-snippet:-1","max-image-preview":"max-image-preview:large","max-video-preview":"max-video-preview:-1"},"canonical":"https:\/\/vegs.hu\/de\/dienstleistungen\/fertigung-von-geschweissten-mechanisch-bearbeiteten-teilen-maschinenteilen\/","og_locale":"de_DE","og_type":"article","og_title":"Fertigung von geschwei\u00dften, mechanisch bearbeiteten Teilen, Maschinenteilen - VEGS Vasipari \u00e9s G\u00e9pgy\u00e1rt\u00f3 Kft.","og_description":"[vc_row css=&#8220;.vc_custom_1491829745790{padding-bottom: 40px !important;}&#8220;][vc_column][vc_row_inner][vc_column_inner][vc_column_text]Unser Unternehmen ist seit mehreren Jahrzehnten Zulieferer von zahlreichen Firmen in Westeuropa. Wir bem\u00fchen uns mit unseren Auftraggebern eine langzeitige, korrekte Partnerschaft zu gestalten und aufrecht zu erhalten. Unser Hauptprofil ist die Anfertigung von geschwei\u00dften, spanabhebend bearbeiteten Maschinenteilen anhand Kundendokumentationen, Spezifikationen. Unsere hochgradige Flexibilit\u00e4t erm\u00f6glicht es kurze Liefertermine zu erreichen, neben Erhaltung [&hellip;]","og_url":"https:\/\/vegs.hu\/de\/dienstleistungen\/fertigung-von-geschweissten-mechanisch-bearbeiteten-teilen-maschinenteilen\/","og_site_name":"VEGS Vasipari \u00e9s G\u00e9pgy\u00e1rt\u00f3 Kft.","article_modified_time":"2019-10-25T09:50:43+00:00","twitter_card":"summary_large_image","twitter_misc":{"Gesch\u00e4tzte Lesezeit":"2\u00a0Minuten"},"schema":{"@context":"https:\/\/schema.org","@graph":[{"@type":"WebPage","@id":"https:\/\/vegs.hu\/de\/dienstleistungen\/fertigung-von-geschweissten-mechanisch-bearbeiteten-teilen-maschinenteilen\/","url":"https:\/\/vegs.hu\/de\/dienstleistungen\/fertigung-von-geschweissten-mechanisch-bearbeiteten-teilen-maschinenteilen\/","name":"Fertigung von geschwei\u00dften, mechanisch bearbeiteten Teilen, Maschinenteilen - VEGS Vasipari \u00e9s G\u00e9pgy\u00e1rt\u00f3 Kft.","isPartOf":{"@id":"https:\/\/vegs.hu\/#website"},"datePublished":"2017-03-31T08:32:31+00:00","dateModified":"2019-10-25T09:50:43+00:00","breadcrumb":{"@id":"https:\/\/vegs.hu\/de\/dienstleistungen\/fertigung-von-geschweissten-mechanisch-bearbeiteten-teilen-maschinenteilen\/#breadcrumb"},"inLanguage":"de","potentialAction":[{"@type":"ReadAction","target":["https:\/\/vegs.hu\/de\/dienstleistungen\/fertigung-von-geschweissten-mechanisch-bearbeiteten-teilen-maschinenteilen\/"]}]},{"@type":"BreadcrumbList","@id":"https:\/\/vegs.hu\/de\/dienstleistungen\/fertigung-von-geschweissten-mechanisch-bearbeiteten-teilen-maschinenteilen\/#breadcrumb","itemListElement":[{"@type":"ListItem","position":1,"name":"Home","item":"https:\/\/vegs.hu\/de\/"},{"@type":"ListItem","position":2,"name":"Dienstleistungen","item":"https:\/\/vegs.hu\/de\/dienstleistungen\/"},{"@type":"ListItem","position":3,"name":"Fertigung von geschwei\u00dften, mechanisch bearbeiteten Teilen, Maschinenteilen"}]},{"@type":"WebSite","@id":"https:\/\/vegs.hu\/#website","url":"https:\/\/vegs.hu\/","name":"VEGS Vasipari \u00e9s G\u00e9pgy\u00e1rt\u00f3 Kft.","description":"Megb\u00edzhat\u00f3 partner a g\u00e9pgy\u00e1rt\u00e1sban","publisher":{"@id":"https:\/\/vegs.hu\/#organization"},"potentialAction":[{"@type":"SearchAction","target":{"@type":"EntryPoint","urlTemplate":"https:\/\/vegs.hu\/?s={search_term_string}"},"query-input":{"@type":"PropertyValueSpecification","valueRequired":true,"valueName":"search_term_string"}}],"inLanguage":"de"},{"@type":"Organization","@id":"https:\/\/vegs.hu\/#organization","name":"VEGS Vasipari \u00e9s G\u00e9pgy\u00e1rt\u00f3 Kft","url":"https:\/\/vegs.hu\/","logo":{"@type":"ImageObject","inLanguage":"de","@id":"https:\/\/vegs.hu\/#\/schema\/logo\/image\/","url":"https:\/\/vegs.hu\/wp-content\/uploads\/2022\/06\/vegs-logo-web.png","contentUrl":"https:\/\/vegs.hu\/wp-content\/uploads\/2022\/06\/vegs-logo-web.png","width":105,"height":70,"caption":"VEGS Vasipari \u00e9s G\u00e9pgy\u00e1rt\u00f3 Kft"},"image":{"@id":"https:\/\/vegs.hu\/#\/schema\/logo\/image\/"}}]}},"_links":{"self":[{"href":"https:\/\/vegs.hu\/de\/wp-json\/wp\/v2\/pages\/3039","targetHints":{"allow":["GET"]}}],"collection":[{"href":"https:\/\/vegs.hu\/de\/wp-json\/wp\/v2\/pages"}],"about":[{"href":"https:\/\/vegs.hu\/de\/wp-json\/wp\/v2\/types\/page"}],"author":[{"embeddable":true,"href":"https:\/\/vegs.hu\/de\/wp-json\/wp\/v2\/users\/1"}],"replies":[{"embeddable":true,"href":"https:\/\/vegs.hu\/de\/wp-json\/wp\/v2\/comments?post=3039"}],"version-history":[{"count":1,"href":"https:\/\/vegs.hu\/de\/wp-json\/wp\/v2\/pages\/3039\/revisions"}],"predecessor-version":[{"id":4248,"href":"https:\/\/vegs.hu\/de\/wp-json\/wp\/v2\/pages\/3039\/revisions\/4248"}],"up":[{"embeddable":true,"href":"https:\/\/vegs.hu\/de\/wp-json\/wp\/v2\/pages\/2580"}],"wp:attachment":[{"href":"https:\/\/vegs.hu\/de\/wp-json\/wp\/v2\/media?parent=3039"}],"curies":[{"name":"wp","href":"https:\/\/api.w.org\/{rel}","templated":true}]}}