{"id":3051,"date":"2017-03-31T10:34:53","date_gmt":"2017-03-31T08:34:53","guid":{"rendered":"http:\/\/www.webkovacs.hu\/vegs\/dienstleistungen\/szemcseszoras\/"},"modified":"2019-10-25T11:53:47","modified_gmt":"2019-10-25T09:53:47","slug":"metallkornstrahlen","status":"publish","type":"page","link":"https:\/\/vegs.hu\/de\/dienstleistungen\/metallkornstrahlen\/","title":{"rendered":"Metallkornstrahlen"},"content":{"rendered":"<div class=\"wpb-content-wrapper\"><p>[vc_row][vc_column][vc_column_text]Wir \u00fcbernehmen die Reinigung von Stahlteilen mit Zunder und die Reinigung von korrodierten, lackierten Stahlteilen durch Stahlschrot-Strahlen. Unsere Durchgangsystem-Strahlanlage ist zur Reinigung von Langmaterialien, Blechtafeln und von kleineren Teilen geeignet. Maximale Abmessungen der Arbeitsst\u00fccken: 6 m x 1,5 m x 0,4 m.[\/vc_column_text][vc_row_inner][vc_column_inner width=&#8220;1\/2&#8243;][vc_column_text]Unsere Handstrahlkabine ist mit einem automatischen Strahlmittel-R\u00fcckf\u00f6rder \u2013und Reinigungssystem ausger\u00fcstet und mit Entl\u00fcftungssystem.<br \/>\nDie maximale Abmessung des strahlbaren Arbeitsst\u00fcckes: 6 m x 3 m x 1,5 m. Erreichbarer Reinheitsgrad: SA2,5.[\/vc_column_text][vc_btn title=&#8220;Fordern Sie unser Angebot an!&#8220; style=&#8220;flat&#8220; shape=&#8220;square&#8220; color=&#8220;primary&#8220; size=&#8220;sm&#8220; link=&#8220;url:%2Fde%2Fkontakt%2Fnachricht-schicken%2F|||&#8220;][\/vc_column_inner][vc_column_inner width=&#8220;1\/2&#8243;][vc_single_image image=&#8220;3444&#8243; img_size=&#8220;medium&#8220; alignment=&#8220;right&#8220; onclick=&#8220;link_image&#8220;][\/vc_column_inner][\/vc_row_inner][\/vc_column][\/vc_row]<\/p>\n<\/div>","protected":false},"excerpt":{"rendered":"<p>[vc_row][vc_column][vc_column_text]Wir \u00fcbernehmen die Reinigung von Stahlteilen mit Zunder und die Reinigung von korrodierten, lackierten Stahlteilen durch Stahlschrot-Strahlen. Unsere Durchgangsystem-Strahlanlage ist zur Reinigung von Langmaterialien, Blechtafeln und von kleineren Teilen geeignet. Maximale Abmessungen der Arbeitsst\u00fccken: 6 m x 1,5 m x 0,4 m.[\/vc_column_text][vc_row_inner][vc_column_inner width=&#8220;1\/2&#8243;][vc_column_text]Unsere Handstrahlkabine ist mit einem automatischen Strahlmittel-R\u00fcckf\u00f6rder \u2013und Reinigungssystem ausger\u00fcstet und mit Entl\u00fcftungssystem. [&hellip;]<\/p>\n","protected":false},"author":1,"featured_media":0,"parent":2580,"menu_order":4,"comment_status":"closed","ping_status":"closed","template":"page-template\/left-sidebar.php","meta":{"footnotes":""},"class_list":["post-3051","page","type-page","status-publish","hentry"],"yoast_head":"<!-- This site is optimized with the Yoast SEO plugin v26.9 - https:\/\/yoast.com\/product\/yoast-seo-wordpress\/ -->\n<title>Metallkornstrahlen - VEGS Vasipari \u00e9s G\u00e9pgy\u00e1rt\u00f3 Kft.<\/title>\n<meta name=\"robots\" content=\"index, follow, max-snippet:-1, max-image-preview:large, max-video-preview:-1\" \/>\n<link rel=\"canonical\" href=\"https:\/\/vegs.hu\/de\/dienstleistungen\/metallkornstrahlen\/\" \/>\n<meta property=\"og:locale\" content=\"de_DE\" \/>\n<meta property=\"og:type\" content=\"article\" \/>\n<meta property=\"og:title\" content=\"Metallkornstrahlen - VEGS Vasipari \u00e9s G\u00e9pgy\u00e1rt\u00f3 Kft.\" \/>\n<meta property=\"og:description\" content=\"[vc_row][vc_column][vc_column_text]Wir \u00fcbernehmen die Reinigung von Stahlteilen mit Zunder und die Reinigung von korrodierten, lackierten Stahlteilen durch Stahlschrot-Strahlen. Unsere Durchgangsystem-Strahlanlage ist zur Reinigung von Langmaterialien, Blechtafeln und von kleineren Teilen geeignet. Maximale Abmessungen der Arbeitsst\u00fccken: 6 m x 1,5 m x 0,4 m.[\/vc_column_text][vc_row_inner][vc_column_inner width=&#8220;1\/2&#8243;][vc_column_text]Unsere Handstrahlkabine ist mit einem automatischen Strahlmittel-R\u00fcckf\u00f6rder \u2013und Reinigungssystem ausger\u00fcstet und mit Entl\u00fcftungssystem. [&hellip;]\" \/>\n<meta property=\"og:url\" content=\"https:\/\/vegs.hu\/de\/dienstleistungen\/metallkornstrahlen\/\" \/>\n<meta property=\"og:site_name\" content=\"VEGS Vasipari \u00e9s G\u00e9pgy\u00e1rt\u00f3 Kft.\" \/>\n<meta property=\"article:modified_time\" content=\"2019-10-25T09:53:47+00:00\" \/>\n<meta name=\"twitter:card\" content=\"summary_large_image\" \/>\n<meta name=\"twitter:label1\" content=\"Gesch\u00e4tzte Lesezeit\" \/>\n\t<meta name=\"twitter:data1\" content=\"1\u00a0Minute\" \/>\n<script type=\"application\/ld+json\" class=\"yoast-schema-graph\">{\"@context\":\"https:\/\/schema.org\",\"@graph\":[{\"@type\":\"WebPage\",\"@id\":\"https:\/\/vegs.hu\/de\/dienstleistungen\/metallkornstrahlen\/\",\"url\":\"https:\/\/vegs.hu\/de\/dienstleistungen\/metallkornstrahlen\/\",\"name\":\"Metallkornstrahlen - VEGS Vasipari \u00e9s G\u00e9pgy\u00e1rt\u00f3 Kft.\",\"isPartOf\":{\"@id\":\"https:\/\/vegs.hu\/#website\"},\"datePublished\":\"2017-03-31T08:34:53+00:00\",\"dateModified\":\"2019-10-25T09:53:47+00:00\",\"breadcrumb\":{\"@id\":\"https:\/\/vegs.hu\/de\/dienstleistungen\/metallkornstrahlen\/#breadcrumb\"},\"inLanguage\":\"de\",\"potentialAction\":[{\"@type\":\"ReadAction\",\"target\":[\"https:\/\/vegs.hu\/de\/dienstleistungen\/metallkornstrahlen\/\"]}]},{\"@type\":\"BreadcrumbList\",\"@id\":\"https:\/\/vegs.hu\/de\/dienstleistungen\/metallkornstrahlen\/#breadcrumb\",\"itemListElement\":[{\"@type\":\"ListItem\",\"position\":1,\"name\":\"Home\",\"item\":\"https:\/\/vegs.hu\/de\/\"},{\"@type\":\"ListItem\",\"position\":2,\"name\":\"Dienstleistungen\",\"item\":\"https:\/\/vegs.hu\/de\/dienstleistungen\/\"},{\"@type\":\"ListItem\",\"position\":3,\"name\":\"Metallkornstrahlen\"}]},{\"@type\":\"WebSite\",\"@id\":\"https:\/\/vegs.hu\/#website\",\"url\":\"https:\/\/vegs.hu\/\",\"name\":\"VEGS Vasipari \u00e9s G\u00e9pgy\u00e1rt\u00f3 Kft.\",\"description\":\"Megb\u00edzhat\u00f3 partner a g\u00e9pgy\u00e1rt\u00e1sban\",\"publisher\":{\"@id\":\"https:\/\/vegs.hu\/#organization\"},\"potentialAction\":[{\"@type\":\"SearchAction\",\"target\":{\"@type\":\"EntryPoint\",\"urlTemplate\":\"https:\/\/vegs.hu\/?s={search_term_string}\"},\"query-input\":{\"@type\":\"PropertyValueSpecification\",\"valueRequired\":true,\"valueName\":\"search_term_string\"}}],\"inLanguage\":\"de\"},{\"@type\":\"Organization\",\"@id\":\"https:\/\/vegs.hu\/#organization\",\"name\":\"VEGS Vasipari \u00e9s G\u00e9pgy\u00e1rt\u00f3 Kft\",\"url\":\"https:\/\/vegs.hu\/\",\"logo\":{\"@type\":\"ImageObject\",\"inLanguage\":\"de\",\"@id\":\"https:\/\/vegs.hu\/#\/schema\/logo\/image\/\",\"url\":\"https:\/\/vegs.hu\/wp-content\/uploads\/2022\/06\/vegs-logo-web.png\",\"contentUrl\":\"https:\/\/vegs.hu\/wp-content\/uploads\/2022\/06\/vegs-logo-web.png\",\"width\":105,\"height\":70,\"caption\":\"VEGS Vasipari \u00e9s G\u00e9pgy\u00e1rt\u00f3 Kft\"},\"image\":{\"@id\":\"https:\/\/vegs.hu\/#\/schema\/logo\/image\/\"}}]}<\/script>\n<!-- \/ Yoast SEO plugin. -->","yoast_head_json":{"title":"Metallkornstrahlen - VEGS Vasipari \u00e9s G\u00e9pgy\u00e1rt\u00f3 Kft.","robots":{"index":"index","follow":"follow","max-snippet":"max-snippet:-1","max-image-preview":"max-image-preview:large","max-video-preview":"max-video-preview:-1"},"canonical":"https:\/\/vegs.hu\/de\/dienstleistungen\/metallkornstrahlen\/","og_locale":"de_DE","og_type":"article","og_title":"Metallkornstrahlen - VEGS Vasipari \u00e9s G\u00e9pgy\u00e1rt\u00f3 Kft.","og_description":"[vc_row][vc_column][vc_column_text]Wir \u00fcbernehmen die Reinigung von Stahlteilen mit Zunder und die Reinigung von korrodierten, lackierten Stahlteilen durch Stahlschrot-Strahlen. Unsere Durchgangsystem-Strahlanlage ist zur Reinigung von Langmaterialien, Blechtafeln und von kleineren Teilen geeignet. Maximale Abmessungen der Arbeitsst\u00fccken: 6 m x 1,5 m x 0,4 m.[\/vc_column_text][vc_row_inner][vc_column_inner width=&#8220;1\/2&#8243;][vc_column_text]Unsere Handstrahlkabine ist mit einem automatischen Strahlmittel-R\u00fcckf\u00f6rder \u2013und Reinigungssystem ausger\u00fcstet und mit Entl\u00fcftungssystem. [&hellip;]","og_url":"https:\/\/vegs.hu\/de\/dienstleistungen\/metallkornstrahlen\/","og_site_name":"VEGS Vasipari \u00e9s G\u00e9pgy\u00e1rt\u00f3 Kft.","article_modified_time":"2019-10-25T09:53:47+00:00","twitter_card":"summary_large_image","twitter_misc":{"Gesch\u00e4tzte Lesezeit":"1\u00a0Minute"},"schema":{"@context":"https:\/\/schema.org","@graph":[{"@type":"WebPage","@id":"https:\/\/vegs.hu\/de\/dienstleistungen\/metallkornstrahlen\/","url":"https:\/\/vegs.hu\/de\/dienstleistungen\/metallkornstrahlen\/","name":"Metallkornstrahlen - VEGS Vasipari \u00e9s G\u00e9pgy\u00e1rt\u00f3 Kft.","isPartOf":{"@id":"https:\/\/vegs.hu\/#website"},"datePublished":"2017-03-31T08:34:53+00:00","dateModified":"2019-10-25T09:53:47+00:00","breadcrumb":{"@id":"https:\/\/vegs.hu\/de\/dienstleistungen\/metallkornstrahlen\/#breadcrumb"},"inLanguage":"de","potentialAction":[{"@type":"ReadAction","target":["https:\/\/vegs.hu\/de\/dienstleistungen\/metallkornstrahlen\/"]}]},{"@type":"BreadcrumbList","@id":"https:\/\/vegs.hu\/de\/dienstleistungen\/metallkornstrahlen\/#breadcrumb","itemListElement":[{"@type":"ListItem","position":1,"name":"Home","item":"https:\/\/vegs.hu\/de\/"},{"@type":"ListItem","position":2,"name":"Dienstleistungen","item":"https:\/\/vegs.hu\/de\/dienstleistungen\/"},{"@type":"ListItem","position":3,"name":"Metallkornstrahlen"}]},{"@type":"WebSite","@id":"https:\/\/vegs.hu\/#website","url":"https:\/\/vegs.hu\/","name":"VEGS Vasipari \u00e9s G\u00e9pgy\u00e1rt\u00f3 Kft.","description":"Megb\u00edzhat\u00f3 partner a g\u00e9pgy\u00e1rt\u00e1sban","publisher":{"@id":"https:\/\/vegs.hu\/#organization"},"potentialAction":[{"@type":"SearchAction","target":{"@type":"EntryPoint","urlTemplate":"https:\/\/vegs.hu\/?s={search_term_string}"},"query-input":{"@type":"PropertyValueSpecification","valueRequired":true,"valueName":"search_term_string"}}],"inLanguage":"de"},{"@type":"Organization","@id":"https:\/\/vegs.hu\/#organization","name":"VEGS Vasipari \u00e9s G\u00e9pgy\u00e1rt\u00f3 Kft","url":"https:\/\/vegs.hu\/","logo":{"@type":"ImageObject","inLanguage":"de","@id":"https:\/\/vegs.hu\/#\/schema\/logo\/image\/","url":"https:\/\/vegs.hu\/wp-content\/uploads\/2022\/06\/vegs-logo-web.png","contentUrl":"https:\/\/vegs.hu\/wp-content\/uploads\/2022\/06\/vegs-logo-web.png","width":105,"height":70,"caption":"VEGS Vasipari \u00e9s G\u00e9pgy\u00e1rt\u00f3 Kft"},"image":{"@id":"https:\/\/vegs.hu\/#\/schema\/logo\/image\/"}}]}},"_links":{"self":[{"href":"https:\/\/vegs.hu\/de\/wp-json\/wp\/v2\/pages\/3051","targetHints":{"allow":["GET"]}}],"collection":[{"href":"https:\/\/vegs.hu\/de\/wp-json\/wp\/v2\/pages"}],"about":[{"href":"https:\/\/vegs.hu\/de\/wp-json\/wp\/v2\/types\/page"}],"author":[{"embeddable":true,"href":"https:\/\/vegs.hu\/de\/wp-json\/wp\/v2\/users\/1"}],"replies":[{"embeddable":true,"href":"https:\/\/vegs.hu\/de\/wp-json\/wp\/v2\/comments?post=3051"}],"version-history":[{"count":1,"href":"https:\/\/vegs.hu\/de\/wp-json\/wp\/v2\/pages\/3051\/revisions"}],"predecessor-version":[{"id":4251,"href":"https:\/\/vegs.hu\/de\/wp-json\/wp\/v2\/pages\/3051\/revisions\/4251"}],"up":[{"embeddable":true,"href":"https:\/\/vegs.hu\/de\/wp-json\/wp\/v2\/pages\/2580"}],"wp:attachment":[{"href":"https:\/\/vegs.hu\/de\/wp-json\/wp\/v2\/media?parent=3051"}],"curies":[{"name":"wp","href":"https:\/\/api.w.org\/{rel}","templated":true}]}}