{"id":3103,"date":"2017-03-31T10:52:24","date_gmt":"2017-03-31T08:52:24","guid":{"rendered":"https:\/\/www.webkovacs.hu\/vegs\/qualitaet\/minosegellenorzes\/"},"modified":"2021-04-07T14:24:55","modified_gmt":"2021-04-07T12:24:55","slug":"qualitaetskontrolle","status":"publish","type":"page","link":"https:\/\/vegs.hu\/de\/qualitaet\/qualitaetskontrolle\/","title":{"rendered":"Qualit\u00e4tskontrolle"},"content":{"rendered":"<div class=\"wpb-content-wrapper\"><p>[vc_row 0=&#8220;&#8220;][vc_column][vc_column_text 0=&#8220;&#8220;]Die Firma VEGS strebt eine langfristige Gesch\u00e4ftsbeziehung mit ihren Kunden an. Das wichtigste Mittel zur praktischen Umsetzung ist die Herstellung von Qualit\u00e4tsprodukten, die den Kundenanforderungen vollkommen entsprechen, sowie die hochwertige Bedienung der Kunden. Mit der verl\u00e4\u00dflichen Qualit\u00e4t unserer Produkte haben wir die Anerkennung und Zufriedenheit unserer Auftraggeber erworben.[\/vc_column_text][\/vc_column][\/vc_row][vc_row gap=&#8220;15&#8243;][vc_column width=&#8220;1\/2&#8243;][vc_column_text]Unser Unternehmen entspricht den Anforderungen folgender, im Maschinenbau verwendeten, internationalen Normen:<\/p>\n<ul>\n<li>ISO 9001:2015<\/li>\n<li>DIN EN ISO 3834-2<\/li>\n<li>EN 1090-1<\/li>\n<li>EN 1090-2 EXC3<\/li>\n<\/ul>\n<p>[\/vc_column_text][\/vc_column][vc_column width=&#8220;1\/2&#8243;][vc_single_image image=&#8220;4356&#8243; img_size=&#8220;medium&#8220; alignment=&#8220;center&#8220;][\/vc_column][\/vc_row][vc_row][vc_column][vc_column_text]Wir entwickeln unser Qualit\u00e4tsmanagementsystem st\u00e4ndig weiter, wobei wir die wechselnden Anforderungen unserer Kunden verfolgen. Bei der Entwicklung der Qualit\u00e4t der hergestellten Produkte arbeiten wir aktiv mit unseren Auftraggebern zusammen. Wir f\u00f6rdern die Kentnisse unserer Mitarbeiter bez\u00fcglich der Produktqualit\u00e4t st\u00e4ndig. Wir legen gro\u00dfen Wert auf die Selbstkontrolle unserer Mitarbeiter, wessen Wirksamkeit durch regelm\u00e4\u00dfige Aus- und Weiterbildung sichergestellt wird.<br \/>\n[\/vc_column_text][\/vc_column][\/vc_row][vc_row gap=&#8220;15&#8243;][vc_column width=&#8220;1\/2&#8243;][vc_column_text]Die folgenden Schwei\u00dfnaht-Pr\u00fcfungen werden von unseren Fachkr\u00e4ften durchgef\u00fchrt und protokolliert, die nach MSZ EN ISO 9712 10 qualifiziert sind:<\/p>\n<ul>\n<li>Visuelle Pr\u00fcfung: VT1, VT2<\/li>\n<li>Penetrationspr\u00fcfung: PT1, PT2<\/li>\n<li>Magnetpulverpr\u00fcfung: MT1, MT2<\/li>\n<li>Ultraschallpr\u00fcfung<\/li>\n<\/ul>\n<p>[\/vc_column_text][\/vc_column][vc_column width=&#8220;1\/2&#8243;][vc_single_image image=&#8220;3545&#8243; img_size=&#8220;medium&#8220; alignment=&#8220;center&#8220;][\/vc_column][\/vc_row][vc_row][vc_column][vc_column_text]Es k\u00f6nnen ausschlie\u00dflich nur solche Produkte geliefert werden, die die Endkontrolle bestehen und den qualitativen Anforderungen in jeder Hinsicht entsprechen. Gleichzeitig wird der volle Bedarf an Qualit\u00e4tsdokumentationen, einschlie\u00dflich Materialzeugnisse, an den Auftraggeber gesendet.[\/vc_column_text][\/vc_column][\/vc_row]<\/p>\n<\/div>","protected":false},"excerpt":{"rendered":"<p>[vc_row 0=&#8220;&#8220;][vc_column][vc_column_text 0=&#8220;&#8220;]Die Firma VEGS strebt eine langfristige Gesch\u00e4ftsbeziehung mit ihren Kunden an. Das wichtigste Mittel zur praktischen Umsetzung ist die Herstellung von Qualit\u00e4tsprodukten, die den Kundenanforderungen vollkommen entsprechen, sowie die hochwertige Bedienung der Kunden. Mit der verl\u00e4\u00dflichen Qualit\u00e4t unserer Produkte haben wir die Anerkennung und Zufriedenheit unserer Auftraggeber erworben.[\/vc_column_text][\/vc_column][\/vc_row][vc_row gap=&#8220;15&#8243;][vc_column width=&#8220;1\/2&#8243;][vc_column_text]Unser Unternehmen entspricht den [&hellip;]<\/p>\n","protected":false},"author":1,"featured_media":0,"parent":2596,"menu_order":1,"comment_status":"closed","ping_status":"closed","template":"page-template\/left-sidebar.php","meta":{"footnotes":""},"class_list":["post-3103","page","type-page","status-publish","hentry"],"yoast_head":"<!-- This site is optimized with the Yoast SEO plugin v26.9 - https:\/\/yoast.com\/product\/yoast-seo-wordpress\/ -->\n<title>Qualit\u00e4tskontrolle - VEGS Vasipari \u00e9s G\u00e9pgy\u00e1rt\u00f3 Kft.<\/title>\n<meta name=\"robots\" content=\"index, follow, max-snippet:-1, max-image-preview:large, max-video-preview:-1\" \/>\n<link rel=\"canonical\" href=\"https:\/\/vegs.hu\/de\/qualitaet\/qualitaetskontrolle\/\" \/>\n<meta property=\"og:locale\" content=\"de_DE\" \/>\n<meta property=\"og:type\" content=\"article\" \/>\n<meta property=\"og:title\" content=\"Qualit\u00e4tskontrolle - VEGS Vasipari \u00e9s G\u00e9pgy\u00e1rt\u00f3 Kft.\" \/>\n<meta property=\"og:description\" content=\"[vc_row 0=&#8220;&#8220;][vc_column][vc_column_text 0=&#8220;&#8220;]Die Firma VEGS strebt eine langfristige Gesch\u00e4ftsbeziehung mit ihren Kunden an. Das wichtigste Mittel zur praktischen Umsetzung ist die Herstellung von Qualit\u00e4tsprodukten, die den Kundenanforderungen vollkommen entsprechen, sowie die hochwertige Bedienung der Kunden. Mit der verl\u00e4\u00dflichen Qualit\u00e4t unserer Produkte haben wir die Anerkennung und Zufriedenheit unserer Auftraggeber erworben.[\/vc_column_text][\/vc_column][\/vc_row][vc_row gap=&#8220;15&#8243;][vc_column width=&#8220;1\/2&#8243;][vc_column_text]Unser Unternehmen entspricht den [&hellip;]\" \/>\n<meta property=\"og:url\" content=\"https:\/\/vegs.hu\/de\/qualitaet\/qualitaetskontrolle\/\" \/>\n<meta property=\"og:site_name\" content=\"VEGS Vasipari \u00e9s G\u00e9pgy\u00e1rt\u00f3 Kft.\" \/>\n<meta property=\"article:modified_time\" content=\"2021-04-07T12:24:55+00:00\" \/>\n<meta name=\"twitter:card\" content=\"summary_large_image\" \/>\n<meta name=\"twitter:label1\" content=\"Gesch\u00e4tzte Lesezeit\" \/>\n\t<meta name=\"twitter:data1\" content=\"1\u00a0Minute\" \/>\n<script type=\"application\/ld+json\" class=\"yoast-schema-graph\">{\"@context\":\"https:\/\/schema.org\",\"@graph\":[{\"@type\":\"WebPage\",\"@id\":\"https:\/\/vegs.hu\/de\/qualitaet\/qualitaetskontrolle\/\",\"url\":\"https:\/\/vegs.hu\/de\/qualitaet\/qualitaetskontrolle\/\",\"name\":\"Qualit\u00e4tskontrolle - VEGS Vasipari \u00e9s G\u00e9pgy\u00e1rt\u00f3 Kft.\",\"isPartOf\":{\"@id\":\"https:\/\/vegs.hu\/#website\"},\"datePublished\":\"2017-03-31T08:52:24+00:00\",\"dateModified\":\"2021-04-07T12:24:55+00:00\",\"breadcrumb\":{\"@id\":\"https:\/\/vegs.hu\/de\/qualitaet\/qualitaetskontrolle\/#breadcrumb\"},\"inLanguage\":\"de\",\"potentialAction\":[{\"@type\":\"ReadAction\",\"target\":[\"https:\/\/vegs.hu\/de\/qualitaet\/qualitaetskontrolle\/\"]}]},{\"@type\":\"BreadcrumbList\",\"@id\":\"https:\/\/vegs.hu\/de\/qualitaet\/qualitaetskontrolle\/#breadcrumb\",\"itemListElement\":[{\"@type\":\"ListItem\",\"position\":1,\"name\":\"Home\",\"item\":\"https:\/\/vegs.hu\/de\/\"},{\"@type\":\"ListItem\",\"position\":2,\"name\":\"Qualit\u00e4t\",\"item\":\"https:\/\/vegs.hu\/de\/qualitaet\/\"},{\"@type\":\"ListItem\",\"position\":3,\"name\":\"Qualit\u00e4tskontrolle\"}]},{\"@type\":\"WebSite\",\"@id\":\"https:\/\/vegs.hu\/#website\",\"url\":\"https:\/\/vegs.hu\/\",\"name\":\"VEGS Vasipari \u00e9s G\u00e9pgy\u00e1rt\u00f3 Kft.\",\"description\":\"Megb\u00edzhat\u00f3 partner a g\u00e9pgy\u00e1rt\u00e1sban\",\"publisher\":{\"@id\":\"https:\/\/vegs.hu\/#organization\"},\"potentialAction\":[{\"@type\":\"SearchAction\",\"target\":{\"@type\":\"EntryPoint\",\"urlTemplate\":\"https:\/\/vegs.hu\/?s={search_term_string}\"},\"query-input\":{\"@type\":\"PropertyValueSpecification\",\"valueRequired\":true,\"valueName\":\"search_term_string\"}}],\"inLanguage\":\"de\"},{\"@type\":\"Organization\",\"@id\":\"https:\/\/vegs.hu\/#organization\",\"name\":\"VEGS Vasipari \u00e9s G\u00e9pgy\u00e1rt\u00f3 Kft\",\"url\":\"https:\/\/vegs.hu\/\",\"logo\":{\"@type\":\"ImageObject\",\"inLanguage\":\"de\",\"@id\":\"https:\/\/vegs.hu\/#\/schema\/logo\/image\/\",\"url\":\"https:\/\/vegs.hu\/wp-content\/uploads\/2022\/06\/vegs-logo-web.png\",\"contentUrl\":\"https:\/\/vegs.hu\/wp-content\/uploads\/2022\/06\/vegs-logo-web.png\",\"width\":105,\"height\":70,\"caption\":\"VEGS Vasipari \u00e9s G\u00e9pgy\u00e1rt\u00f3 Kft\"},\"image\":{\"@id\":\"https:\/\/vegs.hu\/#\/schema\/logo\/image\/\"}}]}<\/script>\n<!-- \/ Yoast SEO plugin. -->","yoast_head_json":{"title":"Qualit\u00e4tskontrolle - VEGS Vasipari \u00e9s G\u00e9pgy\u00e1rt\u00f3 Kft.","robots":{"index":"index","follow":"follow","max-snippet":"max-snippet:-1","max-image-preview":"max-image-preview:large","max-video-preview":"max-video-preview:-1"},"canonical":"https:\/\/vegs.hu\/de\/qualitaet\/qualitaetskontrolle\/","og_locale":"de_DE","og_type":"article","og_title":"Qualit\u00e4tskontrolle - VEGS Vasipari \u00e9s G\u00e9pgy\u00e1rt\u00f3 Kft.","og_description":"[vc_row 0=&#8220;&#8220;][vc_column][vc_column_text 0=&#8220;&#8220;]Die Firma VEGS strebt eine langfristige Gesch\u00e4ftsbeziehung mit ihren Kunden an. Das wichtigste Mittel zur praktischen Umsetzung ist die Herstellung von Qualit\u00e4tsprodukten, die den Kundenanforderungen vollkommen entsprechen, sowie die hochwertige Bedienung der Kunden. Mit der verl\u00e4\u00dflichen Qualit\u00e4t unserer Produkte haben wir die Anerkennung und Zufriedenheit unserer Auftraggeber erworben.[\/vc_column_text][\/vc_column][\/vc_row][vc_row gap=&#8220;15&#8243;][vc_column width=&#8220;1\/2&#8243;][vc_column_text]Unser Unternehmen entspricht den [&hellip;]","og_url":"https:\/\/vegs.hu\/de\/qualitaet\/qualitaetskontrolle\/","og_site_name":"VEGS Vasipari \u00e9s G\u00e9pgy\u00e1rt\u00f3 Kft.","article_modified_time":"2021-04-07T12:24:55+00:00","twitter_card":"summary_large_image","twitter_misc":{"Gesch\u00e4tzte Lesezeit":"1\u00a0Minute"},"schema":{"@context":"https:\/\/schema.org","@graph":[{"@type":"WebPage","@id":"https:\/\/vegs.hu\/de\/qualitaet\/qualitaetskontrolle\/","url":"https:\/\/vegs.hu\/de\/qualitaet\/qualitaetskontrolle\/","name":"Qualit\u00e4tskontrolle - VEGS Vasipari \u00e9s G\u00e9pgy\u00e1rt\u00f3 Kft.","isPartOf":{"@id":"https:\/\/vegs.hu\/#website"},"datePublished":"2017-03-31T08:52:24+00:00","dateModified":"2021-04-07T12:24:55+00:00","breadcrumb":{"@id":"https:\/\/vegs.hu\/de\/qualitaet\/qualitaetskontrolle\/#breadcrumb"},"inLanguage":"de","potentialAction":[{"@type":"ReadAction","target":["https:\/\/vegs.hu\/de\/qualitaet\/qualitaetskontrolle\/"]}]},{"@type":"BreadcrumbList","@id":"https:\/\/vegs.hu\/de\/qualitaet\/qualitaetskontrolle\/#breadcrumb","itemListElement":[{"@type":"ListItem","position":1,"name":"Home","item":"https:\/\/vegs.hu\/de\/"},{"@type":"ListItem","position":2,"name":"Qualit\u00e4t","item":"https:\/\/vegs.hu\/de\/qualitaet\/"},{"@type":"ListItem","position":3,"name":"Qualit\u00e4tskontrolle"}]},{"@type":"WebSite","@id":"https:\/\/vegs.hu\/#website","url":"https:\/\/vegs.hu\/","name":"VEGS Vasipari \u00e9s G\u00e9pgy\u00e1rt\u00f3 Kft.","description":"Megb\u00edzhat\u00f3 partner a g\u00e9pgy\u00e1rt\u00e1sban","publisher":{"@id":"https:\/\/vegs.hu\/#organization"},"potentialAction":[{"@type":"SearchAction","target":{"@type":"EntryPoint","urlTemplate":"https:\/\/vegs.hu\/?s={search_term_string}"},"query-input":{"@type":"PropertyValueSpecification","valueRequired":true,"valueName":"search_term_string"}}],"inLanguage":"de"},{"@type":"Organization","@id":"https:\/\/vegs.hu\/#organization","name":"VEGS Vasipari \u00e9s G\u00e9pgy\u00e1rt\u00f3 Kft","url":"https:\/\/vegs.hu\/","logo":{"@type":"ImageObject","inLanguage":"de","@id":"https:\/\/vegs.hu\/#\/schema\/logo\/image\/","url":"https:\/\/vegs.hu\/wp-content\/uploads\/2022\/06\/vegs-logo-web.png","contentUrl":"https:\/\/vegs.hu\/wp-content\/uploads\/2022\/06\/vegs-logo-web.png","width":105,"height":70,"caption":"VEGS Vasipari \u00e9s G\u00e9pgy\u00e1rt\u00f3 Kft"},"image":{"@id":"https:\/\/vegs.hu\/#\/schema\/logo\/image\/"}}]}},"_links":{"self":[{"href":"https:\/\/vegs.hu\/de\/wp-json\/wp\/v2\/pages\/3103","targetHints":{"allow":["GET"]}}],"collection":[{"href":"https:\/\/vegs.hu\/de\/wp-json\/wp\/v2\/pages"}],"about":[{"href":"https:\/\/vegs.hu\/de\/wp-json\/wp\/v2\/types\/page"}],"author":[{"embeddable":true,"href":"https:\/\/vegs.hu\/de\/wp-json\/wp\/v2\/users\/1"}],"replies":[{"embeddable":true,"href":"https:\/\/vegs.hu\/de\/wp-json\/wp\/v2\/comments?post=3103"}],"version-history":[{"count":2,"href":"https:\/\/vegs.hu\/de\/wp-json\/wp\/v2\/pages\/3103\/revisions"}],"predecessor-version":[{"id":4361,"href":"https:\/\/vegs.hu\/de\/wp-json\/wp\/v2\/pages\/3103\/revisions\/4361"}],"up":[{"embeddable":true,"href":"https:\/\/vegs.hu\/de\/wp-json\/wp\/v2\/pages\/2596"}],"wp:attachment":[{"href":"https:\/\/vegs.hu\/de\/wp-json\/wp\/v2\/media?parent=3103"}],"curies":[{"name":"wp","href":"https:\/\/api.w.org\/{rel}","templated":true}]}}