{"id":3117,"date":"2017-03-31T10:55:02","date_gmt":"2017-03-31T08:55:02","guid":{"rendered":"https:\/\/www.webkovacs.hu\/vegs\/referenzen\/partnereink\/"},"modified":"2018-07-30T08:43:57","modified_gmt":"2018-07-30T06:43:57","slug":"unsere-partner","status":"publish","type":"page","link":"https:\/\/vegs.hu\/de\/referenzen\/unsere-partner\/","title":{"rendered":"Unsere Partner"},"content":{"rendered":"<div class=\"wpb-content-wrapper\"><p>[vc_row gap=&#8220;20&#8243; css=&#8220;.vc_custom_1492514987633{margin-bottom: 20px !important;padding-right: 20px !important;padding-left: 20px !important;}&#8220;][vc_column width=&#8220;2\/3&#8243;][vc_column_text]<\/p>\n<h3>IFE Aufbereitungstechnik GmbH<\/h3>\n<p>IFE Aufbereitungstechnik GmbH, Austria.[\/vc_column_text][\/vc_column][vc_column width=&#8220;1\/3&#8243;][vc_single_image image=&#8220;4183&#8243; img_size=&#8220;full&#8220;][\/vc_column][\/vc_row][vc_row gap=&#8220;20&#8243; css=&#8220;.vc_custom_1492514812679{margin-bottom: 20px !important;padding-right: 20px !important;padding-left: 20px !important;}&#8220;][vc_column width=&#8220;2\/3&#8243;][vc_column_text]<\/p>\n<h3>RUTHMANN<\/h3>\n<p>RUTHMANN GmbH &amp; Co. KG[\/vc_column_text][\/vc_column][vc_column width=&#8220;1\/3&#8243;][vc_single_image image=&#8220;2730&#8243; img_size=&#8220;full&#8220;][\/vc_column][\/vc_row][vc_row gap=&#8220;20&#8243; css=&#8220;.vc_custom_1492514828501{margin-bottom: 20px !important;padding-right: 20px !important;padding-left: 20px !important;}&#8220;][vc_column width=&#8220;2\/3&#8243;][vc_column_text]<\/p>\n<h3>Meiller<\/h3>\n<p>F. X. MEILLER GmbH &amp; Co KG[\/vc_column_text][\/vc_column][vc_column width=&#8220;1\/3&#8243;][vc_single_image image=&#8220;2726&#8243; img_size=&#8220;full&#8220;][\/vc_column][\/vc_row][vc_row gap=&#8220;20&#8243; css=&#8220;.vc_custom_1492514837578{margin-bottom: 20px !important;padding-right: 20px !important;padding-left: 20px !important;}&#8220;][vc_column width=&#8220;2\/3&#8243;][vc_column_text]<\/p>\n<h3>Wanggo<\/h3>\n<p>Wanggo Gummitechnik GmbH[\/vc_column_text][\/vc_column][vc_column width=&#8220;1\/3&#8243;][vc_single_image image=&#8220;2729&#8243; img_size=&#8220;full&#8220;][\/vc_column][\/vc_row][vc_row gap=&#8220;20&#8243; css=&#8220;.vc_custom_1492514850261{margin-bottom: 20px !important;padding-right: 20px !important;padding-left: 20px !important;}&#8220;][vc_column width=&#8220;2\/3&#8243;][vc_column_text]<\/p>\n<h3>Pfister<\/h3>\n<p>Pfister GmbH. Germany[\/vc_column_text][\/vc_column][vc_column width=&#8220;1\/3&#8243;][vc_single_image image=&#8220;2727&#8243; img_size=&#8220;full&#8220;][\/vc_column][\/vc_row][vc_row gap=&#8220;20&#8243; css=&#8220;.vc_custom_1492514896576{margin-bottom: 20px !important;padding-right: 20px !important;padding-left: 20px !important;}&#8220;][vc_column width=&#8220;2\/3&#8243;][vc_column_text]<\/p>\n<h3>Goldhofer Aktiengesellschaft<\/h3>\n<p>Goldhofer Aktiengesellschaft[\/vc_column_text][\/vc_column][vc_column width=&#8220;1\/3&#8243;][vc_single_image image=&#8220;2724&#8243; img_size=&#8220;full&#8220;][\/vc_column][\/vc_row]<\/p>\n<\/div>","protected":false},"excerpt":{"rendered":"<p>[vc_row gap=&#8220;20&#8243; css=&#8220;.vc_custom_1492514987633{margin-bottom: 20px !important;padding-right: 20px !important;padding-left: 20px !important;}&#8220;][vc_column width=&#8220;2\/3&#8243;][vc_column_text] IFE Aufbereitungstechnik GmbH IFE Aufbereitungstechnik GmbH, Austria.[\/vc_column_text][\/vc_column][vc_column width=&#8220;1\/3&#8243;][vc_single_image image=&#8220;4183&#8243; img_size=&#8220;full&#8220;][\/vc_column][\/vc_row][vc_row gap=&#8220;20&#8243; css=&#8220;.vc_custom_1492514812679{margin-bottom: 20px !important;padding-right: 20px !important;padding-left: 20px !important;}&#8220;][vc_column width=&#8220;2\/3&#8243;][vc_column_text] RUTHMANN RUTHMANN GmbH &amp; Co. KG[\/vc_column_text][\/vc_column][vc_column width=&#8220;1\/3&#8243;][vc_single_image image=&#8220;2730&#8243; img_size=&#8220;full&#8220;][\/vc_column][\/vc_row][vc_row gap=&#8220;20&#8243; css=&#8220;.vc_custom_1492514828501{margin-bottom: 20px !important;padding-right: 20px !important;padding-left: 20px !important;}&#8220;][vc_column width=&#8220;2\/3&#8243;][vc_column_text] Meiller F. X. MEILLER GmbH &amp; Co KG[\/vc_column_text][\/vc_column][vc_column [&hellip;]<\/p>\n","protected":false},"author":1,"featured_media":0,"parent":3112,"menu_order":1,"comment_status":"closed","ping_status":"closed","template":"page-template\/left-sidebar.php","meta":{"footnotes":""},"class_list":["post-3117","page","type-page","status-publish","hentry"],"yoast_head":"<!-- This site is optimized with the Yoast SEO plugin v26.9 - https:\/\/yoast.com\/product\/yoast-seo-wordpress\/ -->\n<title>Unsere Partner - VEGS Vasipari \u00e9s G\u00e9pgy\u00e1rt\u00f3 Kft.<\/title>\n<meta name=\"robots\" content=\"index, follow, max-snippet:-1, max-image-preview:large, max-video-preview:-1\" \/>\n<link rel=\"canonical\" href=\"https:\/\/vegs.hu\/de\/referenzen\/unsere-partner\/\" \/>\n<meta property=\"og:locale\" content=\"de_DE\" \/>\n<meta property=\"og:type\" content=\"article\" \/>\n<meta property=\"og:title\" content=\"Unsere Partner - VEGS Vasipari \u00e9s G\u00e9pgy\u00e1rt\u00f3 Kft.\" \/>\n<meta property=\"og:description\" content=\"[vc_row gap=&#8220;20&#8243; css=&#8220;.vc_custom_1492514987633{margin-bottom: 20px !important;padding-right: 20px !important;padding-left: 20px !important;}&#8220;][vc_column width=&#8220;2\/3&#8243;][vc_column_text] IFE Aufbereitungstechnik GmbH IFE Aufbereitungstechnik GmbH, Austria.[\/vc_column_text][\/vc_column][vc_column width=&#8220;1\/3&#8243;][vc_single_image image=&#8220;4183&#8243; img_size=&#8220;full&#8220;][\/vc_column][\/vc_row][vc_row gap=&#8220;20&#8243; css=&#8220;.vc_custom_1492514812679{margin-bottom: 20px !important;padding-right: 20px !important;padding-left: 20px !important;}&#8220;][vc_column width=&#8220;2\/3&#8243;][vc_column_text] RUTHMANN RUTHMANN GmbH &amp; Co. KG[\/vc_column_text][\/vc_column][vc_column width=&#8220;1\/3&#8243;][vc_single_image image=&#8220;2730&#8243; img_size=&#8220;full&#8220;][\/vc_column][\/vc_row][vc_row gap=&#8220;20&#8243; css=&#8220;.vc_custom_1492514828501{margin-bottom: 20px !important;padding-right: 20px !important;padding-left: 20px !important;}&#8220;][vc_column width=&#8220;2\/3&#8243;][vc_column_text] Meiller F. X. MEILLER GmbH &amp; Co KG[\/vc_column_text][\/vc_column][vc_column [&hellip;]\" \/>\n<meta property=\"og:url\" content=\"https:\/\/vegs.hu\/de\/referenzen\/unsere-partner\/\" \/>\n<meta property=\"og:site_name\" content=\"VEGS Vasipari \u00e9s G\u00e9pgy\u00e1rt\u00f3 Kft.\" \/>\n<meta property=\"article:modified_time\" content=\"2018-07-30T06:43:57+00:00\" \/>\n<meta name=\"twitter:card\" content=\"summary_large_image\" \/>\n<meta name=\"twitter:label1\" content=\"Gesch\u00e4tzte Lesezeit\" \/>\n\t<meta name=\"twitter:data1\" content=\"1\u00a0Minute\" \/>\n<script type=\"application\/ld+json\" class=\"yoast-schema-graph\">{\"@context\":\"https:\/\/schema.org\",\"@graph\":[{\"@type\":\"WebPage\",\"@id\":\"https:\/\/vegs.hu\/de\/referenzen\/unsere-partner\/\",\"url\":\"https:\/\/vegs.hu\/de\/referenzen\/unsere-partner\/\",\"name\":\"Unsere Partner - VEGS Vasipari \u00e9s G\u00e9pgy\u00e1rt\u00f3 Kft.\",\"isPartOf\":{\"@id\":\"https:\/\/vegs.hu\/#website\"},\"datePublished\":\"2017-03-31T08:55:02+00:00\",\"dateModified\":\"2018-07-30T06:43:57+00:00\",\"breadcrumb\":{\"@id\":\"https:\/\/vegs.hu\/de\/referenzen\/unsere-partner\/#breadcrumb\"},\"inLanguage\":\"de\",\"potentialAction\":[{\"@type\":\"ReadAction\",\"target\":[\"https:\/\/vegs.hu\/de\/referenzen\/unsere-partner\/\"]}]},{\"@type\":\"BreadcrumbList\",\"@id\":\"https:\/\/vegs.hu\/de\/referenzen\/unsere-partner\/#breadcrumb\",\"itemListElement\":[{\"@type\":\"ListItem\",\"position\":1,\"name\":\"Home\",\"item\":\"https:\/\/vegs.hu\/de\/\"},{\"@type\":\"ListItem\",\"position\":2,\"name\":\"Referenzen\",\"item\":\"https:\/\/vegs.hu\/de\/referenzen\/\"},{\"@type\":\"ListItem\",\"position\":3,\"name\":\"Unsere Partner\"}]},{\"@type\":\"WebSite\",\"@id\":\"https:\/\/vegs.hu\/#website\",\"url\":\"https:\/\/vegs.hu\/\",\"name\":\"VEGS Vasipari \u00e9s G\u00e9pgy\u00e1rt\u00f3 Kft.\",\"description\":\"Megb\u00edzhat\u00f3 partner a g\u00e9pgy\u00e1rt\u00e1sban\",\"publisher\":{\"@id\":\"https:\/\/vegs.hu\/#organization\"},\"potentialAction\":[{\"@type\":\"SearchAction\",\"target\":{\"@type\":\"EntryPoint\",\"urlTemplate\":\"https:\/\/vegs.hu\/?s={search_term_string}\"},\"query-input\":{\"@type\":\"PropertyValueSpecification\",\"valueRequired\":true,\"valueName\":\"search_term_string\"}}],\"inLanguage\":\"de\"},{\"@type\":\"Organization\",\"@id\":\"https:\/\/vegs.hu\/#organization\",\"name\":\"VEGS Vasipari \u00e9s G\u00e9pgy\u00e1rt\u00f3 Kft\",\"url\":\"https:\/\/vegs.hu\/\",\"logo\":{\"@type\":\"ImageObject\",\"inLanguage\":\"de\",\"@id\":\"https:\/\/vegs.hu\/#\/schema\/logo\/image\/\",\"url\":\"https:\/\/vegs.hu\/wp-content\/uploads\/2022\/06\/vegs-logo-web.png\",\"contentUrl\":\"https:\/\/vegs.hu\/wp-content\/uploads\/2022\/06\/vegs-logo-web.png\",\"width\":105,\"height\":70,\"caption\":\"VEGS Vasipari \u00e9s G\u00e9pgy\u00e1rt\u00f3 Kft\"},\"image\":{\"@id\":\"https:\/\/vegs.hu\/#\/schema\/logo\/image\/\"}}]}<\/script>\n<!-- \/ Yoast SEO plugin. -->","yoast_head_json":{"title":"Unsere Partner - VEGS Vasipari \u00e9s G\u00e9pgy\u00e1rt\u00f3 Kft.","robots":{"index":"index","follow":"follow","max-snippet":"max-snippet:-1","max-image-preview":"max-image-preview:large","max-video-preview":"max-video-preview:-1"},"canonical":"https:\/\/vegs.hu\/de\/referenzen\/unsere-partner\/","og_locale":"de_DE","og_type":"article","og_title":"Unsere Partner - VEGS Vasipari \u00e9s G\u00e9pgy\u00e1rt\u00f3 Kft.","og_description":"[vc_row gap=&#8220;20&#8243; css=&#8220;.vc_custom_1492514987633{margin-bottom: 20px !important;padding-right: 20px !important;padding-left: 20px !important;}&#8220;][vc_column width=&#8220;2\/3&#8243;][vc_column_text] IFE Aufbereitungstechnik GmbH IFE Aufbereitungstechnik GmbH, Austria.[\/vc_column_text][\/vc_column][vc_column width=&#8220;1\/3&#8243;][vc_single_image image=&#8220;4183&#8243; img_size=&#8220;full&#8220;][\/vc_column][\/vc_row][vc_row gap=&#8220;20&#8243; css=&#8220;.vc_custom_1492514812679{margin-bottom: 20px !important;padding-right: 20px !important;padding-left: 20px !important;}&#8220;][vc_column width=&#8220;2\/3&#8243;][vc_column_text] RUTHMANN RUTHMANN GmbH &amp; Co. KG[\/vc_column_text][\/vc_column][vc_column width=&#8220;1\/3&#8243;][vc_single_image image=&#8220;2730&#8243; img_size=&#8220;full&#8220;][\/vc_column][\/vc_row][vc_row gap=&#8220;20&#8243; css=&#8220;.vc_custom_1492514828501{margin-bottom: 20px !important;padding-right: 20px !important;padding-left: 20px !important;}&#8220;][vc_column width=&#8220;2\/3&#8243;][vc_column_text] Meiller F. X. MEILLER GmbH &amp; Co KG[\/vc_column_text][\/vc_column][vc_column [&hellip;]","og_url":"https:\/\/vegs.hu\/de\/referenzen\/unsere-partner\/","og_site_name":"VEGS Vasipari \u00e9s G\u00e9pgy\u00e1rt\u00f3 Kft.","article_modified_time":"2018-07-30T06:43:57+00:00","twitter_card":"summary_large_image","twitter_misc":{"Gesch\u00e4tzte Lesezeit":"1\u00a0Minute"},"schema":{"@context":"https:\/\/schema.org","@graph":[{"@type":"WebPage","@id":"https:\/\/vegs.hu\/de\/referenzen\/unsere-partner\/","url":"https:\/\/vegs.hu\/de\/referenzen\/unsere-partner\/","name":"Unsere Partner - VEGS Vasipari \u00e9s G\u00e9pgy\u00e1rt\u00f3 Kft.","isPartOf":{"@id":"https:\/\/vegs.hu\/#website"},"datePublished":"2017-03-31T08:55:02+00:00","dateModified":"2018-07-30T06:43:57+00:00","breadcrumb":{"@id":"https:\/\/vegs.hu\/de\/referenzen\/unsere-partner\/#breadcrumb"},"inLanguage":"de","potentialAction":[{"@type":"ReadAction","target":["https:\/\/vegs.hu\/de\/referenzen\/unsere-partner\/"]}]},{"@type":"BreadcrumbList","@id":"https:\/\/vegs.hu\/de\/referenzen\/unsere-partner\/#breadcrumb","itemListElement":[{"@type":"ListItem","position":1,"name":"Home","item":"https:\/\/vegs.hu\/de\/"},{"@type":"ListItem","position":2,"name":"Referenzen","item":"https:\/\/vegs.hu\/de\/referenzen\/"},{"@type":"ListItem","position":3,"name":"Unsere Partner"}]},{"@type":"WebSite","@id":"https:\/\/vegs.hu\/#website","url":"https:\/\/vegs.hu\/","name":"VEGS Vasipari \u00e9s G\u00e9pgy\u00e1rt\u00f3 Kft.","description":"Megb\u00edzhat\u00f3 partner a g\u00e9pgy\u00e1rt\u00e1sban","publisher":{"@id":"https:\/\/vegs.hu\/#organization"},"potentialAction":[{"@type":"SearchAction","target":{"@type":"EntryPoint","urlTemplate":"https:\/\/vegs.hu\/?s={search_term_string}"},"query-input":{"@type":"PropertyValueSpecification","valueRequired":true,"valueName":"search_term_string"}}],"inLanguage":"de"},{"@type":"Organization","@id":"https:\/\/vegs.hu\/#organization","name":"VEGS Vasipari \u00e9s G\u00e9pgy\u00e1rt\u00f3 Kft","url":"https:\/\/vegs.hu\/","logo":{"@type":"ImageObject","inLanguage":"de","@id":"https:\/\/vegs.hu\/#\/schema\/logo\/image\/","url":"https:\/\/vegs.hu\/wp-content\/uploads\/2022\/06\/vegs-logo-web.png","contentUrl":"https:\/\/vegs.hu\/wp-content\/uploads\/2022\/06\/vegs-logo-web.png","width":105,"height":70,"caption":"VEGS Vasipari \u00e9s G\u00e9pgy\u00e1rt\u00f3 Kft"},"image":{"@id":"https:\/\/vegs.hu\/#\/schema\/logo\/image\/"}}]}},"_links":{"self":[{"href":"https:\/\/vegs.hu\/de\/wp-json\/wp\/v2\/pages\/3117","targetHints":{"allow":["GET"]}}],"collection":[{"href":"https:\/\/vegs.hu\/de\/wp-json\/wp\/v2\/pages"}],"about":[{"href":"https:\/\/vegs.hu\/de\/wp-json\/wp\/v2\/types\/page"}],"author":[{"embeddable":true,"href":"https:\/\/vegs.hu\/de\/wp-json\/wp\/v2\/users\/1"}],"replies":[{"embeddable":true,"href":"https:\/\/vegs.hu\/de\/wp-json\/wp\/v2\/comments?post=3117"}],"version-history":[{"count":2,"href":"https:\/\/vegs.hu\/de\/wp-json\/wp\/v2\/pages\/3117\/revisions"}],"predecessor-version":[{"id":4195,"href":"https:\/\/vegs.hu\/de\/wp-json\/wp\/v2\/pages\/3117\/revisions\/4195"}],"up":[{"embeddable":true,"href":"https:\/\/vegs.hu\/de\/wp-json\/wp\/v2\/pages\/3112"}],"wp:attachment":[{"href":"https:\/\/vegs.hu\/de\/wp-json\/wp\/v2\/media?parent=3117"}],"curies":[{"name":"wp","href":"https:\/\/api.w.org\/{rel}","templated":true}]}}