{"id":3135,"date":"2017-03-31T11:03:58","date_gmt":"2017-03-31T09:03:58","guid":{"rendered":"https:\/\/www.webkovacs.hu\/vegs\/ueber-uns\/rolunk-geppark\/"},"modified":"2018-04-09T10:53:13","modified_gmt":"2018-04-09T08:53:13","slug":"maschinenpark","status":"publish","type":"page","link":"https:\/\/vegs.hu\/de\/ueber-uns\/maschinenpark\/","title":{"rendered":"Maschinenpark"},"content":{"rendered":"<div class=\"wpb-content-wrapper\"><p>[vc_row][vc_column][vc_column_text]<\/p>\n<h2>Maschinenpark<\/h2>\n<p>Unsere haupts\u00e4chliche technologische und Maschinenanlagen:[\/vc_column_text][\/vc_column][\/vc_row][vc_row][vc_column width=&#8220;3\/4&#8243;][vc_column_text css=&#8220;.vc_custom_1523263929756{padding-right: 5px !important;}&#8220;]- Durchlauf-Strahlanlage zur Reinigung von Blechen, Langg\u00fcter, kleineren Teilen, Breite: 1,5m; L\u00e4nge: 6m; H\u00f6he: 0,4m<\/p>\n<p>&#8211; Manuelle Strahlanlage, mit automatischem R\u00fcckgewinnungssystem, Arbeitsfl\u00e4che: 5,6&#215;8,2m[\/vc_column_text][\/vc_column][vc_column width=&#8220;1\/4&#8243;][vc_single_image image=&#8220;3617&#8243; img_size=&#8220;medium&#8220; onclick=&#8220;link_image&#8220;][\/vc_column][\/vc_row][vc_row][vc_column width=&#8220;3\/4&#8243;][vc_column_text css=&#8220;.vc_custom_1523263963166{padding-right: 5px !important;}&#8220;]- Feinstrahl-Plasmaschneidmaschine zum Zuschneiden von Blechen mit einer maximalen Gesamtgr\u00f6\u00dfe von 25x2000x8300 mm<\/p>\n<p>&#8211; Feinstrahl-Plasmaschneidmaschine mit 3D-Kopf, zum Zuschneiden von Blechen mit einer maximalen Gesamtgr\u00f6\u00dfe von 40x2500x8000mm<\/p>\n<p>&#8211; Hydraulische Abkantmaschine (300t) in 4000mm L\u00e4nge<\/p>\n<p>&#8211; Hydraulische Abkantmaschine (400t) in 4000mm L\u00e4nge[\/vc_column_text][\/vc_column][vc_column width=&#8220;1\/4&#8243;][vc_single_image image=&#8220;3618&#8243; img_size=&#8220;medium&#8220; onclick=&#8220;link_image&#8220;][\/vc_column][\/vc_row][vc_row][vc_column width=&#8220;3\/4&#8243;][vc_column_text css=&#8220;.vc_custom_1523263972603{padding-right: 5px !important;}&#8220;]- Hydraulische Presse 200t<\/p>\n<p>&#8211; 3 Zylinder-Blechwalzmaschine, W\u00e4lzen bis zu einer Breite von 2000 mm.[\/vc_column_text][\/vc_column][vc_column width=&#8220;1\/4&#8243;][vc_single_image image=&#8220;3619&#8243; img_size=&#8220;medium&#8220; onclick=&#8220;link_image&#8220;][\/vc_column][\/vc_row][vc_row][vc_column width=&#8220;3\/4&#8243;][vc_column_text css=&#8220;.vc_custom_1523263978880{padding-right: 5px !important;}&#8220;]- Bands\u00e4ge, Schneiden bis 500 mm<\/p>\n<p>&#8211; 42 Stk MIG\/MAG Lichtbogenschwei\u00dfanlagen<\/p>\n<p>&#8211; Manuelle Plasmaschneidanlage bis zu einer Blechdicke von max. 40 mm[\/vc_column_text][\/vc_column][vc_column width=&#8220;1\/4&#8243;][vc_single_image image=&#8220;3612&#8243; img_size=&#8220;medium&#8220; onclick=&#8220;link_image&#8220;][\/vc_column][\/vc_row][vc_row][vc_column width=&#8220;3\/4&#8243;][vc_column_text css=&#8220;.vc_custom_1523263984741{padding-right: 5px !important;}&#8220;]- Drehbank. max. \u00d8500 mm, 2000 mm Spitzenabstand<\/p>\n<p>&#8211; Fr\u00e4smaschine, Tischgr\u00f6\u00dfe 400 x 1600 mm<\/p>\n<p>&#8211; Horizontal Fr\u00e4s- und Bohrwerk, Bewegungsbereich 1200x1500x1000 mm<\/p>\n<p>&#8211; Radialbohrmaschine, bis \u00d8 60 mm, Armausladung 1250 mm[\/vc_column_text][\/vc_column][vc_column width=&#8220;1\/4&#8243;][vc_single_image image=&#8220;3613&#8243; img_size=&#8220;medium&#8220; onclick=&#8220;link_image&#8220;][\/vc_column][\/vc_row][vc_row][vc_column width=&#8220;3\/4&#8243;][vc_column_text css=&#8220;.vc_custom_1523263990980{padding-right: 5px !important;}&#8220;]- Lackierkabine mit Conveyer: 16,6 m, Breite: 5,6 m, T\u00fcr: 3,7 m<\/p>\n<p>&#8211; Produktionshalle ca. 4000m\u00b2[\/vc_column_text][\/vc_column][vc_column width=&#8220;1\/4&#8243;][vc_single_image image=&#8220;3614&#8243; img_size=&#8220;medium&#8220; onclick=&#8220;link_image&#8220;][\/vc_column][\/vc_row]<\/p>\n<\/div>","protected":false},"excerpt":{"rendered":"<p>[vc_row][vc_column][vc_column_text] Maschinenpark Unsere haupts\u00e4chliche technologische und Maschinenanlagen:[\/vc_column_text][\/vc_column][\/vc_row][vc_row][vc_column width=&#8220;3\/4&#8243;][vc_column_text css=&#8220;.vc_custom_1523263929756{padding-right: 5px !important;}&#8220;]- Durchlauf-Strahlanlage zur Reinigung von Blechen, Langg\u00fcter, kleineren Teilen, Breite: 1,5m; L\u00e4nge: 6m; H\u00f6he: 0,4m &#8211; Manuelle Strahlanlage, mit automatischem R\u00fcckgewinnungssystem, Arbeitsfl\u00e4che: 5,6&#215;8,2m[\/vc_column_text][\/vc_column][vc_column width=&#8220;1\/4&#8243;][vc_single_image image=&#8220;3617&#8243; img_size=&#8220;medium&#8220; onclick=&#8220;link_image&#8220;][\/vc_column][\/vc_row][vc_row][vc_column width=&#8220;3\/4&#8243;][vc_column_text css=&#8220;.vc_custom_1523263963166{padding-right: 5px !important;}&#8220;]- Feinstrahl-Plasmaschneidmaschine zum Zuschneiden von Blechen mit einer maximalen Gesamtgr\u00f6\u00dfe von 25x2000x8300 mm &#8211; Feinstrahl-Plasmaschneidmaschine [&hellip;]<\/p>\n","protected":false},"author":1,"featured_media":0,"parent":3125,"menu_order":3,"comment_status":"closed","ping_status":"closed","template":"page-template\/left-sidebar.php","meta":{"footnotes":""},"class_list":["post-3135","page","type-page","status-publish","hentry"],"yoast_head":"<!-- This site is optimized with the Yoast SEO plugin v26.9 - https:\/\/yoast.com\/product\/yoast-seo-wordpress\/ -->\n<title>Maschinenpark - VEGS Vasipari \u00e9s G\u00e9pgy\u00e1rt\u00f3 Kft.<\/title>\n<meta name=\"robots\" content=\"index, follow, max-snippet:-1, max-image-preview:large, max-video-preview:-1\" \/>\n<link rel=\"canonical\" href=\"https:\/\/vegs.hu\/de\/ueber-uns\/maschinenpark\/\" \/>\n<meta property=\"og:locale\" content=\"de_DE\" \/>\n<meta property=\"og:type\" content=\"article\" \/>\n<meta property=\"og:title\" content=\"Maschinenpark - VEGS Vasipari \u00e9s G\u00e9pgy\u00e1rt\u00f3 Kft.\" \/>\n<meta property=\"og:description\" content=\"[vc_row][vc_column][vc_column_text] Maschinenpark Unsere haupts\u00e4chliche technologische und Maschinenanlagen:[\/vc_column_text][\/vc_column][\/vc_row][vc_row][vc_column width=&#8220;3\/4&#8243;][vc_column_text css=&#8220;.vc_custom_1523263929756{padding-right: 5px !important;}&#8220;]- Durchlauf-Strahlanlage zur Reinigung von Blechen, Langg\u00fcter, kleineren Teilen, Breite: 1,5m; L\u00e4nge: 6m; H\u00f6he: 0,4m &#8211; Manuelle Strahlanlage, mit automatischem R\u00fcckgewinnungssystem, Arbeitsfl\u00e4che: 5,6&#215;8,2m[\/vc_column_text][\/vc_column][vc_column width=&#8220;1\/4&#8243;][vc_single_image image=&#8220;3617&#8243; img_size=&#8220;medium&#8220; onclick=&#8220;link_image&#8220;][\/vc_column][\/vc_row][vc_row][vc_column width=&#8220;3\/4&#8243;][vc_column_text css=&#8220;.vc_custom_1523263963166{padding-right: 5px !important;}&#8220;]- Feinstrahl-Plasmaschneidmaschine zum Zuschneiden von Blechen mit einer maximalen Gesamtgr\u00f6\u00dfe von 25x2000x8300 mm &#8211; Feinstrahl-Plasmaschneidmaschine [&hellip;]\" \/>\n<meta property=\"og:url\" content=\"https:\/\/vegs.hu\/de\/ueber-uns\/maschinenpark\/\" \/>\n<meta property=\"og:site_name\" content=\"VEGS Vasipari \u00e9s G\u00e9pgy\u00e1rt\u00f3 Kft.\" \/>\n<meta property=\"article:modified_time\" content=\"2018-04-09T08:53:13+00:00\" \/>\n<meta name=\"twitter:card\" content=\"summary_large_image\" \/>\n<meta name=\"twitter:label1\" content=\"Gesch\u00e4tzte Lesezeit\" \/>\n\t<meta name=\"twitter:data1\" content=\"2\u00a0Minuten\" \/>\n<script type=\"application\/ld+json\" class=\"yoast-schema-graph\">{\"@context\":\"https:\/\/schema.org\",\"@graph\":[{\"@type\":\"WebPage\",\"@id\":\"https:\/\/vegs.hu\/de\/ueber-uns\/maschinenpark\/\",\"url\":\"https:\/\/vegs.hu\/de\/ueber-uns\/maschinenpark\/\",\"name\":\"Maschinenpark - VEGS Vasipari \u00e9s G\u00e9pgy\u00e1rt\u00f3 Kft.\",\"isPartOf\":{\"@id\":\"https:\/\/vegs.hu\/#website\"},\"datePublished\":\"2017-03-31T09:03:58+00:00\",\"dateModified\":\"2018-04-09T08:53:13+00:00\",\"breadcrumb\":{\"@id\":\"https:\/\/vegs.hu\/de\/ueber-uns\/maschinenpark\/#breadcrumb\"},\"inLanguage\":\"de\",\"potentialAction\":[{\"@type\":\"ReadAction\",\"target\":[\"https:\/\/vegs.hu\/de\/ueber-uns\/maschinenpark\/\"]}]},{\"@type\":\"BreadcrumbList\",\"@id\":\"https:\/\/vegs.hu\/de\/ueber-uns\/maschinenpark\/#breadcrumb\",\"itemListElement\":[{\"@type\":\"ListItem\",\"position\":1,\"name\":\"Home\",\"item\":\"https:\/\/vegs.hu\/de\/\"},{\"@type\":\"ListItem\",\"position\":2,\"name\":\"\u00dcber uns\",\"item\":\"https:\/\/vegs.hu\/de\/ueber-uns\/\"},{\"@type\":\"ListItem\",\"position\":3,\"name\":\"Maschinenpark\"}]},{\"@type\":\"WebSite\",\"@id\":\"https:\/\/vegs.hu\/#website\",\"url\":\"https:\/\/vegs.hu\/\",\"name\":\"VEGS Vasipari \u00e9s G\u00e9pgy\u00e1rt\u00f3 Kft.\",\"description\":\"Megb\u00edzhat\u00f3 partner a g\u00e9pgy\u00e1rt\u00e1sban\",\"publisher\":{\"@id\":\"https:\/\/vegs.hu\/#organization\"},\"potentialAction\":[{\"@type\":\"SearchAction\",\"target\":{\"@type\":\"EntryPoint\",\"urlTemplate\":\"https:\/\/vegs.hu\/?s={search_term_string}\"},\"query-input\":{\"@type\":\"PropertyValueSpecification\",\"valueRequired\":true,\"valueName\":\"search_term_string\"}}],\"inLanguage\":\"de\"},{\"@type\":\"Organization\",\"@id\":\"https:\/\/vegs.hu\/#organization\",\"name\":\"VEGS Vasipari \u00e9s G\u00e9pgy\u00e1rt\u00f3 Kft\",\"url\":\"https:\/\/vegs.hu\/\",\"logo\":{\"@type\":\"ImageObject\",\"inLanguage\":\"de\",\"@id\":\"https:\/\/vegs.hu\/#\/schema\/logo\/image\/\",\"url\":\"https:\/\/vegs.hu\/wp-content\/uploads\/2022\/06\/vegs-logo-web.png\",\"contentUrl\":\"https:\/\/vegs.hu\/wp-content\/uploads\/2022\/06\/vegs-logo-web.png\",\"width\":105,\"height\":70,\"caption\":\"VEGS Vasipari \u00e9s G\u00e9pgy\u00e1rt\u00f3 Kft\"},\"image\":{\"@id\":\"https:\/\/vegs.hu\/#\/schema\/logo\/image\/\"}}]}<\/script>\n<!-- \/ Yoast SEO plugin. -->","yoast_head_json":{"title":"Maschinenpark - VEGS Vasipari \u00e9s G\u00e9pgy\u00e1rt\u00f3 Kft.","robots":{"index":"index","follow":"follow","max-snippet":"max-snippet:-1","max-image-preview":"max-image-preview:large","max-video-preview":"max-video-preview:-1"},"canonical":"https:\/\/vegs.hu\/de\/ueber-uns\/maschinenpark\/","og_locale":"de_DE","og_type":"article","og_title":"Maschinenpark - VEGS Vasipari \u00e9s G\u00e9pgy\u00e1rt\u00f3 Kft.","og_description":"[vc_row][vc_column][vc_column_text] Maschinenpark Unsere haupts\u00e4chliche technologische und Maschinenanlagen:[\/vc_column_text][\/vc_column][\/vc_row][vc_row][vc_column width=&#8220;3\/4&#8243;][vc_column_text css=&#8220;.vc_custom_1523263929756{padding-right: 5px !important;}&#8220;]- Durchlauf-Strahlanlage zur Reinigung von Blechen, Langg\u00fcter, kleineren Teilen, Breite: 1,5m; L\u00e4nge: 6m; H\u00f6he: 0,4m &#8211; Manuelle Strahlanlage, mit automatischem R\u00fcckgewinnungssystem, Arbeitsfl\u00e4che: 5,6&#215;8,2m[\/vc_column_text][\/vc_column][vc_column width=&#8220;1\/4&#8243;][vc_single_image image=&#8220;3617&#8243; img_size=&#8220;medium&#8220; onclick=&#8220;link_image&#8220;][\/vc_column][\/vc_row][vc_row][vc_column width=&#8220;3\/4&#8243;][vc_column_text css=&#8220;.vc_custom_1523263963166{padding-right: 5px !important;}&#8220;]- Feinstrahl-Plasmaschneidmaschine zum Zuschneiden von Blechen mit einer maximalen Gesamtgr\u00f6\u00dfe von 25x2000x8300 mm &#8211; Feinstrahl-Plasmaschneidmaschine [&hellip;]","og_url":"https:\/\/vegs.hu\/de\/ueber-uns\/maschinenpark\/","og_site_name":"VEGS Vasipari \u00e9s G\u00e9pgy\u00e1rt\u00f3 Kft.","article_modified_time":"2018-04-09T08:53:13+00:00","twitter_card":"summary_large_image","twitter_misc":{"Gesch\u00e4tzte Lesezeit":"2\u00a0Minuten"},"schema":{"@context":"https:\/\/schema.org","@graph":[{"@type":"WebPage","@id":"https:\/\/vegs.hu\/de\/ueber-uns\/maschinenpark\/","url":"https:\/\/vegs.hu\/de\/ueber-uns\/maschinenpark\/","name":"Maschinenpark - VEGS Vasipari \u00e9s G\u00e9pgy\u00e1rt\u00f3 Kft.","isPartOf":{"@id":"https:\/\/vegs.hu\/#website"},"datePublished":"2017-03-31T09:03:58+00:00","dateModified":"2018-04-09T08:53:13+00:00","breadcrumb":{"@id":"https:\/\/vegs.hu\/de\/ueber-uns\/maschinenpark\/#breadcrumb"},"inLanguage":"de","potentialAction":[{"@type":"ReadAction","target":["https:\/\/vegs.hu\/de\/ueber-uns\/maschinenpark\/"]}]},{"@type":"BreadcrumbList","@id":"https:\/\/vegs.hu\/de\/ueber-uns\/maschinenpark\/#breadcrumb","itemListElement":[{"@type":"ListItem","position":1,"name":"Home","item":"https:\/\/vegs.hu\/de\/"},{"@type":"ListItem","position":2,"name":"\u00dcber uns","item":"https:\/\/vegs.hu\/de\/ueber-uns\/"},{"@type":"ListItem","position":3,"name":"Maschinenpark"}]},{"@type":"WebSite","@id":"https:\/\/vegs.hu\/#website","url":"https:\/\/vegs.hu\/","name":"VEGS Vasipari \u00e9s G\u00e9pgy\u00e1rt\u00f3 Kft.","description":"Megb\u00edzhat\u00f3 partner a g\u00e9pgy\u00e1rt\u00e1sban","publisher":{"@id":"https:\/\/vegs.hu\/#organization"},"potentialAction":[{"@type":"SearchAction","target":{"@type":"EntryPoint","urlTemplate":"https:\/\/vegs.hu\/?s={search_term_string}"},"query-input":{"@type":"PropertyValueSpecification","valueRequired":true,"valueName":"search_term_string"}}],"inLanguage":"de"},{"@type":"Organization","@id":"https:\/\/vegs.hu\/#organization","name":"VEGS Vasipari \u00e9s G\u00e9pgy\u00e1rt\u00f3 Kft","url":"https:\/\/vegs.hu\/","logo":{"@type":"ImageObject","inLanguage":"de","@id":"https:\/\/vegs.hu\/#\/schema\/logo\/image\/","url":"https:\/\/vegs.hu\/wp-content\/uploads\/2022\/06\/vegs-logo-web.png","contentUrl":"https:\/\/vegs.hu\/wp-content\/uploads\/2022\/06\/vegs-logo-web.png","width":105,"height":70,"caption":"VEGS Vasipari \u00e9s G\u00e9pgy\u00e1rt\u00f3 Kft"},"image":{"@id":"https:\/\/vegs.hu\/#\/schema\/logo\/image\/"}}]}},"_links":{"self":[{"href":"https:\/\/vegs.hu\/de\/wp-json\/wp\/v2\/pages\/3135","targetHints":{"allow":["GET"]}}],"collection":[{"href":"https:\/\/vegs.hu\/de\/wp-json\/wp\/v2\/pages"}],"about":[{"href":"https:\/\/vegs.hu\/de\/wp-json\/wp\/v2\/types\/page"}],"author":[{"embeddable":true,"href":"https:\/\/vegs.hu\/de\/wp-json\/wp\/v2\/users\/1"}],"replies":[{"embeddable":true,"href":"https:\/\/vegs.hu\/de\/wp-json\/wp\/v2\/comments?post=3135"}],"version-history":[{"count":0,"href":"https:\/\/vegs.hu\/de\/wp-json\/wp\/v2\/pages\/3135\/revisions"}],"up":[{"embeddable":true,"href":"https:\/\/vegs.hu\/de\/wp-json\/wp\/v2\/pages\/3125"}],"wp:attachment":[{"href":"https:\/\/vegs.hu\/de\/wp-json\/wp\/v2\/media?parent=3135"}],"curies":[{"name":"wp","href":"https:\/\/api.w.org\/{rel}","templated":true}]}}