{"id":3139,"date":"2017-04-10T10:36:58","date_gmt":"2017-04-10T08:36:58","guid":{"rendered":"https:\/\/www.webkovacs.hu\/vegs\/ueber-uns\/palyazat\/"},"modified":"2018-07-05T15:05:07","modified_gmt":"2018-07-05T13:05:07","slug":"ausschreibungen","status":"publish","type":"page","link":"https:\/\/vegs.hu\/de\/nachrichten\/ausschreibungen\/","title":{"rendered":"Ausschreibungen"},"content":{"rendered":"<div class=\"wpb-content-wrapper\"><p>[vc_row][vc_column][vc_column_text css=&#8220;.vc_custom_1523264942389{padding-bottom: 10px !important;}&#8220;]<strong>Gestaltung von einem Sonnenkollektorsystem bei VEGS Kft<\/strong><\/p>\n<p>KEOP-4.2.0\/A\/11-2011-0354<\/p>\n<p><img loading=\"lazy\" decoding=\"async\" class=\"size-full wp-image-3615 alignnone\" src=\"http:\/\/webkovacs.hu\/vegs\/wp-content\/uploads\/2018\/03\/vegs-palyazat-1.jpg\" alt=\"\" width=\"368\" height=\"126\" srcset=\"https:\/\/vegs.hu\/wp-content\/uploads\/2018\/03\/vegs-palyazat-1.jpg 368w, https:\/\/vegs.hu\/wp-content\/uploads\/2018\/03\/vegs-palyazat-1-300x103.jpg 300w\" sizes=\"auto, (max-width: 368px) 100vw, 368px\" \/><\/p>\n<p>Das Projekt wurde mit der Unterst\u00fctzung der Europ\u00e4ischen Union, und mit der Kofinanzierung vom Europ\u00e4ischen Fonds f\u00fcr regionale Entwicklung verwirklicht.<\/p>\n<p>Titel des Projektes: \u201eGestaltung von einem Sonnenkollektorsystem bei VEGS Kft&#8220;<\/p>\n<p>Beschreibung des Projektes:<br \/>\nZiel der Firma VEGS Kft mit der \u2013 durch die Hilfe der Ausschreibungsunterst\u00fctzung- zu verwirklichenden Inverstition ist , da\u00df sie ein zeitgem\u00e4\u00dfes Sonnenkollektorsystem gestaltete. So kann sie die Herstellungsausgaben des Brauchwarmwassers in erheblichem Ma\u00dfe reduzieren, mit der Hilfe des mit Sonnenenergie betriebenen kosteng\u00fcnstigeren Systems.<br \/>\nOrt des Zustandekommens des Projektes ist der Standort der Firma. Den vorherigen Messungen nach hat der Betrieb einen t\u00e4glichen Warmwasserbedarf von etwa 2800 l. Zum Aufheizen dieser Menge wird j\u00e4hrlich ca. 34 600 kWh Energie verbraucht. Mit der Verwirklichung des Projektes kann etwa eine 50%-ige Energieersparung erreicht werden. Durch dem Ausbau des Sonnenkollektorsystemes w\u00fcrde sich eine Primerenergieersparung von 79,92 GJ\/Jahr verwirklichen, und die Kohlendioxyd-Emission w\u00fcrde um 4,48 Tonnen im Jahresverh\u00e4ltnis nachlassen. So k\u00f6nnte man nicht nur eine erhebliche Kostenersparung erreichen, sondern auch dem Umweltschutz und auch der nachhaltigen Entwicklung beitragen.<\/p>\n<p>Erreichbarkeit des Beg\u00fcnstigten: +36-20\/9362-553<br \/>\nGesamtkosten des Projektes: 5 308 774,-Ft<br \/>\nSumme der Unterst\u00fctzung: 2 123 510,-Ft<br \/>\nName und Erreichbarkeit der mitwirkenden Organisation:<br \/>\nEnergiahat\u00e9konys\u00e1gi, K\u00f6rnyezetv\u00e9delmi \u00e9s Energia Inform\u00e1ci\u00f3s \u00dcgyn\u00f6ks\u00e9g<br \/>\nNonprofit Kft (Informationsagentur f\u00fcr Energieeffizienz, Umweltschutz und Energie Gemeinn\u00fctzige GmbH)<br \/>\n1134 Budapest, V\u00e1ci \u00fat 45-H \u00e9p\u00fclet 6. emelet,<br \/>\nHomepage: www.energiakozpont.hu[\/vc_column_text][\/vc_column][\/vc_row]<\/p>\n<\/div>","protected":false},"excerpt":{"rendered":"<p>[vc_row][vc_column][vc_column_text css=&#8220;.vc_custom_1523264942389{padding-bottom: 10px !important;}&#8220;]Gestaltung von einem Sonnenkollektorsystem bei VEGS Kft KEOP-4.2.0\/A\/11-2011-0354 Das Projekt wurde mit der Unterst\u00fctzung der Europ\u00e4ischen Union, und mit der Kofinanzierung vom Europ\u00e4ischen Fonds f\u00fcr regionale Entwicklung verwirklicht. Titel des Projektes: \u201eGestaltung von einem Sonnenkollektorsystem bei VEGS Kft&#8220; Beschreibung des Projektes: Ziel der Firma VEGS Kft mit der \u2013 durch die Hilfe [&hellip;]<\/p>\n","protected":false},"author":1,"featured_media":0,"parent":3824,"menu_order":4,"comment_status":"closed","ping_status":"closed","template":"page-template\/left-sidebar.php","meta":{"footnotes":""},"class_list":["post-3139","page","type-page","status-publish","hentry"],"yoast_head":"<!-- This site is optimized with the Yoast SEO plugin v26.9 - https:\/\/yoast.com\/product\/yoast-seo-wordpress\/ -->\n<title>Ausschreibungen - VEGS Vasipari \u00e9s G\u00e9pgy\u00e1rt\u00f3 Kft.<\/title>\n<meta name=\"robots\" content=\"index, follow, max-snippet:-1, max-image-preview:large, max-video-preview:-1\" \/>\n<link rel=\"canonical\" href=\"https:\/\/vegs.hu\/de\/nachrichten\/ausschreibungen\/\" \/>\n<meta property=\"og:locale\" content=\"de_DE\" \/>\n<meta property=\"og:type\" content=\"article\" \/>\n<meta property=\"og:title\" content=\"Ausschreibungen - VEGS Vasipari \u00e9s G\u00e9pgy\u00e1rt\u00f3 Kft.\" \/>\n<meta property=\"og:description\" content=\"[vc_row][vc_column][vc_column_text css=&#8220;.vc_custom_1523264942389{padding-bottom: 10px !important;}&#8220;]Gestaltung von einem Sonnenkollektorsystem bei VEGS Kft KEOP-4.2.0\/A\/11-2011-0354 Das Projekt wurde mit der Unterst\u00fctzung der Europ\u00e4ischen Union, und mit der Kofinanzierung vom Europ\u00e4ischen Fonds f\u00fcr regionale Entwicklung verwirklicht. Titel des Projektes: \u201eGestaltung von einem Sonnenkollektorsystem bei VEGS Kft&#8220; Beschreibung des Projektes: Ziel der Firma VEGS Kft mit der \u2013 durch die Hilfe [&hellip;]\" \/>\n<meta property=\"og:url\" content=\"https:\/\/vegs.hu\/de\/nachrichten\/ausschreibungen\/\" \/>\n<meta property=\"og:site_name\" content=\"VEGS Vasipari \u00e9s G\u00e9pgy\u00e1rt\u00f3 Kft.\" \/>\n<meta property=\"article:modified_time\" content=\"2018-07-05T13:05:07+00:00\" \/>\n<meta property=\"og:image\" content=\"http:\/\/webkovacs.hu\/vegs\/wp-content\/uploads\/2018\/03\/vegs-palyazat-1.jpg\" \/>\n<meta name=\"twitter:card\" content=\"summary_large_image\" \/>\n<meta name=\"twitter:label1\" content=\"Gesch\u00e4tzte Lesezeit\" \/>\n\t<meta name=\"twitter:data1\" content=\"1\u00a0Minute\" \/>\n<script type=\"application\/ld+json\" class=\"yoast-schema-graph\">{\"@context\":\"https:\/\/schema.org\",\"@graph\":[{\"@type\":\"WebPage\",\"@id\":\"https:\/\/vegs.hu\/de\/nachrichten\/ausschreibungen\/\",\"url\":\"https:\/\/vegs.hu\/de\/nachrichten\/ausschreibungen\/\",\"name\":\"Ausschreibungen - VEGS Vasipari \u00e9s G\u00e9pgy\u00e1rt\u00f3 Kft.\",\"isPartOf\":{\"@id\":\"https:\/\/vegs.hu\/#website\"},\"primaryImageOfPage\":{\"@id\":\"https:\/\/vegs.hu\/de\/nachrichten\/ausschreibungen\/#primaryimage\"},\"image\":{\"@id\":\"https:\/\/vegs.hu\/de\/nachrichten\/ausschreibungen\/#primaryimage\"},\"thumbnailUrl\":\"http:\/\/webkovacs.hu\/vegs\/wp-content\/uploads\/2018\/03\/vegs-palyazat-1.jpg\",\"datePublished\":\"2017-04-10T08:36:58+00:00\",\"dateModified\":\"2018-07-05T13:05:07+00:00\",\"breadcrumb\":{\"@id\":\"https:\/\/vegs.hu\/de\/nachrichten\/ausschreibungen\/#breadcrumb\"},\"inLanguage\":\"de\",\"potentialAction\":[{\"@type\":\"ReadAction\",\"target\":[\"https:\/\/vegs.hu\/de\/nachrichten\/ausschreibungen\/\"]}]},{\"@type\":\"ImageObject\",\"inLanguage\":\"de\",\"@id\":\"https:\/\/vegs.hu\/de\/nachrichten\/ausschreibungen\/#primaryimage\",\"url\":\"http:\/\/webkovacs.hu\/vegs\/wp-content\/uploads\/2018\/03\/vegs-palyazat-1.jpg\",\"contentUrl\":\"http:\/\/webkovacs.hu\/vegs\/wp-content\/uploads\/2018\/03\/vegs-palyazat-1.jpg\"},{\"@type\":\"BreadcrumbList\",\"@id\":\"https:\/\/vegs.hu\/de\/nachrichten\/ausschreibungen\/#breadcrumb\",\"itemListElement\":[{\"@type\":\"ListItem\",\"position\":1,\"name\":\"Home\",\"item\":\"https:\/\/vegs.hu\/de\/\"},{\"@type\":\"ListItem\",\"position\":2,\"name\":\"Nachrichten\",\"item\":\"https:\/\/vegs.hu\/de\/nachrichten\/\"},{\"@type\":\"ListItem\",\"position\":3,\"name\":\"Ausschreibungen\"}]},{\"@type\":\"WebSite\",\"@id\":\"https:\/\/vegs.hu\/#website\",\"url\":\"https:\/\/vegs.hu\/\",\"name\":\"VEGS Vasipari \u00e9s G\u00e9pgy\u00e1rt\u00f3 Kft.\",\"description\":\"Megb\u00edzhat\u00f3 partner a g\u00e9pgy\u00e1rt\u00e1sban\",\"publisher\":{\"@id\":\"https:\/\/vegs.hu\/#organization\"},\"potentialAction\":[{\"@type\":\"SearchAction\",\"target\":{\"@type\":\"EntryPoint\",\"urlTemplate\":\"https:\/\/vegs.hu\/?s={search_term_string}\"},\"query-input\":{\"@type\":\"PropertyValueSpecification\",\"valueRequired\":true,\"valueName\":\"search_term_string\"}}],\"inLanguage\":\"de\"},{\"@type\":\"Organization\",\"@id\":\"https:\/\/vegs.hu\/#organization\",\"name\":\"VEGS Vasipari \u00e9s G\u00e9pgy\u00e1rt\u00f3 Kft\",\"url\":\"https:\/\/vegs.hu\/\",\"logo\":{\"@type\":\"ImageObject\",\"inLanguage\":\"de\",\"@id\":\"https:\/\/vegs.hu\/#\/schema\/logo\/image\/\",\"url\":\"https:\/\/vegs.hu\/wp-content\/uploads\/2022\/06\/vegs-logo-web.png\",\"contentUrl\":\"https:\/\/vegs.hu\/wp-content\/uploads\/2022\/06\/vegs-logo-web.png\",\"width\":105,\"height\":70,\"caption\":\"VEGS Vasipari \u00e9s G\u00e9pgy\u00e1rt\u00f3 Kft\"},\"image\":{\"@id\":\"https:\/\/vegs.hu\/#\/schema\/logo\/image\/\"}}]}<\/script>\n<!-- \/ Yoast SEO plugin. -->","yoast_head_json":{"title":"Ausschreibungen - VEGS Vasipari \u00e9s G\u00e9pgy\u00e1rt\u00f3 Kft.","robots":{"index":"index","follow":"follow","max-snippet":"max-snippet:-1","max-image-preview":"max-image-preview:large","max-video-preview":"max-video-preview:-1"},"canonical":"https:\/\/vegs.hu\/de\/nachrichten\/ausschreibungen\/","og_locale":"de_DE","og_type":"article","og_title":"Ausschreibungen - VEGS Vasipari \u00e9s G\u00e9pgy\u00e1rt\u00f3 Kft.","og_description":"[vc_row][vc_column][vc_column_text css=&#8220;.vc_custom_1523264942389{padding-bottom: 10px !important;}&#8220;]Gestaltung von einem Sonnenkollektorsystem bei VEGS Kft KEOP-4.2.0\/A\/11-2011-0354 Das Projekt wurde mit der Unterst\u00fctzung der Europ\u00e4ischen Union, und mit der Kofinanzierung vom Europ\u00e4ischen Fonds f\u00fcr regionale Entwicklung verwirklicht. Titel des Projektes: \u201eGestaltung von einem Sonnenkollektorsystem bei VEGS Kft&#8220; Beschreibung des Projektes: Ziel der Firma VEGS Kft mit der \u2013 durch die Hilfe [&hellip;]","og_url":"https:\/\/vegs.hu\/de\/nachrichten\/ausschreibungen\/","og_site_name":"VEGS Vasipari \u00e9s G\u00e9pgy\u00e1rt\u00f3 Kft.","article_modified_time":"2018-07-05T13:05:07+00:00","og_image":[{"url":"http:\/\/webkovacs.hu\/vegs\/wp-content\/uploads\/2018\/03\/vegs-palyazat-1.jpg","type":"","width":"","height":""}],"twitter_card":"summary_large_image","twitter_misc":{"Gesch\u00e4tzte Lesezeit":"1\u00a0Minute"},"schema":{"@context":"https:\/\/schema.org","@graph":[{"@type":"WebPage","@id":"https:\/\/vegs.hu\/de\/nachrichten\/ausschreibungen\/","url":"https:\/\/vegs.hu\/de\/nachrichten\/ausschreibungen\/","name":"Ausschreibungen - VEGS Vasipari \u00e9s G\u00e9pgy\u00e1rt\u00f3 Kft.","isPartOf":{"@id":"https:\/\/vegs.hu\/#website"},"primaryImageOfPage":{"@id":"https:\/\/vegs.hu\/de\/nachrichten\/ausschreibungen\/#primaryimage"},"image":{"@id":"https:\/\/vegs.hu\/de\/nachrichten\/ausschreibungen\/#primaryimage"},"thumbnailUrl":"http:\/\/webkovacs.hu\/vegs\/wp-content\/uploads\/2018\/03\/vegs-palyazat-1.jpg","datePublished":"2017-04-10T08:36:58+00:00","dateModified":"2018-07-05T13:05:07+00:00","breadcrumb":{"@id":"https:\/\/vegs.hu\/de\/nachrichten\/ausschreibungen\/#breadcrumb"},"inLanguage":"de","potentialAction":[{"@type":"ReadAction","target":["https:\/\/vegs.hu\/de\/nachrichten\/ausschreibungen\/"]}]},{"@type":"ImageObject","inLanguage":"de","@id":"https:\/\/vegs.hu\/de\/nachrichten\/ausschreibungen\/#primaryimage","url":"http:\/\/webkovacs.hu\/vegs\/wp-content\/uploads\/2018\/03\/vegs-palyazat-1.jpg","contentUrl":"http:\/\/webkovacs.hu\/vegs\/wp-content\/uploads\/2018\/03\/vegs-palyazat-1.jpg"},{"@type":"BreadcrumbList","@id":"https:\/\/vegs.hu\/de\/nachrichten\/ausschreibungen\/#breadcrumb","itemListElement":[{"@type":"ListItem","position":1,"name":"Home","item":"https:\/\/vegs.hu\/de\/"},{"@type":"ListItem","position":2,"name":"Nachrichten","item":"https:\/\/vegs.hu\/de\/nachrichten\/"},{"@type":"ListItem","position":3,"name":"Ausschreibungen"}]},{"@type":"WebSite","@id":"https:\/\/vegs.hu\/#website","url":"https:\/\/vegs.hu\/","name":"VEGS Vasipari \u00e9s G\u00e9pgy\u00e1rt\u00f3 Kft.","description":"Megb\u00edzhat\u00f3 partner a g\u00e9pgy\u00e1rt\u00e1sban","publisher":{"@id":"https:\/\/vegs.hu\/#organization"},"potentialAction":[{"@type":"SearchAction","target":{"@type":"EntryPoint","urlTemplate":"https:\/\/vegs.hu\/?s={search_term_string}"},"query-input":{"@type":"PropertyValueSpecification","valueRequired":true,"valueName":"search_term_string"}}],"inLanguage":"de"},{"@type":"Organization","@id":"https:\/\/vegs.hu\/#organization","name":"VEGS Vasipari \u00e9s G\u00e9pgy\u00e1rt\u00f3 Kft","url":"https:\/\/vegs.hu\/","logo":{"@type":"ImageObject","inLanguage":"de","@id":"https:\/\/vegs.hu\/#\/schema\/logo\/image\/","url":"https:\/\/vegs.hu\/wp-content\/uploads\/2022\/06\/vegs-logo-web.png","contentUrl":"https:\/\/vegs.hu\/wp-content\/uploads\/2022\/06\/vegs-logo-web.png","width":105,"height":70,"caption":"VEGS Vasipari \u00e9s G\u00e9pgy\u00e1rt\u00f3 Kft"},"image":{"@id":"https:\/\/vegs.hu\/#\/schema\/logo\/image\/"}}]}},"_links":{"self":[{"href":"https:\/\/vegs.hu\/de\/wp-json\/wp\/v2\/pages\/3139","targetHints":{"allow":["GET"]}}],"collection":[{"href":"https:\/\/vegs.hu\/de\/wp-json\/wp\/v2\/pages"}],"about":[{"href":"https:\/\/vegs.hu\/de\/wp-json\/wp\/v2\/types\/page"}],"author":[{"embeddable":true,"href":"https:\/\/vegs.hu\/de\/wp-json\/wp\/v2\/users\/1"}],"replies":[{"embeddable":true,"href":"https:\/\/vegs.hu\/de\/wp-json\/wp\/v2\/comments?post=3139"}],"version-history":[{"count":0,"href":"https:\/\/vegs.hu\/de\/wp-json\/wp\/v2\/pages\/3139\/revisions"}],"up":[{"embeddable":true,"href":"https:\/\/vegs.hu\/de\/wp-json\/wp\/v2\/pages\/3824"}],"wp:attachment":[{"href":"https:\/\/vegs.hu\/de\/wp-json\/wp\/v2\/media?parent=3139"}],"curies":[{"name":"wp","href":"https:\/\/api.w.org\/{rel}","templated":true}]}}