{"id":3147,"date":"2017-03-31T11:09:14","date_gmt":"2017-03-31T09:09:14","guid":{"rendered":"https:\/\/www.webkovacs.hu\/vegs\/kontakt\/elerhetosegek\/"},"modified":"2023-07-20T10:11:41","modified_gmt":"2023-07-20T08:11:41","slug":"kontakte","status":"publish","type":"page","link":"https:\/\/vegs.hu\/de\/kontakt\/kontakte\/","title":{"rendered":"Kontakte"},"content":{"rendered":"<div class=\"wpb-content-wrapper\"><p>[vc_row gap=&#8220;20&#8243; css=&#8220;.vc_custom_1492080150127{margin-bottom: 50px !important;padding-right: 20px !important;padding-left: 20px !important;}&#8220;][vc_column][vc_row_inner][vc_column_inner width=&#8220;1\/4&#8243;][vc_column_text]<\/p>\n<h4>VEGS Vasipari \u00e9s G\u00e9pgy\u00e1rt\u00f3 Kft<\/h4>\n<p><strong>Adresse<\/strong>: H-8360 Keszthely K\u00fcls\u0151 Zsidi Str. 1<br \/>\n<strong>GPS:<\/strong> 46.778382,17.252769<br \/>\n<strong>Telefon:<\/strong> +36 (30) 155 8926<br \/>\n<strong>Email:<\/strong> <a href=\"mailto:vegs@vegs.hu\">vegs@vegs.hu<\/a><\/p>\n<h4><\/h4>\n<p>[\/vc_column_text][\/vc_column_inner][vc_column_inner width=&#8220;3\/4&#8243;][vc_gmaps link=&#8220;#E-8_JTNDaWZyYW1lJTIwc3JjJTNEJTIyaHR0cHMlM0ElMkYlMkZ3d3cuZ29vZ2xlLmNvbSUyRm1hcHMlMkZlbWJlZCUzRnBiJTNEJTIxMW0xOCUyMTFtMTIlMjExbTMlMjExZDI3MzIuMzA1MTg1MjczMjcyNCUyMTJkMTcuMjUwNzkyMDE1ODUxMzYzJTIxM2Q0Ni43Nzg1OTA0NzkxMzgzOSUyMTJtMyUyMTFmMCUyMTJmMCUyMTNmMCUyMTNtMiUyMTFpMTAyNCUyMTJpNzY4JTIxNGYxMy4xJTIxM20zJTIxMW0yJTIxMXMweDQ3NjkxZDQzMDg2ZWNlN2YlMjUzQTB4MWQxZDBhZjBiMGM3NmM1YyUyMTJ6VmtWSFV5QldZWE5wY0dGeWFTRERxWE1nUjhPcGNHZDV3NkZ5ZE1PeklFdG1kQzQlMjE1ZTAlMjEzbTIlMjExc2h1JTIxMnNodSUyMTR2MTYzODEyNTY0MDEzOCUyMTVtMiUyMTFzaHUlMjEyc2h1JTIyJTIwd2lkdGglM0QlMjI2MDAlMjIlMjBoZWlnaHQlM0QlMjI0NTAlMjIlMjBzdHlsZSUzRCUyMmJvcmRlciUzQTAlM0IlMjIlMjBhbGxvd2Z1bGxzY3JlZW4lM0QlMjIlMjIlMjBsb2FkaW5nJTNEJTIybGF6eSUyMiUzRSUzQyUyRmlmcmFtZSUzRQ==&#8220;][\/vc_column_inner][\/vc_row_inner][vc_column_text]<\/p>\n<h3>Unser(e) MitarbeiterIn<\/h3>\n<p>[\/vc_column_text][vc_row_inner][vc_column_inner width=&#8220;1\/2&#8243;][vc_column_text]<strong>Zolt\u00e1n Vincze<\/strong><br \/>\nGesch\u00e4ftsf\u00fcrer<br \/>\nTelefon: +36 (30) 689 8835[\/vc_column_text][vc_column_text]<strong>Anik\u00f3 Cziklin<\/strong><br \/>\nKontakthalter<br \/>\nTelefon: +36 (30) 155 8926[\/vc_column_text][\/vc_column_inner][vc_column_inner width=&#8220;1\/2&#8243;][vc_column_text]<strong>Gy\u00f6rgy Antal<\/strong><br \/>\nEigent\u00fcmer, Gesch\u00e4ftsf\u00fchrer<br \/>\nTelefon: +36 (20) 936 2553[\/vc_column_text][vc_column_text]<strong>P\u00e9ter Antal<\/strong><br \/>\nTechnischer Direktor<br \/>\nTelefon: <span class=\"im\">+36 (20) 913 2501<\/span>[\/vc_column_text][\/vc_column_inner][\/vc_row_inner][\/vc_column][\/vc_row]<\/p>\n<\/div>","protected":false},"excerpt":{"rendered":"<p>[vc_row gap=&#8220;20&#8243; css=&#8220;.vc_custom_1492080150127{margin-bottom: 50px !important;padding-right: 20px !important;padding-left: 20px !important;}&#8220;][vc_column][vc_row_inner][vc_column_inner width=&#8220;1\/4&#8243;][vc_column_text] VEGS Vasipari \u00e9s G\u00e9pgy\u00e1rt\u00f3 Kft Adresse: H-8360 Keszthely K\u00fcls\u0151 Zsidi Str. 1 GPS: 46.778382,17.252769 Telefon: +36 (30) 155 8926 Email: vegs@vegs.hu [\/vc_column_text][\/vc_column_inner][vc_column_inner width=&#8220;3\/4&#8243;][vc_gmaps link=&#8220;#E-8_JTNDaWZyYW1lJTIwc3JjJTNEJTIyaHR0cHMlM0ElMkYlMkZ3d3cuZ29vZ2xlLmNvbSUyRm1hcHMlMkZlbWJlZCUzRnBiJTNEJTIxMW0xOCUyMTFtMTIlMjExbTMlMjExZDI3MzIuMzA1MTg1MjczMjcyNCUyMTJkMTcuMjUwNzkyMDE1ODUxMzYzJTIxM2Q0Ni43Nzg1OTA0NzkxMzgzOSUyMTJtMyUyMTFmMCUyMTJmMCUyMTNmMCUyMTNtMiUyMTFpMTAyNCUyMTJpNzY4JTIxNGYxMy4xJTIxM20zJTIxMW0yJTIxMXMweDQ3NjkxZDQzMDg2ZWNlN2YlMjUzQTB4MWQxZDBhZjBiMGM3NmM1YyUyMTJ6VmtWSFV5QldZWE5wY0dGeWFTRERxWE1nUjhPcGNHZDV3NkZ5ZE1PeklFdG1kQzQlMjE1ZTAlMjEzbTIlMjExc2h1JTIxMnNodSUyMTR2MTYzODEyNTY0MDEzOCUyMTVtMiUyMTFzaHUlMjEyc2h1JTIyJTIwd2lkdGglM0QlMjI2MDAlMjIlMjBoZWlnaHQlM0QlMjI0NTAlMjIlMjBzdHlsZSUzRCUyMmJvcmRlciUzQTAlM0IlMjIlMjBhbGxvd2Z1bGxzY3JlZW4lM0QlMjIlMjIlMjBsb2FkaW5nJTNEJTIybGF6eSUyMiUzRSUzQyUyRmlmcmFtZSUzRQ==&#8220;][\/vc_column_inner][\/vc_row_inner][vc_column_text] Unser(e) MitarbeiterIn [\/vc_column_text][vc_row_inner][vc_column_inner width=&#8220;1\/2&#8243;][vc_column_text]Zolt\u00e1n Vincze Gesch\u00e4ftsf\u00fcrer Telefon: +36 (30) 689 8835[\/vc_column_text][vc_column_text]Anik\u00f3 Cziklin Kontakthalter Telefon: +36 (30) 155 8926[\/vc_column_text][\/vc_column_inner][vc_column_inner width=&#8220;1\/2&#8243;][vc_column_text]Gy\u00f6rgy Antal Eigent\u00fcmer, [&hellip;]<\/p>\n","protected":false},"author":1,"featured_media":0,"parent":3143,"menu_order":1,"comment_status":"closed","ping_status":"closed","template":"page-template\/left-sidebar.php","meta":{"footnotes":""},"class_list":["post-3147","page","type-page","status-publish","hentry"],"yoast_head":"<!-- This site is optimized with the Yoast SEO plugin v26.9 - https:\/\/yoast.com\/product\/yoast-seo-wordpress\/ -->\n<title>Kontakte - VEGS Vasipari \u00e9s G\u00e9pgy\u00e1rt\u00f3 Kft.<\/title>\n<meta name=\"robots\" content=\"index, follow, max-snippet:-1, max-image-preview:large, max-video-preview:-1\" \/>\n<link rel=\"canonical\" href=\"https:\/\/vegs.hu\/de\/kontakt\/kontakte\/\" \/>\n<meta property=\"og:locale\" content=\"de_DE\" \/>\n<meta property=\"og:type\" content=\"article\" \/>\n<meta property=\"og:title\" content=\"Kontakte - VEGS Vasipari \u00e9s G\u00e9pgy\u00e1rt\u00f3 Kft.\" \/>\n<meta property=\"og:description\" content=\"[vc_row gap=&#8220;20&#8243; css=&#8220;.vc_custom_1492080150127{margin-bottom: 50px !important;padding-right: 20px !important;padding-left: 20px !important;}&#8220;][vc_column][vc_row_inner][vc_column_inner width=&#8220;1\/4&#8243;][vc_column_text] VEGS Vasipari \u00e9s G\u00e9pgy\u00e1rt\u00f3 Kft Adresse: H-8360 Keszthely K\u00fcls\u0151 Zsidi Str. 1 GPS: 46.778382,17.252769 Telefon: +36 (30) 155 8926 Email: vegs@vegs.hu [\/vc_column_text][\/vc_column_inner][vc_column_inner width=&#8220;3\/4&#8243;][vc_gmaps link=&#8220;#E-8_JTNDaWZyYW1lJTIwc3JjJTNEJTIyaHR0cHMlM0ElMkYlMkZ3d3cuZ29vZ2xlLmNvbSUyRm1hcHMlMkZlbWJlZCUzRnBiJTNEJTIxMW0xOCUyMTFtMTIlMjExbTMlMjExZDI3MzIuMzA1MTg1MjczMjcyNCUyMTJkMTcuMjUwNzkyMDE1ODUxMzYzJTIxM2Q0Ni43Nzg1OTA0NzkxMzgzOSUyMTJtMyUyMTFmMCUyMTJmMCUyMTNmMCUyMTNtMiUyMTFpMTAyNCUyMTJpNzY4JTIxNGYxMy4xJTIxM20zJTIxMW0yJTIxMXMweDQ3NjkxZDQzMDg2ZWNlN2YlMjUzQTB4MWQxZDBhZjBiMGM3NmM1YyUyMTJ6VmtWSFV5QldZWE5wY0dGeWFTRERxWE1nUjhPcGNHZDV3NkZ5ZE1PeklFdG1kQzQlMjE1ZTAlMjEzbTIlMjExc2h1JTIxMnNodSUyMTR2MTYzODEyNTY0MDEzOCUyMTVtMiUyMTFzaHUlMjEyc2h1JTIyJTIwd2lkdGglM0QlMjI2MDAlMjIlMjBoZWlnaHQlM0QlMjI0NTAlMjIlMjBzdHlsZSUzRCUyMmJvcmRlciUzQTAlM0IlMjIlMjBhbGxvd2Z1bGxzY3JlZW4lM0QlMjIlMjIlMjBsb2FkaW5nJTNEJTIybGF6eSUyMiUzRSUzQyUyRmlmcmFtZSUzRQ==&#8220;][\/vc_column_inner][\/vc_row_inner][vc_column_text] Unser(e) MitarbeiterIn [\/vc_column_text][vc_row_inner][vc_column_inner width=&#8220;1\/2&#8243;][vc_column_text]Zolt\u00e1n Vincze Gesch\u00e4ftsf\u00fcrer Telefon: +36 (30) 689 8835[\/vc_column_text][vc_column_text]Anik\u00f3 Cziklin Kontakthalter Telefon: +36 (30) 155 8926[\/vc_column_text][\/vc_column_inner][vc_column_inner width=&#8220;1\/2&#8243;][vc_column_text]Gy\u00f6rgy Antal Eigent\u00fcmer, [&hellip;]\" \/>\n<meta property=\"og:url\" content=\"https:\/\/vegs.hu\/de\/kontakt\/kontakte\/\" \/>\n<meta property=\"og:site_name\" content=\"VEGS Vasipari \u00e9s G\u00e9pgy\u00e1rt\u00f3 Kft.\" \/>\n<meta property=\"article:modified_time\" content=\"2023-07-20T08:11:41+00:00\" \/>\n<meta name=\"twitter:card\" content=\"summary_large_image\" \/>\n<meta name=\"twitter:label1\" content=\"Gesch\u00e4tzte Lesezeit\" \/>\n\t<meta name=\"twitter:data1\" content=\"1\u00a0Minute\" \/>\n<script type=\"application\/ld+json\" class=\"yoast-schema-graph\">{\"@context\":\"https:\/\/schema.org\",\"@graph\":[{\"@type\":\"WebPage\",\"@id\":\"https:\/\/vegs.hu\/de\/kontakt\/kontakte\/\",\"url\":\"https:\/\/vegs.hu\/de\/kontakt\/kontakte\/\",\"name\":\"Kontakte - VEGS Vasipari \u00e9s G\u00e9pgy\u00e1rt\u00f3 Kft.\",\"isPartOf\":{\"@id\":\"https:\/\/vegs.hu\/#website\"},\"datePublished\":\"2017-03-31T09:09:14+00:00\",\"dateModified\":\"2023-07-20T08:11:41+00:00\",\"breadcrumb\":{\"@id\":\"https:\/\/vegs.hu\/de\/kontakt\/kontakte\/#breadcrumb\"},\"inLanguage\":\"de\",\"potentialAction\":[{\"@type\":\"ReadAction\",\"target\":[\"https:\/\/vegs.hu\/de\/kontakt\/kontakte\/\"]}]},{\"@type\":\"BreadcrumbList\",\"@id\":\"https:\/\/vegs.hu\/de\/kontakt\/kontakte\/#breadcrumb\",\"itemListElement\":[{\"@type\":\"ListItem\",\"position\":1,\"name\":\"Home\",\"item\":\"https:\/\/vegs.hu\/de\/\"},{\"@type\":\"ListItem\",\"position\":2,\"name\":\"Kontakt\",\"item\":\"https:\/\/vegs.hu\/de\/kontakt\/\"},{\"@type\":\"ListItem\",\"position\":3,\"name\":\"Kontakte\"}]},{\"@type\":\"WebSite\",\"@id\":\"https:\/\/vegs.hu\/#website\",\"url\":\"https:\/\/vegs.hu\/\",\"name\":\"VEGS Vasipari \u00e9s G\u00e9pgy\u00e1rt\u00f3 Kft.\",\"description\":\"Megb\u00edzhat\u00f3 partner a g\u00e9pgy\u00e1rt\u00e1sban\",\"publisher\":{\"@id\":\"https:\/\/vegs.hu\/#organization\"},\"potentialAction\":[{\"@type\":\"SearchAction\",\"target\":{\"@type\":\"EntryPoint\",\"urlTemplate\":\"https:\/\/vegs.hu\/?s={search_term_string}\"},\"query-input\":{\"@type\":\"PropertyValueSpecification\",\"valueRequired\":true,\"valueName\":\"search_term_string\"}}],\"inLanguage\":\"de\"},{\"@type\":\"Organization\",\"@id\":\"https:\/\/vegs.hu\/#organization\",\"name\":\"VEGS Vasipari \u00e9s G\u00e9pgy\u00e1rt\u00f3 Kft\",\"url\":\"https:\/\/vegs.hu\/\",\"logo\":{\"@type\":\"ImageObject\",\"inLanguage\":\"de\",\"@id\":\"https:\/\/vegs.hu\/#\/schema\/logo\/image\/\",\"url\":\"https:\/\/vegs.hu\/wp-content\/uploads\/2022\/06\/vegs-logo-web.png\",\"contentUrl\":\"https:\/\/vegs.hu\/wp-content\/uploads\/2022\/06\/vegs-logo-web.png\",\"width\":105,\"height\":70,\"caption\":\"VEGS Vasipari \u00e9s G\u00e9pgy\u00e1rt\u00f3 Kft\"},\"image\":{\"@id\":\"https:\/\/vegs.hu\/#\/schema\/logo\/image\/\"}}]}<\/script>\n<!-- \/ Yoast SEO plugin. -->","yoast_head_json":{"title":"Kontakte - VEGS Vasipari \u00e9s G\u00e9pgy\u00e1rt\u00f3 Kft.","robots":{"index":"index","follow":"follow","max-snippet":"max-snippet:-1","max-image-preview":"max-image-preview:large","max-video-preview":"max-video-preview:-1"},"canonical":"https:\/\/vegs.hu\/de\/kontakt\/kontakte\/","og_locale":"de_DE","og_type":"article","og_title":"Kontakte - VEGS Vasipari \u00e9s G\u00e9pgy\u00e1rt\u00f3 Kft.","og_description":"[vc_row gap=&#8220;20&#8243; css=&#8220;.vc_custom_1492080150127{margin-bottom: 50px !important;padding-right: 20px !important;padding-left: 20px !important;}&#8220;][vc_column][vc_row_inner][vc_column_inner width=&#8220;1\/4&#8243;][vc_column_text] VEGS Vasipari \u00e9s G\u00e9pgy\u00e1rt\u00f3 Kft Adresse: H-8360 Keszthely K\u00fcls\u0151 Zsidi Str. 1 GPS: 46.778382,17.252769 Telefon: +36 (30) 155 8926 Email: vegs@vegs.hu [\/vc_column_text][\/vc_column_inner][vc_column_inner width=&#8220;3\/4&#8243;][vc_gmaps link=&#8220;#E-8_JTNDaWZyYW1lJTIwc3JjJTNEJTIyaHR0cHMlM0ElMkYlMkZ3d3cuZ29vZ2xlLmNvbSUyRm1hcHMlMkZlbWJlZCUzRnBiJTNEJTIxMW0xOCUyMTFtMTIlMjExbTMlMjExZDI3MzIuMzA1MTg1MjczMjcyNCUyMTJkMTcuMjUwNzkyMDE1ODUxMzYzJTIxM2Q0Ni43Nzg1OTA0NzkxMzgzOSUyMTJtMyUyMTFmMCUyMTJmMCUyMTNmMCUyMTNtMiUyMTFpMTAyNCUyMTJpNzY4JTIxNGYxMy4xJTIxM20zJTIxMW0yJTIxMXMweDQ3NjkxZDQzMDg2ZWNlN2YlMjUzQTB4MWQxZDBhZjBiMGM3NmM1YyUyMTJ6VmtWSFV5QldZWE5wY0dGeWFTRERxWE1nUjhPcGNHZDV3NkZ5ZE1PeklFdG1kQzQlMjE1ZTAlMjEzbTIlMjExc2h1JTIxMnNodSUyMTR2MTYzODEyNTY0MDEzOCUyMTVtMiUyMTFzaHUlMjEyc2h1JTIyJTIwd2lkdGglM0QlMjI2MDAlMjIlMjBoZWlnaHQlM0QlMjI0NTAlMjIlMjBzdHlsZSUzRCUyMmJvcmRlciUzQTAlM0IlMjIlMjBhbGxvd2Z1bGxzY3JlZW4lM0QlMjIlMjIlMjBsb2FkaW5nJTNEJTIybGF6eSUyMiUzRSUzQyUyRmlmcmFtZSUzRQ==&#8220;][\/vc_column_inner][\/vc_row_inner][vc_column_text] Unser(e) MitarbeiterIn [\/vc_column_text][vc_row_inner][vc_column_inner width=&#8220;1\/2&#8243;][vc_column_text]Zolt\u00e1n Vincze Gesch\u00e4ftsf\u00fcrer Telefon: +36 (30) 689 8835[\/vc_column_text][vc_column_text]Anik\u00f3 Cziklin Kontakthalter Telefon: +36 (30) 155 8926[\/vc_column_text][\/vc_column_inner][vc_column_inner width=&#8220;1\/2&#8243;][vc_column_text]Gy\u00f6rgy Antal Eigent\u00fcmer, [&hellip;]","og_url":"https:\/\/vegs.hu\/de\/kontakt\/kontakte\/","og_site_name":"VEGS Vasipari \u00e9s G\u00e9pgy\u00e1rt\u00f3 Kft.","article_modified_time":"2023-07-20T08:11:41+00:00","twitter_card":"summary_large_image","twitter_misc":{"Gesch\u00e4tzte Lesezeit":"1\u00a0Minute"},"schema":{"@context":"https:\/\/schema.org","@graph":[{"@type":"WebPage","@id":"https:\/\/vegs.hu\/de\/kontakt\/kontakte\/","url":"https:\/\/vegs.hu\/de\/kontakt\/kontakte\/","name":"Kontakte - VEGS Vasipari \u00e9s G\u00e9pgy\u00e1rt\u00f3 Kft.","isPartOf":{"@id":"https:\/\/vegs.hu\/#website"},"datePublished":"2017-03-31T09:09:14+00:00","dateModified":"2023-07-20T08:11:41+00:00","breadcrumb":{"@id":"https:\/\/vegs.hu\/de\/kontakt\/kontakte\/#breadcrumb"},"inLanguage":"de","potentialAction":[{"@type":"ReadAction","target":["https:\/\/vegs.hu\/de\/kontakt\/kontakte\/"]}]},{"@type":"BreadcrumbList","@id":"https:\/\/vegs.hu\/de\/kontakt\/kontakte\/#breadcrumb","itemListElement":[{"@type":"ListItem","position":1,"name":"Home","item":"https:\/\/vegs.hu\/de\/"},{"@type":"ListItem","position":2,"name":"Kontakt","item":"https:\/\/vegs.hu\/de\/kontakt\/"},{"@type":"ListItem","position":3,"name":"Kontakte"}]},{"@type":"WebSite","@id":"https:\/\/vegs.hu\/#website","url":"https:\/\/vegs.hu\/","name":"VEGS Vasipari \u00e9s G\u00e9pgy\u00e1rt\u00f3 Kft.","description":"Megb\u00edzhat\u00f3 partner a g\u00e9pgy\u00e1rt\u00e1sban","publisher":{"@id":"https:\/\/vegs.hu\/#organization"},"potentialAction":[{"@type":"SearchAction","target":{"@type":"EntryPoint","urlTemplate":"https:\/\/vegs.hu\/?s={search_term_string}"},"query-input":{"@type":"PropertyValueSpecification","valueRequired":true,"valueName":"search_term_string"}}],"inLanguage":"de"},{"@type":"Organization","@id":"https:\/\/vegs.hu\/#organization","name":"VEGS Vasipari \u00e9s G\u00e9pgy\u00e1rt\u00f3 Kft","url":"https:\/\/vegs.hu\/","logo":{"@type":"ImageObject","inLanguage":"de","@id":"https:\/\/vegs.hu\/#\/schema\/logo\/image\/","url":"https:\/\/vegs.hu\/wp-content\/uploads\/2022\/06\/vegs-logo-web.png","contentUrl":"https:\/\/vegs.hu\/wp-content\/uploads\/2022\/06\/vegs-logo-web.png","width":105,"height":70,"caption":"VEGS Vasipari \u00e9s G\u00e9pgy\u00e1rt\u00f3 Kft"},"image":{"@id":"https:\/\/vegs.hu\/#\/schema\/logo\/image\/"}}]}},"_links":{"self":[{"href":"https:\/\/vegs.hu\/de\/wp-json\/wp\/v2\/pages\/3147","targetHints":{"allow":["GET"]}}],"collection":[{"href":"https:\/\/vegs.hu\/de\/wp-json\/wp\/v2\/pages"}],"about":[{"href":"https:\/\/vegs.hu\/de\/wp-json\/wp\/v2\/types\/page"}],"author":[{"embeddable":true,"href":"https:\/\/vegs.hu\/de\/wp-json\/wp\/v2\/users\/1"}],"replies":[{"embeddable":true,"href":"https:\/\/vegs.hu\/de\/wp-json\/wp\/v2\/comments?post=3147"}],"version-history":[{"count":3,"href":"https:\/\/vegs.hu\/de\/wp-json\/wp\/v2\/pages\/3147\/revisions"}],"predecessor-version":[{"id":4470,"href":"https:\/\/vegs.hu\/de\/wp-json\/wp\/v2\/pages\/3147\/revisions\/4470"}],"up":[{"embeddable":true,"href":"https:\/\/vegs.hu\/de\/wp-json\/wp\/v2\/pages\/3143"}],"wp:attachment":[{"href":"https:\/\/vegs.hu\/de\/wp-json\/wp\/v2\/media?parent=3147"}],"curies":[{"name":"wp","href":"https:\/\/api.w.org\/{rel}","templated":true}]}}