{"id":3732,"date":"2018-05-30T15:40:12","date_gmt":"2018-05-30T13:40:12","guid":{"rendered":"http:\/\/webkovacs.hu\/vegs\/ueber-uns\/eves-jelentes\/"},"modified":"2021-05-24T17:02:05","modified_gmt":"2021-05-24T15:02:05","slug":"jahresbericht","status":"publish","type":"page","link":"https:\/\/vegs.hu\/de\/nachrichten\/jahresbericht\/","title":{"rendered":"Jahresbericht"},"content":{"rendered":"<div class=\"wpb-content-wrapper\"><p>[vc_row css=&#8220;.vc_custom_1492525844002{margin-bottom: 20px !important;}&#8220;][vc_column][vc_column_text]<\/p>\n<h2>Energiefachkraft Gesch\u00e4ftsbericht<\/h2>\n<p>[\/vc_column_text][\/vc_column][\/vc_row][vc_row css=&#8220;.vc_custom_1518166458953{margin-bottom: 25px !important;}&#8220;][vc_column width=&#8220;1\/2&#8243;][vc_column_text]<a href=\"https:\/\/vegs.hu\/wp-content\/uploads\/2021\/05\/Vegs_2020eves_jelentes.pdf\" target=\"_blank\" rel=\"noopener noreferrer\">Energiefachkraft Gesch\u00e4ftsbericht 2020<\/a><\/p>\n<p><img loading=\"lazy\" decoding=\"async\" class=\"wp-image-4383 size-full alignnone\" src=\"https:\/\/vegs.hu\/wp-content\/uploads\/2021\/05\/vegs-energetikai-szakreferens-jelentes-2020.jpg\" alt=\"\" width=\"221\" height=\"300\" srcset=\"https:\/\/vegs.hu\/wp-content\/uploads\/2021\/05\/vegs-energetikai-szakreferens-jelentes-2020.jpg 221w, https:\/\/vegs.hu\/wp-content\/uploads\/2021\/05\/vegs-energetikai-szakreferens-jelentes-2020-15x20.jpg 15w\" sizes=\"auto, (max-width: 221px) 100vw, 221px\" \/>[\/vc_column_text][\/vc_column][vc_column width=&#8220;1\/2&#8243;][vc_column_text]<\/p>\n<p><a href=\"https:\/\/vegs.hu\/wp-content\/uploads\/2020\/05\/Vegs_Vasipari_\u00e9s_G\u00e9pgy\u00e1rt\u00f3_Kft_2019eves_jelentes.pdf\" target=\"_blank\" rel=\"noopener noreferrer\">Energiefachkraft Gesch\u00e4ftsbericht 2019<\/a><\/p>\n<p><img loading=\"lazy\" decoding=\"async\" class=\"alignnone wp-image-4324 size-full\" src=\"https:\/\/vegs.hu\/wp-content\/uploads\/2020\/05\/vegs-energetikai-szakreferens-jelentes-_2019_221x300.jpg\" alt=\"\" width=\"221\" height=\"300\" srcset=\"https:\/\/vegs.hu\/wp-content\/uploads\/2020\/05\/vegs-energetikai-szakreferens-jelentes-_2019_221x300.jpg 221w, https:\/\/vegs.hu\/wp-content\/uploads\/2020\/05\/vegs-energetikai-szakreferens-jelentes-_2019_221x300-15x20.jpg 15w\" sizes=\"auto, (max-width: 221px) 100vw, 221px\" \/><\/p>\n<p>[\/vc_column_text][\/vc_column][\/vc_row][vc_row css=&#8220;.vc_custom_1518166458953{margin-bottom: 25px !important;}&#8220;][vc_column width=&#8220;1\/2&#8243;][vc_column_text]<a href=\"https:\/\/vegs.hu\/wp-content\/uploads\/2019\/09\/vegs-energetikai-szakreferens-jelentes-2018.pdf\" target=\"_blank\" rel=\"noopener noreferrer\">Energiefachkraft Gesch\u00e4ftsbericht 2018<\/a><\/p>\n<p><a href=\"https:\/\/vegs.hu\/wp-content\/uploads\/2019\/09\/vegs-energetikai-szakreferens-jelentes-2018.pdf\"><img loading=\"lazy\" decoding=\"async\" class=\"size-full wp-image-4207 alignnone\" src=\"https:\/\/vegs.hu\/wp-content\/uploads\/2019\/09\/vegs-energetikai-szakreferens-jelentes-2018-221x300.jpg\" alt=\"\" width=\"221\" height=\"300\" \/><\/a>[\/vc_column_text][\/vc_column][vc_column width=&#8220;1\/2&#8243;][vc_column_text]<\/p>\n<p><a href=\"https:\/\/vegs.hu\/wp-content\/uploads\/2018\/05\/vegs-energetikai-szakreferens-jelentes-2017.pdf\" target=\"_blank\" rel=\"noopener noreferrer\">Energiefachkraft Gesch\u00e4ftsbericht 2017<\/a><\/p>\n<p><a href=\"https:\/\/vegs.hu\/wp-content\/uploads\/2018\/05\/vegs-energetikai-szakreferens-jelentes-2017.pdf\"><img loading=\"lazy\" decoding=\"async\" class=\"size-medium wp-image-4103 alignleft\" src=\"https:\/\/vegs.hu\/wp-content\/uploads\/2018\/05\/vegs-energetikai-szakreferens-jelentes-2017-221x300.jpg\" alt=\"\" width=\"221\" height=\"300\" srcset=\"https:\/\/vegs.hu\/wp-content\/uploads\/2018\/05\/vegs-energetikai-szakreferens-jelentes-2017-221x300.jpg 221w, https:\/\/vegs.hu\/wp-content\/uploads\/2018\/05\/vegs-energetikai-szakreferens-jelentes-2017.jpg 671w\" sizes=\"auto, (max-width: 221px) 100vw, 221px\" \/><\/a><\/p>\n<p>[\/vc_column_text][\/vc_column][\/vc_row][vc_row][vc_column][vc_column_text]<\/p>\n<h3>Erstellt: E.ON Gazdas\u00e1gi Szolg\u00e1ltat\u00f3 Kft.<\/h3>\n<div id=\"gtx-trans\" style=\"position: absolute; left: -11px; top: -6.28125px;\">\n<div class=\"gtx-trans-icon\"><\/div>\n<\/div>\n<p>[\/vc_column_text][\/vc_column][\/vc_row]<\/p>\n<\/div>","protected":false},"excerpt":{"rendered":"<p>[vc_row css=&#8220;.vc_custom_1492525844002{margin-bottom: 20px !important;}&#8220;][vc_column][vc_column_text] Energiefachkraft Gesch\u00e4ftsbericht [\/vc_column_text][\/vc_column][\/vc_row][vc_row css=&#8220;.vc_custom_1518166458953{margin-bottom: 25px !important;}&#8220;][vc_column width=&#8220;1\/2&#8243;][vc_column_text]Energiefachkraft Gesch\u00e4ftsbericht 2020 [\/vc_column_text][\/vc_column][vc_column width=&#8220;1\/2&#8243;][vc_column_text] Energiefachkraft Gesch\u00e4ftsbericht 2019 [\/vc_column_text][\/vc_column][\/vc_row][vc_row css=&#8220;.vc_custom_1518166458953{margin-bottom: 25px !important;}&#8220;][vc_column width=&#8220;1\/2&#8243;][vc_column_text]Energiefachkraft Gesch\u00e4ftsbericht 2018 [\/vc_column_text][\/vc_column][vc_column width=&#8220;1\/2&#8243;][vc_column_text] Energiefachkraft Gesch\u00e4ftsbericht 2017 [\/vc_column_text][\/vc_column][\/vc_row][vc_row][vc_column][vc_column_text] Erstellt: E.ON Gazdas\u00e1gi Szolg\u00e1ltat\u00f3 Kft. [\/vc_column_text][\/vc_column][\/vc_row]<\/p>\n","protected":false},"author":1,"featured_media":0,"parent":3824,"menu_order":5,"comment_status":"closed","ping_status":"closed","template":"page-template\/left-sidebar.php","meta":{"footnotes":""},"class_list":["post-3732","page","type-page","status-publish","hentry"],"yoast_head":"<!-- This site is optimized with the Yoast SEO plugin v26.9 - https:\/\/yoast.com\/product\/yoast-seo-wordpress\/ -->\n<title>Jahresbericht - VEGS Vasipari \u00e9s G\u00e9pgy\u00e1rt\u00f3 Kft.<\/title>\n<meta name=\"robots\" content=\"index, follow, max-snippet:-1, max-image-preview:large, max-video-preview:-1\" \/>\n<link rel=\"canonical\" href=\"https:\/\/vegs.hu\/de\/nachrichten\/jahresbericht\/\" \/>\n<meta property=\"og:locale\" content=\"de_DE\" \/>\n<meta property=\"og:type\" content=\"article\" \/>\n<meta property=\"og:title\" content=\"Jahresbericht - VEGS Vasipari \u00e9s G\u00e9pgy\u00e1rt\u00f3 Kft.\" \/>\n<meta property=\"og:description\" content=\"[vc_row css=&#8220;.vc_custom_1492525844002{margin-bottom: 20px !important;}&#8220;][vc_column][vc_column_text] Energiefachkraft Gesch\u00e4ftsbericht [\/vc_column_text][\/vc_column][\/vc_row][vc_row css=&#8220;.vc_custom_1518166458953{margin-bottom: 25px !important;}&#8220;][vc_column width=&#8220;1\/2&#8243;][vc_column_text]Energiefachkraft Gesch\u00e4ftsbericht 2020 [\/vc_column_text][\/vc_column][vc_column width=&#8220;1\/2&#8243;][vc_column_text] Energiefachkraft Gesch\u00e4ftsbericht 2019 [\/vc_column_text][\/vc_column][\/vc_row][vc_row css=&#8220;.vc_custom_1518166458953{margin-bottom: 25px !important;}&#8220;][vc_column width=&#8220;1\/2&#8243;][vc_column_text]Energiefachkraft Gesch\u00e4ftsbericht 2018 [\/vc_column_text][\/vc_column][vc_column width=&#8220;1\/2&#8243;][vc_column_text] Energiefachkraft Gesch\u00e4ftsbericht 2017 [\/vc_column_text][\/vc_column][\/vc_row][vc_row][vc_column][vc_column_text] Erstellt: E.ON Gazdas\u00e1gi Szolg\u00e1ltat\u00f3 Kft. [\/vc_column_text][\/vc_column][\/vc_row]\" \/>\n<meta property=\"og:url\" content=\"https:\/\/vegs.hu\/de\/nachrichten\/jahresbericht\/\" \/>\n<meta property=\"og:site_name\" content=\"VEGS Vasipari \u00e9s G\u00e9pgy\u00e1rt\u00f3 Kft.\" \/>\n<meta property=\"article:modified_time\" content=\"2021-05-24T15:02:05+00:00\" \/>\n<meta property=\"og:image\" content=\"https:\/\/vegs.hu\/wp-content\/uploads\/2021\/05\/vegs-energetikai-szakreferens-jelentes-2020.jpg\" \/>\n<meta name=\"twitter:card\" content=\"summary_large_image\" \/>\n<meta name=\"twitter:label1\" content=\"Gesch\u00e4tzte Lesezeit\" \/>\n\t<meta name=\"twitter:data1\" content=\"1\u00a0Minute\" \/>\n<script type=\"application\/ld+json\" class=\"yoast-schema-graph\">{\"@context\":\"https:\/\/schema.org\",\"@graph\":[{\"@type\":\"WebPage\",\"@id\":\"https:\/\/vegs.hu\/de\/nachrichten\/jahresbericht\/\",\"url\":\"https:\/\/vegs.hu\/de\/nachrichten\/jahresbericht\/\",\"name\":\"Jahresbericht - VEGS Vasipari \u00e9s G\u00e9pgy\u00e1rt\u00f3 Kft.\",\"isPartOf\":{\"@id\":\"https:\/\/vegs.hu\/#website\"},\"primaryImageOfPage\":{\"@id\":\"https:\/\/vegs.hu\/de\/nachrichten\/jahresbericht\/#primaryimage\"},\"image\":{\"@id\":\"https:\/\/vegs.hu\/de\/nachrichten\/jahresbericht\/#primaryimage\"},\"thumbnailUrl\":\"https:\/\/vegs.hu\/wp-content\/uploads\/2021\/05\/vegs-energetikai-szakreferens-jelentes-2020.jpg\",\"datePublished\":\"2018-05-30T13:40:12+00:00\",\"dateModified\":\"2021-05-24T15:02:05+00:00\",\"breadcrumb\":{\"@id\":\"https:\/\/vegs.hu\/de\/nachrichten\/jahresbericht\/#breadcrumb\"},\"inLanguage\":\"de\",\"potentialAction\":[{\"@type\":\"ReadAction\",\"target\":[\"https:\/\/vegs.hu\/de\/nachrichten\/jahresbericht\/\"]}]},{\"@type\":\"ImageObject\",\"inLanguage\":\"de\",\"@id\":\"https:\/\/vegs.hu\/de\/nachrichten\/jahresbericht\/#primaryimage\",\"url\":\"https:\/\/vegs.hu\/wp-content\/uploads\/2021\/05\/vegs-energetikai-szakreferens-jelentes-2020.jpg\",\"contentUrl\":\"https:\/\/vegs.hu\/wp-content\/uploads\/2021\/05\/vegs-energetikai-szakreferens-jelentes-2020.jpg\"},{\"@type\":\"BreadcrumbList\",\"@id\":\"https:\/\/vegs.hu\/de\/nachrichten\/jahresbericht\/#breadcrumb\",\"itemListElement\":[{\"@type\":\"ListItem\",\"position\":1,\"name\":\"Home\",\"item\":\"https:\/\/vegs.hu\/de\/\"},{\"@type\":\"ListItem\",\"position\":2,\"name\":\"Nachrichten\",\"item\":\"https:\/\/vegs.hu\/de\/nachrichten\/\"},{\"@type\":\"ListItem\",\"position\":3,\"name\":\"Jahresbericht\"}]},{\"@type\":\"WebSite\",\"@id\":\"https:\/\/vegs.hu\/#website\",\"url\":\"https:\/\/vegs.hu\/\",\"name\":\"VEGS Vasipari \u00e9s G\u00e9pgy\u00e1rt\u00f3 Kft.\",\"description\":\"Megb\u00edzhat\u00f3 partner a g\u00e9pgy\u00e1rt\u00e1sban\",\"publisher\":{\"@id\":\"https:\/\/vegs.hu\/#organization\"},\"potentialAction\":[{\"@type\":\"SearchAction\",\"target\":{\"@type\":\"EntryPoint\",\"urlTemplate\":\"https:\/\/vegs.hu\/?s={search_term_string}\"},\"query-input\":{\"@type\":\"PropertyValueSpecification\",\"valueRequired\":true,\"valueName\":\"search_term_string\"}}],\"inLanguage\":\"de\"},{\"@type\":\"Organization\",\"@id\":\"https:\/\/vegs.hu\/#organization\",\"name\":\"VEGS Vasipari \u00e9s G\u00e9pgy\u00e1rt\u00f3 Kft\",\"url\":\"https:\/\/vegs.hu\/\",\"logo\":{\"@type\":\"ImageObject\",\"inLanguage\":\"de\",\"@id\":\"https:\/\/vegs.hu\/#\/schema\/logo\/image\/\",\"url\":\"https:\/\/vegs.hu\/wp-content\/uploads\/2022\/06\/vegs-logo-web.png\",\"contentUrl\":\"https:\/\/vegs.hu\/wp-content\/uploads\/2022\/06\/vegs-logo-web.png\",\"width\":105,\"height\":70,\"caption\":\"VEGS Vasipari \u00e9s G\u00e9pgy\u00e1rt\u00f3 Kft\"},\"image\":{\"@id\":\"https:\/\/vegs.hu\/#\/schema\/logo\/image\/\"}}]}<\/script>\n<!-- \/ Yoast SEO plugin. -->","yoast_head_json":{"title":"Jahresbericht - VEGS Vasipari \u00e9s G\u00e9pgy\u00e1rt\u00f3 Kft.","robots":{"index":"index","follow":"follow","max-snippet":"max-snippet:-1","max-image-preview":"max-image-preview:large","max-video-preview":"max-video-preview:-1"},"canonical":"https:\/\/vegs.hu\/de\/nachrichten\/jahresbericht\/","og_locale":"de_DE","og_type":"article","og_title":"Jahresbericht - VEGS Vasipari \u00e9s G\u00e9pgy\u00e1rt\u00f3 Kft.","og_description":"[vc_row css=&#8220;.vc_custom_1492525844002{margin-bottom: 20px !important;}&#8220;][vc_column][vc_column_text] Energiefachkraft Gesch\u00e4ftsbericht [\/vc_column_text][\/vc_column][\/vc_row][vc_row css=&#8220;.vc_custom_1518166458953{margin-bottom: 25px !important;}&#8220;][vc_column width=&#8220;1\/2&#8243;][vc_column_text]Energiefachkraft Gesch\u00e4ftsbericht 2020 [\/vc_column_text][\/vc_column][vc_column width=&#8220;1\/2&#8243;][vc_column_text] Energiefachkraft Gesch\u00e4ftsbericht 2019 [\/vc_column_text][\/vc_column][\/vc_row][vc_row css=&#8220;.vc_custom_1518166458953{margin-bottom: 25px !important;}&#8220;][vc_column width=&#8220;1\/2&#8243;][vc_column_text]Energiefachkraft Gesch\u00e4ftsbericht 2018 [\/vc_column_text][\/vc_column][vc_column width=&#8220;1\/2&#8243;][vc_column_text] Energiefachkraft Gesch\u00e4ftsbericht 2017 [\/vc_column_text][\/vc_column][\/vc_row][vc_row][vc_column][vc_column_text] Erstellt: E.ON Gazdas\u00e1gi Szolg\u00e1ltat\u00f3 Kft. [\/vc_column_text][\/vc_column][\/vc_row]","og_url":"https:\/\/vegs.hu\/de\/nachrichten\/jahresbericht\/","og_site_name":"VEGS Vasipari \u00e9s G\u00e9pgy\u00e1rt\u00f3 Kft.","article_modified_time":"2021-05-24T15:02:05+00:00","og_image":[{"url":"https:\/\/vegs.hu\/wp-content\/uploads\/2021\/05\/vegs-energetikai-szakreferens-jelentes-2020.jpg","type":"","width":"","height":""}],"twitter_card":"summary_large_image","twitter_misc":{"Gesch\u00e4tzte Lesezeit":"1\u00a0Minute"},"schema":{"@context":"https:\/\/schema.org","@graph":[{"@type":"WebPage","@id":"https:\/\/vegs.hu\/de\/nachrichten\/jahresbericht\/","url":"https:\/\/vegs.hu\/de\/nachrichten\/jahresbericht\/","name":"Jahresbericht - VEGS Vasipari \u00e9s G\u00e9pgy\u00e1rt\u00f3 Kft.","isPartOf":{"@id":"https:\/\/vegs.hu\/#website"},"primaryImageOfPage":{"@id":"https:\/\/vegs.hu\/de\/nachrichten\/jahresbericht\/#primaryimage"},"image":{"@id":"https:\/\/vegs.hu\/de\/nachrichten\/jahresbericht\/#primaryimage"},"thumbnailUrl":"https:\/\/vegs.hu\/wp-content\/uploads\/2021\/05\/vegs-energetikai-szakreferens-jelentes-2020.jpg","datePublished":"2018-05-30T13:40:12+00:00","dateModified":"2021-05-24T15:02:05+00:00","breadcrumb":{"@id":"https:\/\/vegs.hu\/de\/nachrichten\/jahresbericht\/#breadcrumb"},"inLanguage":"de","potentialAction":[{"@type":"ReadAction","target":["https:\/\/vegs.hu\/de\/nachrichten\/jahresbericht\/"]}]},{"@type":"ImageObject","inLanguage":"de","@id":"https:\/\/vegs.hu\/de\/nachrichten\/jahresbericht\/#primaryimage","url":"https:\/\/vegs.hu\/wp-content\/uploads\/2021\/05\/vegs-energetikai-szakreferens-jelentes-2020.jpg","contentUrl":"https:\/\/vegs.hu\/wp-content\/uploads\/2021\/05\/vegs-energetikai-szakreferens-jelentes-2020.jpg"},{"@type":"BreadcrumbList","@id":"https:\/\/vegs.hu\/de\/nachrichten\/jahresbericht\/#breadcrumb","itemListElement":[{"@type":"ListItem","position":1,"name":"Home","item":"https:\/\/vegs.hu\/de\/"},{"@type":"ListItem","position":2,"name":"Nachrichten","item":"https:\/\/vegs.hu\/de\/nachrichten\/"},{"@type":"ListItem","position":3,"name":"Jahresbericht"}]},{"@type":"WebSite","@id":"https:\/\/vegs.hu\/#website","url":"https:\/\/vegs.hu\/","name":"VEGS Vasipari \u00e9s G\u00e9pgy\u00e1rt\u00f3 Kft.","description":"Megb\u00edzhat\u00f3 partner a g\u00e9pgy\u00e1rt\u00e1sban","publisher":{"@id":"https:\/\/vegs.hu\/#organization"},"potentialAction":[{"@type":"SearchAction","target":{"@type":"EntryPoint","urlTemplate":"https:\/\/vegs.hu\/?s={search_term_string}"},"query-input":{"@type":"PropertyValueSpecification","valueRequired":true,"valueName":"search_term_string"}}],"inLanguage":"de"},{"@type":"Organization","@id":"https:\/\/vegs.hu\/#organization","name":"VEGS Vasipari \u00e9s G\u00e9pgy\u00e1rt\u00f3 Kft","url":"https:\/\/vegs.hu\/","logo":{"@type":"ImageObject","inLanguage":"de","@id":"https:\/\/vegs.hu\/#\/schema\/logo\/image\/","url":"https:\/\/vegs.hu\/wp-content\/uploads\/2022\/06\/vegs-logo-web.png","contentUrl":"https:\/\/vegs.hu\/wp-content\/uploads\/2022\/06\/vegs-logo-web.png","width":105,"height":70,"caption":"VEGS Vasipari \u00e9s G\u00e9pgy\u00e1rt\u00f3 Kft"},"image":{"@id":"https:\/\/vegs.hu\/#\/schema\/logo\/image\/"}}]}},"_links":{"self":[{"href":"https:\/\/vegs.hu\/de\/wp-json\/wp\/v2\/pages\/3732","targetHints":{"allow":["GET"]}}],"collection":[{"href":"https:\/\/vegs.hu\/de\/wp-json\/wp\/v2\/pages"}],"about":[{"href":"https:\/\/vegs.hu\/de\/wp-json\/wp\/v2\/types\/page"}],"author":[{"embeddable":true,"href":"https:\/\/vegs.hu\/de\/wp-json\/wp\/v2\/users\/1"}],"replies":[{"embeddable":true,"href":"https:\/\/vegs.hu\/de\/wp-json\/wp\/v2\/comments?post=3732"}],"version-history":[{"count":2,"href":"https:\/\/vegs.hu\/de\/wp-json\/wp\/v2\/pages\/3732\/revisions"}],"predecessor-version":[{"id":4392,"href":"https:\/\/vegs.hu\/de\/wp-json\/wp\/v2\/pages\/3732\/revisions\/4392"}],"up":[{"embeddable":true,"href":"https:\/\/vegs.hu\/de\/wp-json\/wp\/v2\/pages\/3824"}],"wp:attachment":[{"href":"https:\/\/vegs.hu\/de\/wp-json\/wp\/v2\/media?parent=3732"}],"curies":[{"name":"wp","href":"https:\/\/api.w.org\/{rel}","templated":true}]}}