{"id":2841,"date":"2017-03-31T11:05:53","date_gmt":"2017-03-31T09:05:53","guid":{"rendered":"http:\/\/www.webkovacs.hu\/vegs\/gallery\/termekek\/"},"modified":"2019-10-30T10:14:54","modified_gmt":"2019-10-30T08:14:54","slug":"products","status":"publish","type":"page","link":"https:\/\/vegs.hu\/en\/gallery\/products\/","title":{"rendered":"Products"},"content":{"rendered":"<div class=\"wpb-content-wrapper\"><p>[vc_row css=&#8221;.vc_custom_1492080298205{margin-bottom: 50px !important;padding-right: 20px !important;padding-left: 20px !important;}&#8221;][\/vc_row][vc_column][\/vc_column][vc_column_text]<\/p>\n<h3>Our Product Gallery<\/h3>\n<p>[\/vc_column_text][vc_row][vc_column][vc_column_text]<\/p>\n\n\t\t<style type=\"text\/css\">\n\t\t\t#gallery-1 {\n\t\t\t\tmargin: auto;\n\t\t\t}\n\t\t\t#gallery-1 .gallery-item {\n\t\t\t\tfloat: left;\n\t\t\t\tmargin-top: 10px;\n\t\t\t\ttext-align: center;\n\t\t\t\twidth: 25%;\n\t\t\t}\n\t\t\t#gallery-1 img {\n\t\t\t\tborder: 2px solid #cfcfcf;\n\t\t\t}\n\t\t\t#gallery-1 .gallery-caption {\n\t\t\t\tmargin-left: 0;\n\t\t\t}\n\t\t\t\/* see gallery_shortcode() in wp-includes\/media.php *\/\n\t\t<\/style>\n\t\t<div id='gallery-1' class='gallery galleryid-2841 gallery-columns-4 gallery-size-thumbnail'><dl class='gallery-item'>\n\t\t\t<dt class='gallery-icon landscape'>\n\t\t\t\t<a href='https:\/\/vegs.hu\/wp-content\/uploads\/2019\/10\/Autogyari-fuggesztekek.jpg'><img loading=\"lazy\" decoding=\"async\" width=\"150\" height=\"150\" src=\"https:\/\/vegs.hu\/wp-content\/uploads\/2019\/10\/Autogyari-fuggesztekek-150x150.jpg\" class=\"attachment-thumbnail size-thumbnail\" alt=\"\" srcset=\"https:\/\/vegs.hu\/wp-content\/uploads\/2019\/10\/Autogyari-fuggesztekek-150x150.jpg 150w, https:\/\/vegs.hu\/wp-content\/uploads\/2019\/10\/Autogyari-fuggesztekek-140x140.jpg 140w, https:\/\/vegs.hu\/wp-content\/uploads\/2019\/10\/Autogyari-fuggesztekek-370x370.jpg 370w\" sizes=\"auto, (max-width: 150px) 100vw, 150px\" \/><\/a>\n\t\t\t<\/dt><\/dl><dl class='gallery-item'>\n\t\t\t<dt class='gallery-icon landscape'>\n\t\t\t\t<a href='https:\/\/vegs.hu\/wp-content\/uploads\/2019\/10\/Alap-keret.jpg'><img loading=\"lazy\" decoding=\"async\" width=\"150\" height=\"150\" src=\"https:\/\/vegs.hu\/wp-content\/uploads\/2019\/10\/Alap-keret-150x150.jpg\" class=\"attachment-thumbnail size-thumbnail\" alt=\"\" srcset=\"https:\/\/vegs.hu\/wp-content\/uploads\/2019\/10\/Alap-keret-150x150.jpg 150w, https:\/\/vegs.hu\/wp-content\/uploads\/2019\/10\/Alap-keret-140x140.jpg 140w, https:\/\/vegs.hu\/wp-content\/uploads\/2019\/10\/Alap-keret-370x370.jpg 370w\" sizes=\"auto, (max-width: 150px) 100vw, 150px\" \/><\/a>\n\t\t\t<\/dt><\/dl><dl class='gallery-item'>\n\t\t\t<dt class='gallery-icon landscape'>\n\t\t\t\t<a href='https:\/\/vegs.hu\/wp-content\/uploads\/2017\/09\/Vibr\u00e1ci\u00f3s-v\u00e1ly\u00fa-rozsdamentes-kop\u00f3b\u00e9l\u00e9ssel.jpg'><img loading=\"lazy\" decoding=\"async\" width=\"150\" height=\"150\" src=\"https:\/\/vegs.hu\/wp-content\/uploads\/2017\/09\/Vibr\u00e1ci\u00f3s-v\u00e1ly\u00fa-rozsdamentes-kop\u00f3b\u00e9l\u00e9ssel-150x150.jpg\" class=\"attachment-thumbnail size-thumbnail\" alt=\"\" srcset=\"https:\/\/vegs.hu\/wp-content\/uploads\/2017\/09\/Vibr\u00e1ci\u00f3s-v\u00e1ly\u00fa-rozsdamentes-kop\u00f3b\u00e9l\u00e9ssel-150x150.jpg 150w, https:\/\/vegs.hu\/wp-content\/uploads\/2017\/09\/Vibr\u00e1ci\u00f3s-v\u00e1ly\u00fa-rozsdamentes-kop\u00f3b\u00e9l\u00e9ssel-140x140.jpg 140w, https:\/\/vegs.hu\/wp-content\/uploads\/2017\/09\/Vibr\u00e1ci\u00f3s-v\u00e1ly\u00fa-rozsdamentes-kop\u00f3b\u00e9l\u00e9ssel-370x370.jpg 370w\" sizes=\"auto, (max-width: 150px) 100vw, 150px\" \/><\/a>\n\t\t\t<\/dt><\/dl><dl class='gallery-item'>\n\t\t\t<dt class='gallery-icon landscape'>\n\t\t\t\t<a href='https:\/\/vegs.hu\/wp-content\/uploads\/2017\/03\/Rosta.jpg'><img loading=\"lazy\" decoding=\"async\" width=\"150\" height=\"150\" src=\"https:\/\/vegs.hu\/wp-content\/uploads\/2017\/03\/Rosta-150x150.jpg\" class=\"attachment-thumbnail size-thumbnail\" alt=\"\" srcset=\"https:\/\/vegs.hu\/wp-content\/uploads\/2017\/03\/Rosta-150x150.jpg 150w, https:\/\/vegs.hu\/wp-content\/uploads\/2017\/03\/Rosta-140x140.jpg 140w, https:\/\/vegs.hu\/wp-content\/uploads\/2017\/03\/Rosta-370x370.jpg 370w\" sizes=\"auto, (max-width: 150px) 100vw, 150px\" \/><\/a>\n\t\t\t<\/dt><\/dl><br style=\"clear: both\" \/><dl class='gallery-item'>\n\t\t\t<dt class='gallery-icon landscape'>\n\t\t\t\t<a href='https:\/\/vegs.hu\/wp-content\/uploads\/2017\/03\/Ponyvatart\u00f3.jpg'><img loading=\"lazy\" decoding=\"async\" width=\"150\" height=\"150\" src=\"https:\/\/vegs.hu\/wp-content\/uploads\/2017\/03\/Ponyvatart\u00f3-150x150.jpg\" class=\"attachment-thumbnail size-thumbnail\" alt=\"\" srcset=\"https:\/\/vegs.hu\/wp-content\/uploads\/2017\/03\/Ponyvatart\u00f3-150x150.jpg 150w, https:\/\/vegs.hu\/wp-content\/uploads\/2017\/03\/Ponyvatart\u00f3-140x140.jpg 140w, https:\/\/vegs.hu\/wp-content\/uploads\/2017\/03\/Ponyvatart\u00f3-370x370.jpg 370w\" sizes=\"auto, (max-width: 150px) 100vw, 150px\" \/><\/a>\n\t\t\t<\/dt><\/dl><dl class='gallery-item'>\n\t\t\t<dt class='gallery-icon landscape'>\n\t\t\t\t<a href='https:\/\/vegs.hu\/wp-content\/uploads\/2018\/07\/platok-segedkerettel-3.jpg'><img loading=\"lazy\" decoding=\"async\" width=\"150\" height=\"150\" src=\"https:\/\/vegs.hu\/wp-content\/uploads\/2018\/07\/platok-segedkerettel-3-150x150.jpg\" class=\"attachment-thumbnail size-thumbnail\" alt=\"\" srcset=\"https:\/\/vegs.hu\/wp-content\/uploads\/2018\/07\/platok-segedkerettel-3-150x150.jpg 150w, https:\/\/vegs.hu\/wp-content\/uploads\/2018\/07\/platok-segedkerettel-3-140x140.jpg 140w, https:\/\/vegs.hu\/wp-content\/uploads\/2018\/07\/platok-segedkerettel-3-370x370.jpg 370w\" sizes=\"auto, (max-width: 150px) 100vw, 150px\" \/><\/a>\n\t\t\t<\/dt><\/dl><dl class='gallery-item'>\n\t\t\t<dt class='gallery-icon landscape'>\n\t\t\t\t<a href='https:\/\/vegs.hu\/wp-content\/uploads\/2017\/03\/Emel\u0151g\u00e9p-tornya-forg\u00e1csolva.jpg'><img loading=\"lazy\" decoding=\"async\" width=\"150\" height=\"150\" src=\"https:\/\/vegs.hu\/wp-content\/uploads\/2017\/03\/Emel\u0151g\u00e9p-tornya-forg\u00e1csolva-150x150.jpg\" class=\"attachment-thumbnail size-thumbnail\" alt=\"\" srcset=\"https:\/\/vegs.hu\/wp-content\/uploads\/2017\/03\/Emel\u0151g\u00e9p-tornya-forg\u00e1csolva-150x150.jpg 150w, https:\/\/vegs.hu\/wp-content\/uploads\/2017\/03\/Emel\u0151g\u00e9p-tornya-forg\u00e1csolva-140x140.jpg 140w, https:\/\/vegs.hu\/wp-content\/uploads\/2017\/03\/Emel\u0151g\u00e9p-tornya-forg\u00e1csolva-370x370.jpg 370w\" sizes=\"auto, (max-width: 150px) 100vw, 150px\" \/><\/a>\n\t\t\t<\/dt><\/dl><dl class='gallery-item'>\n\t\t\t<dt class='gallery-icon landscape'>\n\t\t\t\t<a href='https:\/\/vegs.hu\/wp-content\/uploads\/2017\/03\/Tr\u00e9ler-m\u0171szaki-vizsg\u00e1ra-k\u00e9szen.jpg'><img loading=\"lazy\" decoding=\"async\" width=\"150\" height=\"150\" src=\"https:\/\/vegs.hu\/wp-content\/uploads\/2017\/03\/Tr\u00e9ler-m\u0171szaki-vizsg\u00e1ra-k\u00e9szen-150x150.jpg\" class=\"attachment-thumbnail size-thumbnail\" alt=\"\" srcset=\"https:\/\/vegs.hu\/wp-content\/uploads\/2017\/03\/Tr\u00e9ler-m\u0171szaki-vizsg\u00e1ra-k\u00e9szen-150x150.jpg 150w, https:\/\/vegs.hu\/wp-content\/uploads\/2017\/03\/Tr\u00e9ler-m\u0171szaki-vizsg\u00e1ra-k\u00e9szen-140x140.jpg 140w, https:\/\/vegs.hu\/wp-content\/uploads\/2017\/03\/Tr\u00e9ler-m\u0171szaki-vizsg\u00e1ra-k\u00e9szen-370x370.jpg 370w\" sizes=\"auto, (max-width: 150px) 100vw, 150px\" \/><\/a>\n\t\t\t<\/dt><\/dl><br style=\"clear: both\" \/><dl class='gallery-item'>\n\t\t\t<dt class='gallery-icon landscape'>\n\t\t\t\t<a href='https:\/\/vegs.hu\/wp-content\/uploads\/2017\/03\/Szita-komplettre-szerelve-bej\u00e1ratva.jpg'><img loading=\"lazy\" decoding=\"async\" width=\"150\" height=\"150\" src=\"https:\/\/vegs.hu\/wp-content\/uploads\/2017\/03\/Szita-komplettre-szerelve-bej\u00e1ratva-150x150.jpg\" class=\"attachment-thumbnail size-thumbnail\" alt=\"\" srcset=\"https:\/\/vegs.hu\/wp-content\/uploads\/2017\/03\/Szita-komplettre-szerelve-bej\u00e1ratva-150x150.jpg 150w, https:\/\/vegs.hu\/wp-content\/uploads\/2017\/03\/Szita-komplettre-szerelve-bej\u00e1ratva-140x140.jpg 140w, https:\/\/vegs.hu\/wp-content\/uploads\/2017\/03\/Szita-komplettre-szerelve-bej\u00e1ratva-370x370.jpg 370w\" sizes=\"auto, (max-width: 150px) 100vw, 150px\" \/><\/a>\n\t\t\t<\/dt><\/dl><dl class='gallery-item'>\n\t\t\t<dt class='gallery-icon landscape'>\n\t\t\t\t<a href='https:\/\/vegs.hu\/wp-content\/uploads\/2019\/10\/Szallito-kocsi.jpg'><img loading=\"lazy\" decoding=\"async\" width=\"150\" height=\"150\" src=\"https:\/\/vegs.hu\/wp-content\/uploads\/2019\/10\/Szallito-kocsi-150x150.jpg\" class=\"attachment-thumbnail size-thumbnail\" alt=\"\" srcset=\"https:\/\/vegs.hu\/wp-content\/uploads\/2019\/10\/Szallito-kocsi-150x150.jpg 150w, https:\/\/vegs.hu\/wp-content\/uploads\/2019\/10\/Szallito-kocsi-140x140.jpg 140w, https:\/\/vegs.hu\/wp-content\/uploads\/2019\/10\/Szallito-kocsi-370x370.jpg 370w\" sizes=\"auto, (max-width: 150px) 100vw, 150px\" \/><\/a>\n\t\t\t<\/dt><\/dl><dl class='gallery-item'>\n\t\t\t<dt class='gallery-icon landscape'>\n\t\t\t\t<a href='https:\/\/vegs.hu\/wp-content\/uploads\/2017\/03\/Sz\u00e1ll\u00edtm\u00e1ny-indul\u00e1sra-k\u00e9sz.jpg'><img loading=\"lazy\" decoding=\"async\" width=\"150\" height=\"150\" src=\"https:\/\/vegs.hu\/wp-content\/uploads\/2017\/03\/Sz\u00e1ll\u00edtm\u00e1ny-indul\u00e1sra-k\u00e9sz-150x150.jpg\" class=\"attachment-thumbnail size-thumbnail\" alt=\"\" srcset=\"https:\/\/vegs.hu\/wp-content\/uploads\/2017\/03\/Sz\u00e1ll\u00edtm\u00e1ny-indul\u00e1sra-k\u00e9sz-150x150.jpg 150w, https:\/\/vegs.hu\/wp-content\/uploads\/2017\/03\/Sz\u00e1ll\u00edtm\u00e1ny-indul\u00e1sra-k\u00e9sz-140x140.jpg 140w, https:\/\/vegs.hu\/wp-content\/uploads\/2017\/03\/Sz\u00e1ll\u00edtm\u00e1ny-indul\u00e1sra-k\u00e9sz-370x370.jpg 370w\" sizes=\"auto, (max-width: 150px) 100vw, 150px\" \/><\/a>\n\t\t\t<\/dt><\/dl><dl class='gallery-item'>\n\t\t\t<dt class='gallery-icon landscape'>\n\t\t\t\t<a href='https:\/\/vegs.hu\/wp-content\/uploads\/2017\/03\/Sz\u00e1ll\u00edtm\u00e1ny-el\u0151k\u00e9sz\u00edtve.jpg'><img loading=\"lazy\" decoding=\"async\" width=\"150\" height=\"150\" src=\"https:\/\/vegs.hu\/wp-content\/uploads\/2017\/03\/Sz\u00e1ll\u00edtm\u00e1ny-el\u0151k\u00e9sz\u00edtve-150x150.jpg\" class=\"attachment-thumbnail size-thumbnail\" alt=\"\" srcset=\"https:\/\/vegs.hu\/wp-content\/uploads\/2017\/03\/Sz\u00e1ll\u00edtm\u00e1ny-el\u0151k\u00e9sz\u00edtve-150x150.jpg 150w, https:\/\/vegs.hu\/wp-content\/uploads\/2017\/03\/Sz\u00e1ll\u00edtm\u00e1ny-el\u0151k\u00e9sz\u00edtve-140x140.jpg 140w, https:\/\/vegs.hu\/wp-content\/uploads\/2017\/03\/Sz\u00e1ll\u00edtm\u00e1ny-el\u0151k\u00e9sz\u00edtve-370x370.jpg 370w\" sizes=\"auto, (max-width: 150px) 100vw, 150px\" \/><\/a>\n\t\t\t<\/dt><\/dl><br style=\"clear: both\" \/>\n\t\t<\/div>\n\n<p>[\/vc_column_text][\/vc_column][\/vc_row][vc_row][vc_column][vc_column_text][\/vc_column_text][\/vc_column][\/vc_row]<\/p>\n<\/div>","protected":false},"excerpt":{"rendered":"<p>[vc_row css=&#8221;.vc_custom_1492080298205{margin-bottom: 50px !important;padding-right: 20px !important;padding-left: 20px !important;}&#8221;][\/vc_row][vc_column][\/vc_column][vc_column_text] Our Product Gallery [\/vc_column_text][vc_row][vc_column][vc_column_text] [\/vc_column_text][\/vc_column][\/vc_row][vc_row][vc_column][vc_column_text][\/vc_column_text][\/vc_column][\/vc_row]<\/p>\n","protected":false},"author":1,"featured_media":3933,"parent":2833,"menu_order":1,"comment_status":"closed","ping_status":"closed","template":"page-template\/left-sidebar.php","meta":{"footnotes":""},"class_list":["post-2841","page","type-page","status-publish","has-post-thumbnail","hentry"],"yoast_head":"<!-- This site is optimized with the Yoast SEO plugin v26.9 - https:\/\/yoast.com\/product\/yoast-seo-wordpress\/ -->\n<title>Products - VEGS Vasipari \u00e9s G\u00e9pgy\u00e1rt\u00f3 Kft.<\/title>\n<meta name=\"robots\" content=\"index, follow, max-snippet:-1, max-image-preview:large, max-video-preview:-1\" \/>\n<link rel=\"canonical\" href=\"https:\/\/vegs.hu\/en\/gallery\/products\/\" \/>\n<meta property=\"og:locale\" content=\"en_US\" \/>\n<meta property=\"og:type\" content=\"article\" \/>\n<meta property=\"og:title\" content=\"Products - VEGS Vasipari \u00e9s G\u00e9pgy\u00e1rt\u00f3 Kft.\" \/>\n<meta property=\"og:description\" content=\"[vc_row css=&#8221;.vc_custom_1492080298205{margin-bottom: 50px !important;padding-right: 20px !important;padding-left: 20px !important;}&#8221;][\/vc_row][vc_column][\/vc_column][vc_column_text] Our Product Gallery [\/vc_column_text][vc_row][vc_column][vc_column_text] [\/vc_column_text][\/vc_column][\/vc_row][vc_row][vc_column][vc_column_text][\/vc_column_text][\/vc_column][\/vc_row]\" \/>\n<meta property=\"og:url\" content=\"https:\/\/vegs.hu\/en\/gallery\/products\/\" \/>\n<meta property=\"og:site_name\" content=\"VEGS Vasipari \u00e9s G\u00e9pgy\u00e1rt\u00f3 Kft.\" \/>\n<meta property=\"article:modified_time\" content=\"2019-10-30T08:14:54+00:00\" \/>\n<meta property=\"og:image\" content=\"https:\/\/vegs.hu\/wp-content\/uploads\/2017\/03\/DSCN0695.jpg\" \/>\n\t<meta property=\"og:image:width\" content=\"1600\" \/>\n\t<meta property=\"og:image:height\" content=\"1200\" \/>\n\t<meta property=\"og:image:type\" content=\"image\/jpeg\" \/>\n<meta name=\"twitter:card\" content=\"summary_large_image\" \/>\n<script type=\"application\/ld+json\" class=\"yoast-schema-graph\">{\"@context\":\"https:\/\/schema.org\",\"@graph\":[{\"@type\":\"WebPage\",\"@id\":\"https:\/\/vegs.hu\/en\/gallery\/products\/\",\"url\":\"https:\/\/vegs.hu\/en\/gallery\/products\/\",\"name\":\"Products - VEGS Vasipari \u00e9s G\u00e9pgy\u00e1rt\u00f3 Kft.\",\"isPartOf\":{\"@id\":\"https:\/\/vegs.hu\/#website\"},\"primaryImageOfPage\":{\"@id\":\"https:\/\/vegs.hu\/en\/gallery\/products\/#primaryimage\"},\"image\":{\"@id\":\"https:\/\/vegs.hu\/en\/gallery\/products\/#primaryimage\"},\"thumbnailUrl\":\"https:\/\/vegs.hu\/wp-content\/uploads\/2017\/03\/DSCN0695.jpg\",\"datePublished\":\"2017-03-31T09:05:53+00:00\",\"dateModified\":\"2019-10-30T08:14:54+00:00\",\"breadcrumb\":{\"@id\":\"https:\/\/vegs.hu\/en\/gallery\/products\/#breadcrumb\"},\"inLanguage\":\"en-US\",\"potentialAction\":[{\"@type\":\"ReadAction\",\"target\":[\"https:\/\/vegs.hu\/en\/gallery\/products\/\"]}]},{\"@type\":\"ImageObject\",\"inLanguage\":\"en-US\",\"@id\":\"https:\/\/vegs.hu\/en\/gallery\/products\/#primaryimage\",\"url\":\"https:\/\/vegs.hu\/wp-content\/uploads\/2017\/03\/DSCN0695.jpg\",\"contentUrl\":\"https:\/\/vegs.hu\/wp-content\/uploads\/2017\/03\/DSCN0695.jpg\",\"width\":1600,\"height\":1200},{\"@type\":\"BreadcrumbList\",\"@id\":\"https:\/\/vegs.hu\/en\/gallery\/products\/#breadcrumb\",\"itemListElement\":[{\"@type\":\"ListItem\",\"position\":1,\"name\":\"Home\",\"item\":\"https:\/\/vegs.hu\/en\/\"},{\"@type\":\"ListItem\",\"position\":2,\"name\":\"Gallery\",\"item\":\"https:\/\/vegs.hu\/en\/gallery\/\"},{\"@type\":\"ListItem\",\"position\":3,\"name\":\"Products\"}]},{\"@type\":\"WebSite\",\"@id\":\"https:\/\/vegs.hu\/#website\",\"url\":\"https:\/\/vegs.hu\/\",\"name\":\"VEGS Vasipari \u00e9s G\u00e9pgy\u00e1rt\u00f3 Kft.\",\"description\":\"Megb\u00edzhat\u00f3 partner a g\u00e9pgy\u00e1rt\u00e1sban\",\"publisher\":{\"@id\":\"https:\/\/vegs.hu\/#organization\"},\"potentialAction\":[{\"@type\":\"SearchAction\",\"target\":{\"@type\":\"EntryPoint\",\"urlTemplate\":\"https:\/\/vegs.hu\/?s={search_term_string}\"},\"query-input\":{\"@type\":\"PropertyValueSpecification\",\"valueRequired\":true,\"valueName\":\"search_term_string\"}}],\"inLanguage\":\"en-US\"},{\"@type\":\"Organization\",\"@id\":\"https:\/\/vegs.hu\/#organization\",\"name\":\"VEGS Vasipari \u00e9s G\u00e9pgy\u00e1rt\u00f3 Kft\",\"url\":\"https:\/\/vegs.hu\/\",\"logo\":{\"@type\":\"ImageObject\",\"inLanguage\":\"en-US\",\"@id\":\"https:\/\/vegs.hu\/#\/schema\/logo\/image\/\",\"url\":\"https:\/\/vegs.hu\/wp-content\/uploads\/2022\/06\/vegs-logo-web.png\",\"contentUrl\":\"https:\/\/vegs.hu\/wp-content\/uploads\/2022\/06\/vegs-logo-web.png\",\"width\":105,\"height\":70,\"caption\":\"VEGS Vasipari \u00e9s G\u00e9pgy\u00e1rt\u00f3 Kft\"},\"image\":{\"@id\":\"https:\/\/vegs.hu\/#\/schema\/logo\/image\/\"}}]}<\/script>\n<!-- \/ Yoast SEO plugin. -->","yoast_head_json":{"title":"Products - VEGS Vasipari \u00e9s G\u00e9pgy\u00e1rt\u00f3 Kft.","robots":{"index":"index","follow":"follow","max-snippet":"max-snippet:-1","max-image-preview":"max-image-preview:large","max-video-preview":"max-video-preview:-1"},"canonical":"https:\/\/vegs.hu\/en\/gallery\/products\/","og_locale":"en_US","og_type":"article","og_title":"Products - VEGS Vasipari \u00e9s G\u00e9pgy\u00e1rt\u00f3 Kft.","og_description":"[vc_row css=&#8221;.vc_custom_1492080298205{margin-bottom: 50px !important;padding-right: 20px !important;padding-left: 20px !important;}&#8221;][\/vc_row][vc_column][\/vc_column][vc_column_text] Our Product Gallery [\/vc_column_text][vc_row][vc_column][vc_column_text] [\/vc_column_text][\/vc_column][\/vc_row][vc_row][vc_column][vc_column_text][\/vc_column_text][\/vc_column][\/vc_row]","og_url":"https:\/\/vegs.hu\/en\/gallery\/products\/","og_site_name":"VEGS Vasipari \u00e9s G\u00e9pgy\u00e1rt\u00f3 Kft.","article_modified_time":"2019-10-30T08:14:54+00:00","og_image":[{"width":1600,"height":1200,"url":"https:\/\/vegs.hu\/wp-content\/uploads\/2017\/03\/DSCN0695.jpg","type":"image\/jpeg"}],"twitter_card":"summary_large_image","schema":{"@context":"https:\/\/schema.org","@graph":[{"@type":"WebPage","@id":"https:\/\/vegs.hu\/en\/gallery\/products\/","url":"https:\/\/vegs.hu\/en\/gallery\/products\/","name":"Products - VEGS Vasipari \u00e9s G\u00e9pgy\u00e1rt\u00f3 Kft.","isPartOf":{"@id":"https:\/\/vegs.hu\/#website"},"primaryImageOfPage":{"@id":"https:\/\/vegs.hu\/en\/gallery\/products\/#primaryimage"},"image":{"@id":"https:\/\/vegs.hu\/en\/gallery\/products\/#primaryimage"},"thumbnailUrl":"https:\/\/vegs.hu\/wp-content\/uploads\/2017\/03\/DSCN0695.jpg","datePublished":"2017-03-31T09:05:53+00:00","dateModified":"2019-10-30T08:14:54+00:00","breadcrumb":{"@id":"https:\/\/vegs.hu\/en\/gallery\/products\/#breadcrumb"},"inLanguage":"en-US","potentialAction":[{"@type":"ReadAction","target":["https:\/\/vegs.hu\/en\/gallery\/products\/"]}]},{"@type":"ImageObject","inLanguage":"en-US","@id":"https:\/\/vegs.hu\/en\/gallery\/products\/#primaryimage","url":"https:\/\/vegs.hu\/wp-content\/uploads\/2017\/03\/DSCN0695.jpg","contentUrl":"https:\/\/vegs.hu\/wp-content\/uploads\/2017\/03\/DSCN0695.jpg","width":1600,"height":1200},{"@type":"BreadcrumbList","@id":"https:\/\/vegs.hu\/en\/gallery\/products\/#breadcrumb","itemListElement":[{"@type":"ListItem","position":1,"name":"Home","item":"https:\/\/vegs.hu\/en\/"},{"@type":"ListItem","position":2,"name":"Gallery","item":"https:\/\/vegs.hu\/en\/gallery\/"},{"@type":"ListItem","position":3,"name":"Products"}]},{"@type":"WebSite","@id":"https:\/\/vegs.hu\/#website","url":"https:\/\/vegs.hu\/","name":"VEGS Vasipari \u00e9s G\u00e9pgy\u00e1rt\u00f3 Kft.","description":"Megb\u00edzhat\u00f3 partner a g\u00e9pgy\u00e1rt\u00e1sban","publisher":{"@id":"https:\/\/vegs.hu\/#organization"},"potentialAction":[{"@type":"SearchAction","target":{"@type":"EntryPoint","urlTemplate":"https:\/\/vegs.hu\/?s={search_term_string}"},"query-input":{"@type":"PropertyValueSpecification","valueRequired":true,"valueName":"search_term_string"}}],"inLanguage":"en-US"},{"@type":"Organization","@id":"https:\/\/vegs.hu\/#organization","name":"VEGS Vasipari \u00e9s G\u00e9pgy\u00e1rt\u00f3 Kft","url":"https:\/\/vegs.hu\/","logo":{"@type":"ImageObject","inLanguage":"en-US","@id":"https:\/\/vegs.hu\/#\/schema\/logo\/image\/","url":"https:\/\/vegs.hu\/wp-content\/uploads\/2022\/06\/vegs-logo-web.png","contentUrl":"https:\/\/vegs.hu\/wp-content\/uploads\/2022\/06\/vegs-logo-web.png","width":105,"height":70,"caption":"VEGS Vasipari \u00e9s G\u00e9pgy\u00e1rt\u00f3 Kft"},"image":{"@id":"https:\/\/vegs.hu\/#\/schema\/logo\/image\/"}}]}},"_links":{"self":[{"href":"https:\/\/vegs.hu\/en\/wp-json\/wp\/v2\/pages\/2841","targetHints":{"allow":["GET"]}}],"collection":[{"href":"https:\/\/vegs.hu\/en\/wp-json\/wp\/v2\/pages"}],"about":[{"href":"https:\/\/vegs.hu\/en\/wp-json\/wp\/v2\/types\/page"}],"author":[{"embeddable":true,"href":"https:\/\/vegs.hu\/en\/wp-json\/wp\/v2\/users\/1"}],"replies":[{"embeddable":true,"href":"https:\/\/vegs.hu\/en\/wp-json\/wp\/v2\/comments?post=2841"}],"version-history":[{"count":2,"href":"https:\/\/vegs.hu\/en\/wp-json\/wp\/v2\/pages\/2841\/revisions"}],"predecessor-version":[{"id":4275,"href":"https:\/\/vegs.hu\/en\/wp-json\/wp\/v2\/pages\/2841\/revisions\/4275"}],"up":[{"embeddable":true,"href":"https:\/\/vegs.hu\/en\/wp-json\/wp\/v2\/pages\/2833"}],"wp:featuredmedia":[{"embeddable":true,"href":"https:\/\/vegs.hu\/en\/wp-json\/wp\/v2\/media\/3933"}],"wp:attachment":[{"href":"https:\/\/vegs.hu\/en\/wp-json\/wp\/v2\/media?parent=2841"}],"curies":[{"name":"wp","href":"https:\/\/api.w.org\/{rel}","templated":true}]}}