{"id":3046,"date":"2017-03-31T10:33:26","date_gmt":"2017-03-31T08:33:26","guid":{"rendered":"http:\/\/www.webkovacs.hu\/vegs\/services\/plazmavagas-3d-s-vagogeppel\/"},"modified":"2018-07-05T16:05:18","modified_gmt":"2018-07-05T14:05:18","slug":"plasma-cutting-with-3d-cutting-machine","status":"publish","type":"page","link":"https:\/\/vegs.hu\/en\/services\/plasma-cutting-with-3d-cutting-machine\/","title":{"rendered":"Plasma cutting with 3D cutting machine"},"content":{"rendered":"<div class=\"wpb-content-wrapper\"><p>[vc_row][vc_column][vc_column_text]Plasma cutting with high-definition plasma cutting equipment is undertaken. Plate size for cutting: 2.5m x 8m. Perpendicular cut is feasible for carbon steel with plate thickness of max. 40mm, stainless material of 32mm, aluminium of 25mm. Our machine is equipped with 3D cutting head thus for carbon steel it is suitable for preparing weld seams up to 45-degree gradient within plate thickness range of 8-20mm.[\/vc_column_text][\/vc_column][\/vc_row][vc_row][vc_column width=&#8221;1\/2&#8243;][vc_column_text]We do plasma cutting of parts also with weld seam preparation within the above size range.[\/vc_column_text][vc_btn title=&#8221;PLEASE REQUEST OUR QUOTE!&#8221; style=&#8221;flat&#8221; shape=&#8221;square&#8221; color=&#8221;primary&#8221; size=&#8221;sm&#8221; link=&#8221;url:%2Fen%2Fcontact%2Fcontact-us%2F|||&#8221;][\/vc_column][vc_column width=&#8221;1\/2&#8243;][vc_single_image image=&#8221;3439&#8243; img_size=&#8221;large&#8221; alignment=&#8221;right&#8221;][\/vc_column][\/vc_row]<\/p>\n<\/div>","protected":false},"excerpt":{"rendered":"<p>[vc_row][vc_column][vc_column_text]Plasma cutting with high-definition plasma cutting equipment is undertaken. Plate size for cutting: 2.5m x 8m. Perpendicular cut is feasible for carbon steel with plate thickness of max. 40mm, stainless material of 32mm, aluminium of 25mm. Our machine is equipped with 3D cutting head thus for carbon steel it is suitable for preparing weld seams [&hellip;]<\/p>\n","protected":false},"author":1,"featured_media":0,"parent":2578,"menu_order":3,"comment_status":"closed","ping_status":"closed","template":"page-template\/left-sidebar.php","meta":{"footnotes":""},"class_list":["post-3046","page","type-page","status-publish","hentry"],"yoast_head":"<!-- This site is optimized with the Yoast SEO plugin v26.9 - https:\/\/yoast.com\/product\/yoast-seo-wordpress\/ -->\n<title>Plasma cutting with 3D cutting machine - VEGS Vasipari \u00e9s G\u00e9pgy\u00e1rt\u00f3 Kft.<\/title>\n<meta name=\"robots\" content=\"index, follow, max-snippet:-1, max-image-preview:large, max-video-preview:-1\" \/>\n<link rel=\"canonical\" href=\"https:\/\/vegs.hu\/en\/services\/plasma-cutting-with-3d-cutting-machine\/\" \/>\n<meta property=\"og:locale\" content=\"en_US\" \/>\n<meta property=\"og:type\" content=\"article\" \/>\n<meta property=\"og:title\" content=\"Plasma cutting with 3D cutting machine - VEGS Vasipari \u00e9s G\u00e9pgy\u00e1rt\u00f3 Kft.\" \/>\n<meta property=\"og:description\" content=\"[vc_row][vc_column][vc_column_text]Plasma cutting with high-definition plasma cutting equipment is undertaken. Plate size for cutting: 2.5m x 8m. Perpendicular cut is feasible for carbon steel with plate thickness of max. 40mm, stainless material of 32mm, aluminium of 25mm. Our machine is equipped with 3D cutting head thus for carbon steel it is suitable for preparing weld seams [&hellip;]\" \/>\n<meta property=\"og:url\" content=\"https:\/\/vegs.hu\/en\/services\/plasma-cutting-with-3d-cutting-machine\/\" \/>\n<meta property=\"og:site_name\" content=\"VEGS Vasipari \u00e9s G\u00e9pgy\u00e1rt\u00f3 Kft.\" \/>\n<meta property=\"article:modified_time\" content=\"2018-07-05T14:05:18+00:00\" \/>\n<meta name=\"twitter:card\" content=\"summary_large_image\" \/>\n<meta name=\"twitter:label1\" content=\"Est. reading time\" \/>\n\t<meta name=\"twitter:data1\" content=\"1 minute\" \/>\n<script type=\"application\/ld+json\" class=\"yoast-schema-graph\">{\"@context\":\"https:\/\/schema.org\",\"@graph\":[{\"@type\":\"WebPage\",\"@id\":\"https:\/\/vegs.hu\/en\/services\/plasma-cutting-with-3d-cutting-machine\/\",\"url\":\"https:\/\/vegs.hu\/en\/services\/plasma-cutting-with-3d-cutting-machine\/\",\"name\":\"Plasma cutting with 3D cutting machine - VEGS Vasipari \u00e9s G\u00e9pgy\u00e1rt\u00f3 Kft.\",\"isPartOf\":{\"@id\":\"https:\/\/vegs.hu\/#website\"},\"datePublished\":\"2017-03-31T08:33:26+00:00\",\"dateModified\":\"2018-07-05T14:05:18+00:00\",\"breadcrumb\":{\"@id\":\"https:\/\/vegs.hu\/en\/services\/plasma-cutting-with-3d-cutting-machine\/#breadcrumb\"},\"inLanguage\":\"en-US\",\"potentialAction\":[{\"@type\":\"ReadAction\",\"target\":[\"https:\/\/vegs.hu\/en\/services\/plasma-cutting-with-3d-cutting-machine\/\"]}]},{\"@type\":\"BreadcrumbList\",\"@id\":\"https:\/\/vegs.hu\/en\/services\/plasma-cutting-with-3d-cutting-machine\/#breadcrumb\",\"itemListElement\":[{\"@type\":\"ListItem\",\"position\":1,\"name\":\"Home\",\"item\":\"https:\/\/vegs.hu\/en\/\"},{\"@type\":\"ListItem\",\"position\":2,\"name\":\"Services\",\"item\":\"https:\/\/vegs.hu\/en\/services\/\"},{\"@type\":\"ListItem\",\"position\":3,\"name\":\"Plasma cutting with 3D cutting machine\"}]},{\"@type\":\"WebSite\",\"@id\":\"https:\/\/vegs.hu\/#website\",\"url\":\"https:\/\/vegs.hu\/\",\"name\":\"VEGS Vasipari \u00e9s G\u00e9pgy\u00e1rt\u00f3 Kft.\",\"description\":\"Megb\u00edzhat\u00f3 partner a g\u00e9pgy\u00e1rt\u00e1sban\",\"publisher\":{\"@id\":\"https:\/\/vegs.hu\/#organization\"},\"potentialAction\":[{\"@type\":\"SearchAction\",\"target\":{\"@type\":\"EntryPoint\",\"urlTemplate\":\"https:\/\/vegs.hu\/?s={search_term_string}\"},\"query-input\":{\"@type\":\"PropertyValueSpecification\",\"valueRequired\":true,\"valueName\":\"search_term_string\"}}],\"inLanguage\":\"en-US\"},{\"@type\":\"Organization\",\"@id\":\"https:\/\/vegs.hu\/#organization\",\"name\":\"VEGS Vasipari \u00e9s G\u00e9pgy\u00e1rt\u00f3 Kft\",\"url\":\"https:\/\/vegs.hu\/\",\"logo\":{\"@type\":\"ImageObject\",\"inLanguage\":\"en-US\",\"@id\":\"https:\/\/vegs.hu\/#\/schema\/logo\/image\/\",\"url\":\"https:\/\/vegs.hu\/wp-content\/uploads\/2022\/06\/vegs-logo-web.png\",\"contentUrl\":\"https:\/\/vegs.hu\/wp-content\/uploads\/2022\/06\/vegs-logo-web.png\",\"width\":105,\"height\":70,\"caption\":\"VEGS Vasipari \u00e9s G\u00e9pgy\u00e1rt\u00f3 Kft\"},\"image\":{\"@id\":\"https:\/\/vegs.hu\/#\/schema\/logo\/image\/\"}}]}<\/script>\n<!-- \/ Yoast SEO plugin. -->","yoast_head_json":{"title":"Plasma cutting with 3D cutting machine - VEGS Vasipari \u00e9s G\u00e9pgy\u00e1rt\u00f3 Kft.","robots":{"index":"index","follow":"follow","max-snippet":"max-snippet:-1","max-image-preview":"max-image-preview:large","max-video-preview":"max-video-preview:-1"},"canonical":"https:\/\/vegs.hu\/en\/services\/plasma-cutting-with-3d-cutting-machine\/","og_locale":"en_US","og_type":"article","og_title":"Plasma cutting with 3D cutting machine - VEGS Vasipari \u00e9s G\u00e9pgy\u00e1rt\u00f3 Kft.","og_description":"[vc_row][vc_column][vc_column_text]Plasma cutting with high-definition plasma cutting equipment is undertaken. Plate size for cutting: 2.5m x 8m. Perpendicular cut is feasible for carbon steel with plate thickness of max. 40mm, stainless material of 32mm, aluminium of 25mm. Our machine is equipped with 3D cutting head thus for carbon steel it is suitable for preparing weld seams [&hellip;]","og_url":"https:\/\/vegs.hu\/en\/services\/plasma-cutting-with-3d-cutting-machine\/","og_site_name":"VEGS Vasipari \u00e9s G\u00e9pgy\u00e1rt\u00f3 Kft.","article_modified_time":"2018-07-05T14:05:18+00:00","twitter_card":"summary_large_image","twitter_misc":{"Est. reading time":"1 minute"},"schema":{"@context":"https:\/\/schema.org","@graph":[{"@type":"WebPage","@id":"https:\/\/vegs.hu\/en\/services\/plasma-cutting-with-3d-cutting-machine\/","url":"https:\/\/vegs.hu\/en\/services\/plasma-cutting-with-3d-cutting-machine\/","name":"Plasma cutting with 3D cutting machine - VEGS Vasipari \u00e9s G\u00e9pgy\u00e1rt\u00f3 Kft.","isPartOf":{"@id":"https:\/\/vegs.hu\/#website"},"datePublished":"2017-03-31T08:33:26+00:00","dateModified":"2018-07-05T14:05:18+00:00","breadcrumb":{"@id":"https:\/\/vegs.hu\/en\/services\/plasma-cutting-with-3d-cutting-machine\/#breadcrumb"},"inLanguage":"en-US","potentialAction":[{"@type":"ReadAction","target":["https:\/\/vegs.hu\/en\/services\/plasma-cutting-with-3d-cutting-machine\/"]}]},{"@type":"BreadcrumbList","@id":"https:\/\/vegs.hu\/en\/services\/plasma-cutting-with-3d-cutting-machine\/#breadcrumb","itemListElement":[{"@type":"ListItem","position":1,"name":"Home","item":"https:\/\/vegs.hu\/en\/"},{"@type":"ListItem","position":2,"name":"Services","item":"https:\/\/vegs.hu\/en\/services\/"},{"@type":"ListItem","position":3,"name":"Plasma cutting with 3D cutting machine"}]},{"@type":"WebSite","@id":"https:\/\/vegs.hu\/#website","url":"https:\/\/vegs.hu\/","name":"VEGS Vasipari \u00e9s G\u00e9pgy\u00e1rt\u00f3 Kft.","description":"Megb\u00edzhat\u00f3 partner a g\u00e9pgy\u00e1rt\u00e1sban","publisher":{"@id":"https:\/\/vegs.hu\/#organization"},"potentialAction":[{"@type":"SearchAction","target":{"@type":"EntryPoint","urlTemplate":"https:\/\/vegs.hu\/?s={search_term_string}"},"query-input":{"@type":"PropertyValueSpecification","valueRequired":true,"valueName":"search_term_string"}}],"inLanguage":"en-US"},{"@type":"Organization","@id":"https:\/\/vegs.hu\/#organization","name":"VEGS Vasipari \u00e9s G\u00e9pgy\u00e1rt\u00f3 Kft","url":"https:\/\/vegs.hu\/","logo":{"@type":"ImageObject","inLanguage":"en-US","@id":"https:\/\/vegs.hu\/#\/schema\/logo\/image\/","url":"https:\/\/vegs.hu\/wp-content\/uploads\/2022\/06\/vegs-logo-web.png","contentUrl":"https:\/\/vegs.hu\/wp-content\/uploads\/2022\/06\/vegs-logo-web.png","width":105,"height":70,"caption":"VEGS Vasipari \u00e9s G\u00e9pgy\u00e1rt\u00f3 Kft"},"image":{"@id":"https:\/\/vegs.hu\/#\/schema\/logo\/image\/"}}]}},"_links":{"self":[{"href":"https:\/\/vegs.hu\/en\/wp-json\/wp\/v2\/pages\/3046","targetHints":{"allow":["GET"]}}],"collection":[{"href":"https:\/\/vegs.hu\/en\/wp-json\/wp\/v2\/pages"}],"about":[{"href":"https:\/\/vegs.hu\/en\/wp-json\/wp\/v2\/types\/page"}],"author":[{"embeddable":true,"href":"https:\/\/vegs.hu\/en\/wp-json\/wp\/v2\/users\/1"}],"replies":[{"embeddable":true,"href":"https:\/\/vegs.hu\/en\/wp-json\/wp\/v2\/comments?post=3046"}],"version-history":[{"count":0,"href":"https:\/\/vegs.hu\/en\/wp-json\/wp\/v2\/pages\/3046\/revisions"}],"up":[{"embeddable":true,"href":"https:\/\/vegs.hu\/en\/wp-json\/wp\/v2\/pages\/2578"}],"wp:attachment":[{"href":"https:\/\/vegs.hu\/en\/wp-json\/wp\/v2\/media?parent=3046"}],"curies":[{"name":"wp","href":"https:\/\/api.w.org\/{rel}","templated":true}]}}