{"id":3102,"date":"2017-03-31T10:52:24","date_gmt":"2017-03-31T08:52:24","guid":{"rendered":"https:\/\/www.webkovacs.hu\/vegs\/quality\/minosegellenorzes\/"},"modified":"2021-04-07T14:22:05","modified_gmt":"2021-04-07T12:22:05","slug":"quality-controll","status":"publish","type":"page","link":"https:\/\/vegs.hu\/en\/quality\/quality-controll\/","title":{"rendered":"Quality controll"},"content":{"rendered":"<div class=\"wpb-content-wrapper\"><p>[vc_row 0=&#8221;&#8221;][vc_column][vc_column_text 0=&#8221;&#8221;]VEGS Ltd. intends to build long-term business relationship with its partners. The main field of implementation of our goal is to manufacture high-quality products that fully meet our customers\u2019 requirements and to provide high-level service to our partners. Due to the reliable quality of our products we could manage to gain the recognition and satisfaction of our customers.[\/vc_column_text][\/vc_column][\/vc_row][vc_row gap=&#8221;15&#8243;][vc_column width=&#8221;1\/2&#8243;][vc_column_text]Our company fulfills the requirements of the below international standards applied in the machinery industry:<\/p>\n<ul>\n<li>ISO 9001:2015<\/li>\n<li>DIN EN ISO 3834-2<\/li>\n<li>EN1090-1<\/li>\n<li>EN1090-2 EXC3<\/li>\n<\/ul>\n<p>[\/vc_column_text][\/vc_column][vc_column width=&#8221;1\/2&#8243;][vc_single_image image=&#8221;4355&#8243; img_size=&#8221;medium&#8221; alignment=&#8221;center&#8221;][\/vc_column][\/vc_row][vc_row][vc_column][vc_column_text]We constantly improve our quality system by monitoring the changes in our customers\u2019 needs. We have active cooperation with our partners in the quality improvement of manufactured products. We constantly update our employees\u2019 knowledge on product quality. We put special emphasis on self-check effectiveness of which is ensured by regular trainings of our employees.[\/vc_column_text][\/vc_column][\/vc_row][vc_row gap=&#8221;15&#8243;][vc_column width=&#8221;1\/2&#8243;][vc_column_text]We have technicians qualified for MSZ EN ISO 9712 10 to carry out and register the below weld seam control tests:<\/p>\n<ul>\n<li>Visual testing: VT1, VT2<\/li>\n<li>Penetration testing: PT1, PT2<\/li>\n<li>Magnetic particle testing: MT1, MT2<\/li>\n<li>Ultrasonic testing<\/li>\n<\/ul>\n<p>[\/vc_column_text][\/vc_column][vc_column width=&#8221;1\/2&#8243;][vc_single_image image=&#8221;3545&#8243; img_size=&#8221;medium&#8221; alignment=&#8221;center&#8221;][\/vc_column][\/vc_row][vc_row][vc_column][vc_column_text]Solely products that passed the end-testing and fulfilled all criteria of quality requirements are to be released from our company. In parallel with this procedure all required quality documentation &#8211; including product certificates &#8211; are issued and sent to our customer.[\/vc_column_text][\/vc_column][\/vc_row]<\/p>\n<\/div>","protected":false},"excerpt":{"rendered":"<p>[vc_row 0=&#8221;&#8221;][vc_column][vc_column_text 0=&#8221;&#8221;]VEGS Ltd. intends to build long-term business relationship with its partners. The main field of implementation of our goal is to manufacture high-quality products that fully meet our customers\u2019 requirements and to provide high-level service to our partners. Due to the reliable quality of our products we could manage to gain the recognition [&hellip;]<\/p>\n","protected":false},"author":1,"featured_media":0,"parent":2594,"menu_order":1,"comment_status":"closed","ping_status":"closed","template":"page-template\/left-sidebar.php","meta":{"footnotes":""},"class_list":["post-3102","page","type-page","status-publish","hentry"],"yoast_head":"<!-- This site is optimized with the Yoast SEO plugin v26.9 - https:\/\/yoast.com\/product\/yoast-seo-wordpress\/ -->\n<title>Quality controll - VEGS Vasipari \u00e9s G\u00e9pgy\u00e1rt\u00f3 Kft.<\/title>\n<meta name=\"robots\" content=\"index, follow, max-snippet:-1, max-image-preview:large, max-video-preview:-1\" \/>\n<link rel=\"canonical\" href=\"https:\/\/vegs.hu\/en\/quality\/quality-controll\/\" \/>\n<meta property=\"og:locale\" content=\"en_US\" \/>\n<meta property=\"og:type\" content=\"article\" \/>\n<meta property=\"og:title\" content=\"Quality controll - VEGS Vasipari \u00e9s G\u00e9pgy\u00e1rt\u00f3 Kft.\" \/>\n<meta property=\"og:description\" content=\"[vc_row 0=&#8221;&#8221;][vc_column][vc_column_text 0=&#8221;&#8221;]VEGS Ltd. intends to build long-term business relationship with its partners. The main field of implementation of our goal is to manufacture high-quality products that fully meet our customers\u2019 requirements and to provide high-level service to our partners. Due to the reliable quality of our products we could manage to gain the recognition [&hellip;]\" \/>\n<meta property=\"og:url\" content=\"https:\/\/vegs.hu\/en\/quality\/quality-controll\/\" \/>\n<meta property=\"og:site_name\" content=\"VEGS Vasipari \u00e9s G\u00e9pgy\u00e1rt\u00f3 Kft.\" \/>\n<meta property=\"article:modified_time\" content=\"2021-04-07T12:22:05+00:00\" \/>\n<meta name=\"twitter:card\" content=\"summary_large_image\" \/>\n<meta name=\"twitter:label1\" content=\"Est. reading time\" \/>\n\t<meta name=\"twitter:data1\" content=\"1 minute\" \/>\n<script type=\"application\/ld+json\" class=\"yoast-schema-graph\">{\"@context\":\"https:\/\/schema.org\",\"@graph\":[{\"@type\":\"WebPage\",\"@id\":\"https:\/\/vegs.hu\/en\/quality\/quality-controll\/\",\"url\":\"https:\/\/vegs.hu\/en\/quality\/quality-controll\/\",\"name\":\"Quality controll - VEGS Vasipari \u00e9s G\u00e9pgy\u00e1rt\u00f3 Kft.\",\"isPartOf\":{\"@id\":\"https:\/\/vegs.hu\/#website\"},\"datePublished\":\"2017-03-31T08:52:24+00:00\",\"dateModified\":\"2021-04-07T12:22:05+00:00\",\"breadcrumb\":{\"@id\":\"https:\/\/vegs.hu\/en\/quality\/quality-controll\/#breadcrumb\"},\"inLanguage\":\"en-US\",\"potentialAction\":[{\"@type\":\"ReadAction\",\"target\":[\"https:\/\/vegs.hu\/en\/quality\/quality-controll\/\"]}]},{\"@type\":\"BreadcrumbList\",\"@id\":\"https:\/\/vegs.hu\/en\/quality\/quality-controll\/#breadcrumb\",\"itemListElement\":[{\"@type\":\"ListItem\",\"position\":1,\"name\":\"Home\",\"item\":\"https:\/\/vegs.hu\/en\/\"},{\"@type\":\"ListItem\",\"position\":2,\"name\":\"Quality\",\"item\":\"https:\/\/vegs.hu\/en\/quality\/\"},{\"@type\":\"ListItem\",\"position\":3,\"name\":\"Quality controll\"}]},{\"@type\":\"WebSite\",\"@id\":\"https:\/\/vegs.hu\/#website\",\"url\":\"https:\/\/vegs.hu\/\",\"name\":\"VEGS Vasipari \u00e9s G\u00e9pgy\u00e1rt\u00f3 Kft.\",\"description\":\"Megb\u00edzhat\u00f3 partner a g\u00e9pgy\u00e1rt\u00e1sban\",\"publisher\":{\"@id\":\"https:\/\/vegs.hu\/#organization\"},\"potentialAction\":[{\"@type\":\"SearchAction\",\"target\":{\"@type\":\"EntryPoint\",\"urlTemplate\":\"https:\/\/vegs.hu\/?s={search_term_string}\"},\"query-input\":{\"@type\":\"PropertyValueSpecification\",\"valueRequired\":true,\"valueName\":\"search_term_string\"}}],\"inLanguage\":\"en-US\"},{\"@type\":\"Organization\",\"@id\":\"https:\/\/vegs.hu\/#organization\",\"name\":\"VEGS Vasipari \u00e9s G\u00e9pgy\u00e1rt\u00f3 Kft\",\"url\":\"https:\/\/vegs.hu\/\",\"logo\":{\"@type\":\"ImageObject\",\"inLanguage\":\"en-US\",\"@id\":\"https:\/\/vegs.hu\/#\/schema\/logo\/image\/\",\"url\":\"https:\/\/vegs.hu\/wp-content\/uploads\/2022\/06\/vegs-logo-web.png\",\"contentUrl\":\"https:\/\/vegs.hu\/wp-content\/uploads\/2022\/06\/vegs-logo-web.png\",\"width\":105,\"height\":70,\"caption\":\"VEGS Vasipari \u00e9s G\u00e9pgy\u00e1rt\u00f3 Kft\"},\"image\":{\"@id\":\"https:\/\/vegs.hu\/#\/schema\/logo\/image\/\"}}]}<\/script>\n<!-- \/ Yoast SEO plugin. -->","yoast_head_json":{"title":"Quality controll - VEGS Vasipari \u00e9s G\u00e9pgy\u00e1rt\u00f3 Kft.","robots":{"index":"index","follow":"follow","max-snippet":"max-snippet:-1","max-image-preview":"max-image-preview:large","max-video-preview":"max-video-preview:-1"},"canonical":"https:\/\/vegs.hu\/en\/quality\/quality-controll\/","og_locale":"en_US","og_type":"article","og_title":"Quality controll - VEGS Vasipari \u00e9s G\u00e9pgy\u00e1rt\u00f3 Kft.","og_description":"[vc_row 0=&#8221;&#8221;][vc_column][vc_column_text 0=&#8221;&#8221;]VEGS Ltd. intends to build long-term business relationship with its partners. The main field of implementation of our goal is to manufacture high-quality products that fully meet our customers\u2019 requirements and to provide high-level service to our partners. Due to the reliable quality of our products we could manage to gain the recognition [&hellip;]","og_url":"https:\/\/vegs.hu\/en\/quality\/quality-controll\/","og_site_name":"VEGS Vasipari \u00e9s G\u00e9pgy\u00e1rt\u00f3 Kft.","article_modified_time":"2021-04-07T12:22:05+00:00","twitter_card":"summary_large_image","twitter_misc":{"Est. reading time":"1 minute"},"schema":{"@context":"https:\/\/schema.org","@graph":[{"@type":"WebPage","@id":"https:\/\/vegs.hu\/en\/quality\/quality-controll\/","url":"https:\/\/vegs.hu\/en\/quality\/quality-controll\/","name":"Quality controll - VEGS Vasipari \u00e9s G\u00e9pgy\u00e1rt\u00f3 Kft.","isPartOf":{"@id":"https:\/\/vegs.hu\/#website"},"datePublished":"2017-03-31T08:52:24+00:00","dateModified":"2021-04-07T12:22:05+00:00","breadcrumb":{"@id":"https:\/\/vegs.hu\/en\/quality\/quality-controll\/#breadcrumb"},"inLanguage":"en-US","potentialAction":[{"@type":"ReadAction","target":["https:\/\/vegs.hu\/en\/quality\/quality-controll\/"]}]},{"@type":"BreadcrumbList","@id":"https:\/\/vegs.hu\/en\/quality\/quality-controll\/#breadcrumb","itemListElement":[{"@type":"ListItem","position":1,"name":"Home","item":"https:\/\/vegs.hu\/en\/"},{"@type":"ListItem","position":2,"name":"Quality","item":"https:\/\/vegs.hu\/en\/quality\/"},{"@type":"ListItem","position":3,"name":"Quality controll"}]},{"@type":"WebSite","@id":"https:\/\/vegs.hu\/#website","url":"https:\/\/vegs.hu\/","name":"VEGS Vasipari \u00e9s G\u00e9pgy\u00e1rt\u00f3 Kft.","description":"Megb\u00edzhat\u00f3 partner a g\u00e9pgy\u00e1rt\u00e1sban","publisher":{"@id":"https:\/\/vegs.hu\/#organization"},"potentialAction":[{"@type":"SearchAction","target":{"@type":"EntryPoint","urlTemplate":"https:\/\/vegs.hu\/?s={search_term_string}"},"query-input":{"@type":"PropertyValueSpecification","valueRequired":true,"valueName":"search_term_string"}}],"inLanguage":"en-US"},{"@type":"Organization","@id":"https:\/\/vegs.hu\/#organization","name":"VEGS Vasipari \u00e9s G\u00e9pgy\u00e1rt\u00f3 Kft","url":"https:\/\/vegs.hu\/","logo":{"@type":"ImageObject","inLanguage":"en-US","@id":"https:\/\/vegs.hu\/#\/schema\/logo\/image\/","url":"https:\/\/vegs.hu\/wp-content\/uploads\/2022\/06\/vegs-logo-web.png","contentUrl":"https:\/\/vegs.hu\/wp-content\/uploads\/2022\/06\/vegs-logo-web.png","width":105,"height":70,"caption":"VEGS Vasipari \u00e9s G\u00e9pgy\u00e1rt\u00f3 Kft"},"image":{"@id":"https:\/\/vegs.hu\/#\/schema\/logo\/image\/"}}]}},"_links":{"self":[{"href":"https:\/\/vegs.hu\/en\/wp-json\/wp\/v2\/pages\/3102","targetHints":{"allow":["GET"]}}],"collection":[{"href":"https:\/\/vegs.hu\/en\/wp-json\/wp\/v2\/pages"}],"about":[{"href":"https:\/\/vegs.hu\/en\/wp-json\/wp\/v2\/types\/page"}],"author":[{"embeddable":true,"href":"https:\/\/vegs.hu\/en\/wp-json\/wp\/v2\/users\/1"}],"replies":[{"embeddable":true,"href":"https:\/\/vegs.hu\/en\/wp-json\/wp\/v2\/comments?post=3102"}],"version-history":[{"count":1,"href":"https:\/\/vegs.hu\/en\/wp-json\/wp\/v2\/pages\/3102\/revisions"}],"predecessor-version":[{"id":4359,"href":"https:\/\/vegs.hu\/en\/wp-json\/wp\/v2\/pages\/3102\/revisions\/4359"}],"up":[{"embeddable":true,"href":"https:\/\/vegs.hu\/en\/wp-json\/wp\/v2\/pages\/2594"}],"wp:attachment":[{"href":"https:\/\/vegs.hu\/en\/wp-json\/wp\/v2\/media?parent=3102"}],"curies":[{"name":"wp","href":"https:\/\/api.w.org\/{rel}","templated":true}]}}