{"id":3134,"date":"2017-03-31T11:03:58","date_gmt":"2017-03-31T09:03:58","guid":{"rendered":"https:\/\/www.webkovacs.hu\/vegs\/about-us\/rolunk-geppark\/"},"modified":"2018-04-11T14:03:03","modified_gmt":"2018-04-11T12:03:03","slug":"machinery-equipment","status":"publish","type":"page","link":"https:\/\/vegs.hu\/en\/about-us\/machinery-equipment\/","title":{"rendered":"Machinery equipment"},"content":{"rendered":"<div class=\"wpb-content-wrapper\"><p>[vc_row gap=&#8221;20&#8243; css=&#8221;.vc_custom_1492003745011{padding-right: 20px !important;padding-left: 20px !important;}&#8221;][vc_column][vc_column_text]<\/p>\n<h2>Machinery equipment<\/h2>\n<p>Our main technology and machinery equipment:[\/vc_column_text][\/vc_column][\/vc_row][vc_row css=&#8221;.vc_custom_1521443689313{margin-bottom: 25px !important;padding-right: 20px !important;padding-left: 20px !important;}&#8221;][vc_column width=&#8221;3\/4&#8243;][vc_column_text css=&#8221;.vc_custom_1523448020212{padding-right: 10px !important;}&#8221;]- Abrasive blasting equipment with pass-through system for the cleaning of plates, fibre materials and smaller components, width: 1,5m, length: 6m, height: 0,4m<\/p>\n<p>&#8211; Manual abrasive blasting equipment with automatic returning system, working surface: 5,6&#215;8,2m[\/vc_column_text][\/vc_column][vc_column width=&#8221;1\/4&#8243;][vc_single_image image=&#8221;3617&#8243; img_size=&#8221;medium&#8221; onclick=&#8221;link_image&#8221;][\/vc_column][\/vc_row][vc_row css=&#8221;.vc_custom_1521443697242{margin-bottom: 25px !important;padding-right: 20px !important;padding-left: 20px !important;}&#8221;][vc_column width=&#8221;3\/4&#8243;][vc_column_text css=&#8221;.vc_custom_1523448042432{padding-right: 5px !important;}&#8221;]- Automated precision plasma cutting machine for cutting plates with maximum overall dimensions of 25x2000x8300 mm<\/p>\n<p>&#8211; Automated precision plasma cutting machine with 3D head for cutting plates with maximum overall dimensions of 40x2500x8000mm<\/p>\n<p>&#8211; Hydraulic edge bending machine (300t) on 4000mm length<\/p>\n<p>&#8211; Hydraulic edge bending machine (400t) on 4000mm length[\/vc_column_text][\/vc_column][vc_column width=&#8221;1\/4&#8243;][vc_single_image image=&#8221;3618&#8243; img_size=&#8221;medium&#8221; onclick=&#8221;link_image&#8221;][\/vc_column][\/vc_row][vc_row css=&#8221;.vc_custom_1521443703460{margin-bottom: 25px !important;padding-right: 20px !important;padding-left: 20px !important;}&#8221;][vc_column width=&#8221;3\/4&#8243;][vc_column_text css=&#8221;.vc_custom_1523448065637{padding-right: 5px !important;}&#8221;]- Hydraulic press 200t<\/p>\n<p>&#8211; 3-roll plate rolling machine, rolling up to 2000mm width.<\/p>\n<p>&#8211; Bandsaw, cutting up to 500mm[\/vc_column_text][\/vc_column][vc_column width=&#8221;1\/4&#8243;][vc_single_image image=&#8221;3619&#8243; img_size=&#8221;medium&#8221; onclick=&#8221;link_image&#8221;][\/vc_column][\/vc_row][vc_row css=&#8221;.vc_custom_1521443703460{margin-bottom: 25px !important;padding-right: 20px !important;padding-left: 20px !important;}&#8221;][vc_column width=&#8221;3\/4&#8243;][vc_column_text]- 42 pcs of MIG\/MAG arc welding machines<\/p>\n<p>&#8211; Manual plasma cutting machine up to maximum 40mm plate thickness<\/p>\n<p>&#8211; Lathe max. \u00d8500mm, 2000mm distance between centres<\/p>\n<p>&#8211; Milling machine, table dimensions 400 x 1600mm[\/vc_column_text][\/vc_column][vc_column width=&#8221;1\/4&#8243;][vc_single_image image=&#8221;3612&#8243; img_size=&#8221;medium&#8221; onclick=&#8221;link_image&#8221;][\/vc_column][\/vc_row][vc_row css=&#8221;.vc_custom_1521443703460{margin-bottom: 25px !important;padding-right: 20px !important;padding-left: 20px !important;}&#8221;][vc_column width=&#8221;3\/4&#8243;][vc_column_text css=&#8221;.vc_custom_1523448120488{padding-right: 5px !important;}&#8221;]- Horizontal drilling and milling equipment, range of movement 1200x1500x1000 mm<\/p>\n<p>&#8211; Radial drill, \u00d8 up to 60mm, arm extension 1250mm<\/p>\n<p>&#8211; Painting cabin with conveyor line: 16,6m, width: 5,6m, door: 3,7m[\/vc_column_text][\/vc_column][vc_column width=&#8221;1\/4&#8243;][vc_single_image image=&#8221;3613&#8243; img_size=&#8221;medium&#8221; onclick=&#8221;link_image&#8221;][\/vc_column][\/vc_row][vc_row css=&#8221;.vc_custom_1521443703460{margin-bottom: 25px !important;padding-right: 20px !important;padding-left: 20px !important;}&#8221;][vc_column width=&#8221;3\/4&#8243;][vc_column_text css=&#8221;.vc_custom_1523448166126{padding-right: 5px !important;}&#8221;]- Manufacturing workshop approx. 4000m\u00b2[\/vc_column_text][\/vc_column][vc_column width=&#8221;1\/4&#8243;][vc_single_image image=&#8221;3614&#8243; img_size=&#8221;medium&#8221; onclick=&#8221;link_image&#8221;][\/vc_column][\/vc_row]<\/p>\n<\/div>","protected":false},"excerpt":{"rendered":"<p>[vc_row gap=&#8221;20&#8243; css=&#8221;.vc_custom_1492003745011{padding-right: 20px !important;padding-left: 20px !important;}&#8221;][vc_column][vc_column_text] Machinery equipment Our main technology and machinery equipment:[\/vc_column_text][\/vc_column][\/vc_row][vc_row css=&#8221;.vc_custom_1521443689313{margin-bottom: 25px !important;padding-right: 20px !important;padding-left: 20px !important;}&#8221;][vc_column width=&#8221;3\/4&#8243;][vc_column_text css=&#8221;.vc_custom_1523448020212{padding-right: 10px !important;}&#8221;]- Abrasive blasting equipment with pass-through system for the cleaning of plates, fibre materials and smaller components, width: 1,5m, length: 6m, height: 0,4m &#8211; Manual abrasive blasting equipment with automatic [&hellip;]<\/p>\n","protected":false},"author":1,"featured_media":0,"parent":3124,"menu_order":3,"comment_status":"closed","ping_status":"closed","template":"page-template\/left-sidebar.php","meta":{"footnotes":""},"class_list":["post-3134","page","type-page","status-publish","hentry"],"yoast_head":"<!-- This site is optimized with the Yoast SEO plugin v26.9 - https:\/\/yoast.com\/product\/yoast-seo-wordpress\/ -->\n<title>Machinery equipment - VEGS Vasipari \u00e9s G\u00e9pgy\u00e1rt\u00f3 Kft.<\/title>\n<meta name=\"robots\" content=\"index, follow, max-snippet:-1, max-image-preview:large, max-video-preview:-1\" \/>\n<link rel=\"canonical\" href=\"https:\/\/vegs.hu\/en\/about-us\/machinery-equipment\/\" \/>\n<meta property=\"og:locale\" content=\"en_US\" \/>\n<meta property=\"og:type\" content=\"article\" \/>\n<meta property=\"og:title\" content=\"Machinery equipment - VEGS Vasipari \u00e9s G\u00e9pgy\u00e1rt\u00f3 Kft.\" \/>\n<meta property=\"og:description\" content=\"[vc_row gap=&#8221;20&#8243; css=&#8221;.vc_custom_1492003745011{padding-right: 20px !important;padding-left: 20px !important;}&#8221;][vc_column][vc_column_text] Machinery equipment Our main technology and machinery equipment:[\/vc_column_text][\/vc_column][\/vc_row][vc_row css=&#8221;.vc_custom_1521443689313{margin-bottom: 25px !important;padding-right: 20px !important;padding-left: 20px !important;}&#8221;][vc_column width=&#8221;3\/4&#8243;][vc_column_text css=&#8221;.vc_custom_1523448020212{padding-right: 10px !important;}&#8221;]- Abrasive blasting equipment with pass-through system for the cleaning of plates, fibre materials and smaller components, width: 1,5m, length: 6m, height: 0,4m &#8211; Manual abrasive blasting equipment with automatic [&hellip;]\" \/>\n<meta property=\"og:url\" content=\"https:\/\/vegs.hu\/en\/about-us\/machinery-equipment\/\" \/>\n<meta property=\"og:site_name\" content=\"VEGS Vasipari \u00e9s G\u00e9pgy\u00e1rt\u00f3 Kft.\" \/>\n<meta property=\"article:modified_time\" content=\"2018-04-11T12:03:03+00:00\" \/>\n<meta name=\"twitter:card\" content=\"summary_large_image\" \/>\n<meta name=\"twitter:label1\" content=\"Est. reading time\" \/>\n\t<meta name=\"twitter:data1\" content=\"2 minutes\" \/>\n<script type=\"application\/ld+json\" class=\"yoast-schema-graph\">{\"@context\":\"https:\/\/schema.org\",\"@graph\":[{\"@type\":\"WebPage\",\"@id\":\"https:\/\/vegs.hu\/en\/about-us\/machinery-equipment\/\",\"url\":\"https:\/\/vegs.hu\/en\/about-us\/machinery-equipment\/\",\"name\":\"Machinery equipment - VEGS Vasipari \u00e9s G\u00e9pgy\u00e1rt\u00f3 Kft.\",\"isPartOf\":{\"@id\":\"https:\/\/vegs.hu\/#website\"},\"datePublished\":\"2017-03-31T09:03:58+00:00\",\"dateModified\":\"2018-04-11T12:03:03+00:00\",\"breadcrumb\":{\"@id\":\"https:\/\/vegs.hu\/en\/about-us\/machinery-equipment\/#breadcrumb\"},\"inLanguage\":\"en-US\",\"potentialAction\":[{\"@type\":\"ReadAction\",\"target\":[\"https:\/\/vegs.hu\/en\/about-us\/machinery-equipment\/\"]}]},{\"@type\":\"BreadcrumbList\",\"@id\":\"https:\/\/vegs.hu\/en\/about-us\/machinery-equipment\/#breadcrumb\",\"itemListElement\":[{\"@type\":\"ListItem\",\"position\":1,\"name\":\"Home\",\"item\":\"https:\/\/vegs.hu\/en\/\"},{\"@type\":\"ListItem\",\"position\":2,\"name\":\"About us\",\"item\":\"https:\/\/vegs.hu\/en\/about-us\/\"},{\"@type\":\"ListItem\",\"position\":3,\"name\":\"Machinery equipment\"}]},{\"@type\":\"WebSite\",\"@id\":\"https:\/\/vegs.hu\/#website\",\"url\":\"https:\/\/vegs.hu\/\",\"name\":\"VEGS Vasipari \u00e9s G\u00e9pgy\u00e1rt\u00f3 Kft.\",\"description\":\"Megb\u00edzhat\u00f3 partner a g\u00e9pgy\u00e1rt\u00e1sban\",\"publisher\":{\"@id\":\"https:\/\/vegs.hu\/#organization\"},\"potentialAction\":[{\"@type\":\"SearchAction\",\"target\":{\"@type\":\"EntryPoint\",\"urlTemplate\":\"https:\/\/vegs.hu\/?s={search_term_string}\"},\"query-input\":{\"@type\":\"PropertyValueSpecification\",\"valueRequired\":true,\"valueName\":\"search_term_string\"}}],\"inLanguage\":\"en-US\"},{\"@type\":\"Organization\",\"@id\":\"https:\/\/vegs.hu\/#organization\",\"name\":\"VEGS Vasipari \u00e9s G\u00e9pgy\u00e1rt\u00f3 Kft\",\"url\":\"https:\/\/vegs.hu\/\",\"logo\":{\"@type\":\"ImageObject\",\"inLanguage\":\"en-US\",\"@id\":\"https:\/\/vegs.hu\/#\/schema\/logo\/image\/\",\"url\":\"https:\/\/vegs.hu\/wp-content\/uploads\/2022\/06\/vegs-logo-web.png\",\"contentUrl\":\"https:\/\/vegs.hu\/wp-content\/uploads\/2022\/06\/vegs-logo-web.png\",\"width\":105,\"height\":70,\"caption\":\"VEGS Vasipari \u00e9s G\u00e9pgy\u00e1rt\u00f3 Kft\"},\"image\":{\"@id\":\"https:\/\/vegs.hu\/#\/schema\/logo\/image\/\"}}]}<\/script>\n<!-- \/ Yoast SEO plugin. -->","yoast_head_json":{"title":"Machinery equipment - VEGS Vasipari \u00e9s G\u00e9pgy\u00e1rt\u00f3 Kft.","robots":{"index":"index","follow":"follow","max-snippet":"max-snippet:-1","max-image-preview":"max-image-preview:large","max-video-preview":"max-video-preview:-1"},"canonical":"https:\/\/vegs.hu\/en\/about-us\/machinery-equipment\/","og_locale":"en_US","og_type":"article","og_title":"Machinery equipment - VEGS Vasipari \u00e9s G\u00e9pgy\u00e1rt\u00f3 Kft.","og_description":"[vc_row gap=&#8221;20&#8243; css=&#8221;.vc_custom_1492003745011{padding-right: 20px !important;padding-left: 20px !important;}&#8221;][vc_column][vc_column_text] Machinery equipment Our main technology and machinery equipment:[\/vc_column_text][\/vc_column][\/vc_row][vc_row css=&#8221;.vc_custom_1521443689313{margin-bottom: 25px !important;padding-right: 20px !important;padding-left: 20px !important;}&#8221;][vc_column width=&#8221;3\/4&#8243;][vc_column_text css=&#8221;.vc_custom_1523448020212{padding-right: 10px !important;}&#8221;]- Abrasive blasting equipment with pass-through system for the cleaning of plates, fibre materials and smaller components, width: 1,5m, length: 6m, height: 0,4m &#8211; Manual abrasive blasting equipment with automatic [&hellip;]","og_url":"https:\/\/vegs.hu\/en\/about-us\/machinery-equipment\/","og_site_name":"VEGS Vasipari \u00e9s G\u00e9pgy\u00e1rt\u00f3 Kft.","article_modified_time":"2018-04-11T12:03:03+00:00","twitter_card":"summary_large_image","twitter_misc":{"Est. reading time":"2 minutes"},"schema":{"@context":"https:\/\/schema.org","@graph":[{"@type":"WebPage","@id":"https:\/\/vegs.hu\/en\/about-us\/machinery-equipment\/","url":"https:\/\/vegs.hu\/en\/about-us\/machinery-equipment\/","name":"Machinery equipment - VEGS Vasipari \u00e9s G\u00e9pgy\u00e1rt\u00f3 Kft.","isPartOf":{"@id":"https:\/\/vegs.hu\/#website"},"datePublished":"2017-03-31T09:03:58+00:00","dateModified":"2018-04-11T12:03:03+00:00","breadcrumb":{"@id":"https:\/\/vegs.hu\/en\/about-us\/machinery-equipment\/#breadcrumb"},"inLanguage":"en-US","potentialAction":[{"@type":"ReadAction","target":["https:\/\/vegs.hu\/en\/about-us\/machinery-equipment\/"]}]},{"@type":"BreadcrumbList","@id":"https:\/\/vegs.hu\/en\/about-us\/machinery-equipment\/#breadcrumb","itemListElement":[{"@type":"ListItem","position":1,"name":"Home","item":"https:\/\/vegs.hu\/en\/"},{"@type":"ListItem","position":2,"name":"About us","item":"https:\/\/vegs.hu\/en\/about-us\/"},{"@type":"ListItem","position":3,"name":"Machinery equipment"}]},{"@type":"WebSite","@id":"https:\/\/vegs.hu\/#website","url":"https:\/\/vegs.hu\/","name":"VEGS Vasipari \u00e9s G\u00e9pgy\u00e1rt\u00f3 Kft.","description":"Megb\u00edzhat\u00f3 partner a g\u00e9pgy\u00e1rt\u00e1sban","publisher":{"@id":"https:\/\/vegs.hu\/#organization"},"potentialAction":[{"@type":"SearchAction","target":{"@type":"EntryPoint","urlTemplate":"https:\/\/vegs.hu\/?s={search_term_string}"},"query-input":{"@type":"PropertyValueSpecification","valueRequired":true,"valueName":"search_term_string"}}],"inLanguage":"en-US"},{"@type":"Organization","@id":"https:\/\/vegs.hu\/#organization","name":"VEGS Vasipari \u00e9s G\u00e9pgy\u00e1rt\u00f3 Kft","url":"https:\/\/vegs.hu\/","logo":{"@type":"ImageObject","inLanguage":"en-US","@id":"https:\/\/vegs.hu\/#\/schema\/logo\/image\/","url":"https:\/\/vegs.hu\/wp-content\/uploads\/2022\/06\/vegs-logo-web.png","contentUrl":"https:\/\/vegs.hu\/wp-content\/uploads\/2022\/06\/vegs-logo-web.png","width":105,"height":70,"caption":"VEGS Vasipari \u00e9s G\u00e9pgy\u00e1rt\u00f3 Kft"},"image":{"@id":"https:\/\/vegs.hu\/#\/schema\/logo\/image\/"}}]}},"_links":{"self":[{"href":"https:\/\/vegs.hu\/en\/wp-json\/wp\/v2\/pages\/3134","targetHints":{"allow":["GET"]}}],"collection":[{"href":"https:\/\/vegs.hu\/en\/wp-json\/wp\/v2\/pages"}],"about":[{"href":"https:\/\/vegs.hu\/en\/wp-json\/wp\/v2\/types\/page"}],"author":[{"embeddable":true,"href":"https:\/\/vegs.hu\/en\/wp-json\/wp\/v2\/users\/1"}],"replies":[{"embeddable":true,"href":"https:\/\/vegs.hu\/en\/wp-json\/wp\/v2\/comments?post=3134"}],"version-history":[{"count":0,"href":"https:\/\/vegs.hu\/en\/wp-json\/wp\/v2\/pages\/3134\/revisions"}],"up":[{"embeddable":true,"href":"https:\/\/vegs.hu\/en\/wp-json\/wp\/v2\/pages\/3124"}],"wp:attachment":[{"href":"https:\/\/vegs.hu\/en\/wp-json\/wp\/v2\/media?parent=3134"}],"curies":[{"name":"wp","href":"https:\/\/api.w.org\/{rel}","templated":true}]}}