{"id":3138,"date":"2017-04-10T10:36:58","date_gmt":"2017-04-10T08:36:58","guid":{"rendered":"https:\/\/www.webkovacs.hu\/vegs\/about-us\/palyazat\/"},"modified":"2018-07-05T15:04:58","modified_gmt":"2018-07-05T13:04:58","slug":"tender","status":"publish","type":"page","link":"https:\/\/vegs.hu\/en\/news\/tender\/","title":{"rendered":"Tender"},"content":{"rendered":"<div class=\"wpb-content-wrapper\"><p>[vc_row][vc_column][vc_column_text]<strong>Establishment of solar energy system at VEGS Kft.<\/strong><\/p>\n<p>KEOP-4.2.0\/A\/11-2011-0354<\/p>\n<p><img loading=\"lazy\" decoding=\"async\" class=\"size-full wp-image-3615 alignnone\" src=\"http:\/\/webkovacs.hu\/vegs\/wp-content\/uploads\/2018\/03\/vegs-palyazat-1.jpg\" alt=\"\" width=\"368\" height=\"126\" srcset=\"https:\/\/vegs.hu\/wp-content\/uploads\/2018\/03\/vegs-palyazat-1.jpg 368w, https:\/\/vegs.hu\/wp-content\/uploads\/2018\/03\/vegs-palyazat-1-300x103.jpg 300w\" sizes=\"auto, (max-width: 368px) 100vw, 368px\" \/><\/p>\n<p>The project has been realised with the subvention of the European Union, with the co-financing of the European Regional and Development Fund.<\/p>\n<p>Project title: \u201eEstablishment of the solar energy system at VEGS Kft.&#8221;<\/p>\n<p><strong>Project description:<\/strong><br \/>\nThe objective of VEGS Kft. with the investment being realised with the grant assistance was to establish a modern solar energy system. As such the company can reduce the costs of the domestic hot water preparation with the help of the more cost-effective system using solar energy. The project location is the company site. According to the previous measuring the factory requires approximately 2800 l of hot water. To heat up this quantity, approximately 34 600 kWh energy is used up on a yearly basis. With the realization of the project approximately 50% of the energy can be saved. With the installation of the solar energy system, a primary energy saving of 79,92 GJ\/year could be realised, while the CO2-emissions could be reduced by 4,48 tons per year. So it would not only mean a significant cost saving, but it could help to protect the environment and to maintain a sustainable development.<\/p>\n<p>Phone number of the Beneficiary: +36-20\/9362-553<br \/>\nOverall project costs: 5 308 774,- HUF<br \/>\nSubvention amount: 2 123 510,- HUF<br \/>\nName and availability of the intermediate body:<br \/>\nEnergy Efficiency, Environmental Protection and Energy Information Agency Non-Profit Kft.<br \/>\n1134 Budapest, V\u00e1ci Str. 45., Building H, 6. floor,<br \/>\nHomepage: www.energiakozpont.hu[\/vc_column_text][\/vc_column][\/vc_row]<\/p>\n<\/div>","protected":false},"excerpt":{"rendered":"<p>[vc_row][vc_column][vc_column_text]Establishment of solar energy system at VEGS Kft. KEOP-4.2.0\/A\/11-2011-0354 The project has been realised with the subvention of the European Union, with the co-financing of the European Regional and Development Fund. Project title: \u201eEstablishment of the solar energy system at VEGS Kft.&#8221; Project description: The objective of VEGS Kft. with the investment being realised with [&hellip;]<\/p>\n","protected":false},"author":1,"featured_media":0,"parent":3822,"menu_order":4,"comment_status":"closed","ping_status":"closed","template":"page-template\/left-sidebar.php","meta":{"footnotes":""},"class_list":["post-3138","page","type-page","status-publish","hentry"],"yoast_head":"<!-- This site is optimized with the Yoast SEO plugin v26.9 - https:\/\/yoast.com\/product\/yoast-seo-wordpress\/ -->\n<title>Tender - VEGS Vasipari \u00e9s G\u00e9pgy\u00e1rt\u00f3 Kft.<\/title>\n<meta name=\"robots\" content=\"index, follow, max-snippet:-1, max-image-preview:large, max-video-preview:-1\" \/>\n<link rel=\"canonical\" href=\"https:\/\/vegs.hu\/en\/news\/tender\/\" \/>\n<meta property=\"og:locale\" content=\"en_US\" \/>\n<meta property=\"og:type\" content=\"article\" \/>\n<meta property=\"og:title\" content=\"Tender - VEGS Vasipari \u00e9s G\u00e9pgy\u00e1rt\u00f3 Kft.\" \/>\n<meta property=\"og:description\" content=\"[vc_row][vc_column][vc_column_text]Establishment of solar energy system at VEGS Kft. KEOP-4.2.0\/A\/11-2011-0354 The project has been realised with the subvention of the European Union, with the co-financing of the European Regional and Development Fund. Project title: \u201eEstablishment of the solar energy system at VEGS Kft.&#8221; Project description: The objective of VEGS Kft. with the investment being realised with [&hellip;]\" \/>\n<meta property=\"og:url\" content=\"https:\/\/vegs.hu\/en\/news\/tender\/\" \/>\n<meta property=\"og:site_name\" content=\"VEGS Vasipari \u00e9s G\u00e9pgy\u00e1rt\u00f3 Kft.\" \/>\n<meta property=\"article:modified_time\" content=\"2018-07-05T13:04:58+00:00\" \/>\n<meta property=\"og:image\" content=\"http:\/\/webkovacs.hu\/vegs\/wp-content\/uploads\/2018\/03\/vegs-palyazat-1.jpg\" \/>\n<meta name=\"twitter:card\" content=\"summary_large_image\" \/>\n<meta name=\"twitter:label1\" content=\"Est. reading time\" \/>\n\t<meta name=\"twitter:data1\" content=\"1 minute\" \/>\n<script type=\"application\/ld+json\" class=\"yoast-schema-graph\">{\"@context\":\"https:\/\/schema.org\",\"@graph\":[{\"@type\":\"WebPage\",\"@id\":\"https:\/\/vegs.hu\/en\/news\/tender\/\",\"url\":\"https:\/\/vegs.hu\/en\/news\/tender\/\",\"name\":\"Tender - VEGS Vasipari \u00e9s G\u00e9pgy\u00e1rt\u00f3 Kft.\",\"isPartOf\":{\"@id\":\"https:\/\/vegs.hu\/#website\"},\"primaryImageOfPage\":{\"@id\":\"https:\/\/vegs.hu\/en\/news\/tender\/#primaryimage\"},\"image\":{\"@id\":\"https:\/\/vegs.hu\/en\/news\/tender\/#primaryimage\"},\"thumbnailUrl\":\"http:\/\/webkovacs.hu\/vegs\/wp-content\/uploads\/2018\/03\/vegs-palyazat-1.jpg\",\"datePublished\":\"2017-04-10T08:36:58+00:00\",\"dateModified\":\"2018-07-05T13:04:58+00:00\",\"breadcrumb\":{\"@id\":\"https:\/\/vegs.hu\/en\/news\/tender\/#breadcrumb\"},\"inLanguage\":\"en-US\",\"potentialAction\":[{\"@type\":\"ReadAction\",\"target\":[\"https:\/\/vegs.hu\/en\/news\/tender\/\"]}]},{\"@type\":\"ImageObject\",\"inLanguage\":\"en-US\",\"@id\":\"https:\/\/vegs.hu\/en\/news\/tender\/#primaryimage\",\"url\":\"http:\/\/webkovacs.hu\/vegs\/wp-content\/uploads\/2018\/03\/vegs-palyazat-1.jpg\",\"contentUrl\":\"http:\/\/webkovacs.hu\/vegs\/wp-content\/uploads\/2018\/03\/vegs-palyazat-1.jpg\"},{\"@type\":\"BreadcrumbList\",\"@id\":\"https:\/\/vegs.hu\/en\/news\/tender\/#breadcrumb\",\"itemListElement\":[{\"@type\":\"ListItem\",\"position\":1,\"name\":\"Home\",\"item\":\"https:\/\/vegs.hu\/en\/\"},{\"@type\":\"ListItem\",\"position\":2,\"name\":\"News\",\"item\":\"https:\/\/vegs.hu\/en\/news\/\"},{\"@type\":\"ListItem\",\"position\":3,\"name\":\"Tender\"}]},{\"@type\":\"WebSite\",\"@id\":\"https:\/\/vegs.hu\/#website\",\"url\":\"https:\/\/vegs.hu\/\",\"name\":\"VEGS Vasipari \u00e9s G\u00e9pgy\u00e1rt\u00f3 Kft.\",\"description\":\"Megb\u00edzhat\u00f3 partner a g\u00e9pgy\u00e1rt\u00e1sban\",\"publisher\":{\"@id\":\"https:\/\/vegs.hu\/#organization\"},\"potentialAction\":[{\"@type\":\"SearchAction\",\"target\":{\"@type\":\"EntryPoint\",\"urlTemplate\":\"https:\/\/vegs.hu\/?s={search_term_string}\"},\"query-input\":{\"@type\":\"PropertyValueSpecification\",\"valueRequired\":true,\"valueName\":\"search_term_string\"}}],\"inLanguage\":\"en-US\"},{\"@type\":\"Organization\",\"@id\":\"https:\/\/vegs.hu\/#organization\",\"name\":\"VEGS Vasipari \u00e9s G\u00e9pgy\u00e1rt\u00f3 Kft\",\"url\":\"https:\/\/vegs.hu\/\",\"logo\":{\"@type\":\"ImageObject\",\"inLanguage\":\"en-US\",\"@id\":\"https:\/\/vegs.hu\/#\/schema\/logo\/image\/\",\"url\":\"https:\/\/vegs.hu\/wp-content\/uploads\/2022\/06\/vegs-logo-web.png\",\"contentUrl\":\"https:\/\/vegs.hu\/wp-content\/uploads\/2022\/06\/vegs-logo-web.png\",\"width\":105,\"height\":70,\"caption\":\"VEGS Vasipari \u00e9s G\u00e9pgy\u00e1rt\u00f3 Kft\"},\"image\":{\"@id\":\"https:\/\/vegs.hu\/#\/schema\/logo\/image\/\"}}]}<\/script>\n<!-- \/ Yoast SEO plugin. -->","yoast_head_json":{"title":"Tender - VEGS Vasipari \u00e9s G\u00e9pgy\u00e1rt\u00f3 Kft.","robots":{"index":"index","follow":"follow","max-snippet":"max-snippet:-1","max-image-preview":"max-image-preview:large","max-video-preview":"max-video-preview:-1"},"canonical":"https:\/\/vegs.hu\/en\/news\/tender\/","og_locale":"en_US","og_type":"article","og_title":"Tender - VEGS Vasipari \u00e9s G\u00e9pgy\u00e1rt\u00f3 Kft.","og_description":"[vc_row][vc_column][vc_column_text]Establishment of solar energy system at VEGS Kft. KEOP-4.2.0\/A\/11-2011-0354 The project has been realised with the subvention of the European Union, with the co-financing of the European Regional and Development Fund. Project title: \u201eEstablishment of the solar energy system at VEGS Kft.&#8221; Project description: The objective of VEGS Kft. with the investment being realised with [&hellip;]","og_url":"https:\/\/vegs.hu\/en\/news\/tender\/","og_site_name":"VEGS Vasipari \u00e9s G\u00e9pgy\u00e1rt\u00f3 Kft.","article_modified_time":"2018-07-05T13:04:58+00:00","og_image":[{"url":"http:\/\/webkovacs.hu\/vegs\/wp-content\/uploads\/2018\/03\/vegs-palyazat-1.jpg","type":"","width":"","height":""}],"twitter_card":"summary_large_image","twitter_misc":{"Est. reading time":"1 minute"},"schema":{"@context":"https:\/\/schema.org","@graph":[{"@type":"WebPage","@id":"https:\/\/vegs.hu\/en\/news\/tender\/","url":"https:\/\/vegs.hu\/en\/news\/tender\/","name":"Tender - VEGS Vasipari \u00e9s G\u00e9pgy\u00e1rt\u00f3 Kft.","isPartOf":{"@id":"https:\/\/vegs.hu\/#website"},"primaryImageOfPage":{"@id":"https:\/\/vegs.hu\/en\/news\/tender\/#primaryimage"},"image":{"@id":"https:\/\/vegs.hu\/en\/news\/tender\/#primaryimage"},"thumbnailUrl":"http:\/\/webkovacs.hu\/vegs\/wp-content\/uploads\/2018\/03\/vegs-palyazat-1.jpg","datePublished":"2017-04-10T08:36:58+00:00","dateModified":"2018-07-05T13:04:58+00:00","breadcrumb":{"@id":"https:\/\/vegs.hu\/en\/news\/tender\/#breadcrumb"},"inLanguage":"en-US","potentialAction":[{"@type":"ReadAction","target":["https:\/\/vegs.hu\/en\/news\/tender\/"]}]},{"@type":"ImageObject","inLanguage":"en-US","@id":"https:\/\/vegs.hu\/en\/news\/tender\/#primaryimage","url":"http:\/\/webkovacs.hu\/vegs\/wp-content\/uploads\/2018\/03\/vegs-palyazat-1.jpg","contentUrl":"http:\/\/webkovacs.hu\/vegs\/wp-content\/uploads\/2018\/03\/vegs-palyazat-1.jpg"},{"@type":"BreadcrumbList","@id":"https:\/\/vegs.hu\/en\/news\/tender\/#breadcrumb","itemListElement":[{"@type":"ListItem","position":1,"name":"Home","item":"https:\/\/vegs.hu\/en\/"},{"@type":"ListItem","position":2,"name":"News","item":"https:\/\/vegs.hu\/en\/news\/"},{"@type":"ListItem","position":3,"name":"Tender"}]},{"@type":"WebSite","@id":"https:\/\/vegs.hu\/#website","url":"https:\/\/vegs.hu\/","name":"VEGS Vasipari \u00e9s G\u00e9pgy\u00e1rt\u00f3 Kft.","description":"Megb\u00edzhat\u00f3 partner a g\u00e9pgy\u00e1rt\u00e1sban","publisher":{"@id":"https:\/\/vegs.hu\/#organization"},"potentialAction":[{"@type":"SearchAction","target":{"@type":"EntryPoint","urlTemplate":"https:\/\/vegs.hu\/?s={search_term_string}"},"query-input":{"@type":"PropertyValueSpecification","valueRequired":true,"valueName":"search_term_string"}}],"inLanguage":"en-US"},{"@type":"Organization","@id":"https:\/\/vegs.hu\/#organization","name":"VEGS Vasipari \u00e9s G\u00e9pgy\u00e1rt\u00f3 Kft","url":"https:\/\/vegs.hu\/","logo":{"@type":"ImageObject","inLanguage":"en-US","@id":"https:\/\/vegs.hu\/#\/schema\/logo\/image\/","url":"https:\/\/vegs.hu\/wp-content\/uploads\/2022\/06\/vegs-logo-web.png","contentUrl":"https:\/\/vegs.hu\/wp-content\/uploads\/2022\/06\/vegs-logo-web.png","width":105,"height":70,"caption":"VEGS Vasipari \u00e9s G\u00e9pgy\u00e1rt\u00f3 Kft"},"image":{"@id":"https:\/\/vegs.hu\/#\/schema\/logo\/image\/"}}]}},"_links":{"self":[{"href":"https:\/\/vegs.hu\/en\/wp-json\/wp\/v2\/pages\/3138","targetHints":{"allow":["GET"]}}],"collection":[{"href":"https:\/\/vegs.hu\/en\/wp-json\/wp\/v2\/pages"}],"about":[{"href":"https:\/\/vegs.hu\/en\/wp-json\/wp\/v2\/types\/page"}],"author":[{"embeddable":true,"href":"https:\/\/vegs.hu\/en\/wp-json\/wp\/v2\/users\/1"}],"replies":[{"embeddable":true,"href":"https:\/\/vegs.hu\/en\/wp-json\/wp\/v2\/comments?post=3138"}],"version-history":[{"count":0,"href":"https:\/\/vegs.hu\/en\/wp-json\/wp\/v2\/pages\/3138\/revisions"}],"up":[{"embeddable":true,"href":"https:\/\/vegs.hu\/en\/wp-json\/wp\/v2\/pages\/3822"}],"wp:attachment":[{"href":"https:\/\/vegs.hu\/en\/wp-json\/wp\/v2\/media?parent=3138"}],"curies":[{"name":"wp","href":"https:\/\/api.w.org\/{rel}","templated":true}]}}