{"id":3731,"date":"2018-05-30T15:40:12","date_gmt":"2018-05-30T13:40:12","guid":{"rendered":"http:\/\/webkovacs.hu\/vegs\/about-us\/eves-jelentes\/"},"modified":"2021-05-24T16:56:35","modified_gmt":"2021-05-24T14:56:35","slug":"annual-report","status":"publish","type":"page","link":"https:\/\/vegs.hu\/en\/news\/annual-report\/","title":{"rendered":"Annual Report"},"content":{"rendered":"<div class=\"wpb-content-wrapper\"><p>[vc_row css=&#8221;.vc_custom_1492525844002{margin-bottom: 20px !important;}&#8221;][vc_column][vc_column_text]<\/p>\n<h2>Energy Specialist Annual Report<\/h2>\n<p>[\/vc_column_text][\/vc_column][\/vc_row][vc_row css=&#8221;.vc_custom_1518166458953{margin-bottom: 25px !important;}&#8221;][vc_column width=&#8221;1\/2&#8243;][vc_column_text]<a href=\"https:\/\/vegs.hu\/wp-content\/uploads\/2021\/05\/Vegs_2020eves_jelentes.pdf\" target=\"_blank\" rel=\"noopener noreferrer\">Annual Report 2020<\/a><\/p>\n<p><img loading=\"lazy\" decoding=\"async\" class=\"wp-image-4382 size-full alignleft\" src=\"https:\/\/vegs.hu\/wp-content\/uploads\/2021\/05\/vegs-energetikai-szakreferens-jelentes-2020.jpg\" alt=\"\" width=\"221\" height=\"300\" \/>[\/vc_column_text][\/vc_column][vc_column width=&#8221;1\/2&#8243;][vc_column_text]<\/p>\n<p><a href=\"https:\/\/vegs.hu\/wp-content\/uploads\/2020\/05\/Vegs_Vasipari_\u00e9s_G\u00e9pgy\u00e1rt\u00f3_Kft_2019eves_jelentes.pdf\" target=\"_blank\" rel=\"noopener noreferrer\">Annual Report 2019<\/a><\/p>\n<p><img loading=\"lazy\" decoding=\"async\" class=\"wp-image-4323 size-full alignleft\" src=\"https:\/\/vegs.hu\/wp-content\/uploads\/2020\/05\/vegs-energetikai-szakreferens-jelentes-_2019_221x300.jpg\" alt=\"\" width=\"221\" height=\"300\" \/><\/p>\n<p>[\/vc_column_text][\/vc_column][\/vc_row][vc_row css=&#8221;.vc_custom_1518166458953{margin-bottom: 25px !important;}&#8221;][vc_column width=&#8221;1\/2&#8243;][vc_column_text]<a href=\"https:\/\/vegs.hu\/wp-content\/uploads\/2019\/09\/vegs-energetikai-szakreferens-jelentes-2018.pdf\" target=\"_blank\" rel=\"noopener noreferrer\">Annual Report 2018<\/a><\/p>\n<p><a href=\"https:\/\/vegs.hu\/wp-content\/uploads\/2019\/09\/vegs-energetikai-szakreferens-jelentes-2018.pdf\"><img loading=\"lazy\" decoding=\"async\" class=\"size-full wp-image-4207 alignnone\" src=\"https:\/\/vegs.hu\/wp-content\/uploads\/2019\/09\/vegs-energetikai-szakreferens-jelentes-2018-221x300.jpg\" alt=\"\" width=\"221\" height=\"300\" \/><\/a>[\/vc_column_text][\/vc_column][vc_column width=&#8221;1\/2&#8243;][vc_column_text]<\/p>\n<p><a href=\"https:\/\/vegs.hu\/wp-content\/uploads\/2018\/05\/vegs-energetikai-szakreferens-jelentes-2017.pdf\" target=\"_blank\" rel=\"noopener noreferrer\">Annual Report 2017<\/a><\/p>\n<p><a href=\"https:\/\/vegs.hu\/wp-content\/uploads\/2018\/05\/vegs-energetikai-szakreferens-jelentes-2017.pdf\"><img loading=\"lazy\" decoding=\"async\" class=\"size-medium wp-image-4103 alignleft\" src=\"https:\/\/vegs.hu\/wp-content\/uploads\/2018\/05\/vegs-energetikai-szakreferens-jelentes-2017-221x300.jpg\" alt=\"\" width=\"221\" height=\"300\" srcset=\"https:\/\/vegs.hu\/wp-content\/uploads\/2018\/05\/vegs-energetikai-szakreferens-jelentes-2017-221x300.jpg 221w, https:\/\/vegs.hu\/wp-content\/uploads\/2018\/05\/vegs-energetikai-szakreferens-jelentes-2017.jpg 671w\" sizes=\"auto, (max-width: 221px) 100vw, 221px\" \/><\/a><\/p>\n<p>[\/vc_column_text][\/vc_column][\/vc_row][vc_row][vc_column][vc_column_text]<\/p>\n<h3>Created by: E.ON Gazdas\u00e1gi Szolg\u00e1ltat\u00f3 Kft.<\/h3>\n<div id=\"gtx-trans\" style=\"position: absolute; left: -60px; top: -6.28125px;\">\n<div class=\"gtx-trans-icon\"><\/div>\n<\/div>\n<p>[\/vc_column_text][\/vc_column][\/vc_row]<\/p>\n<\/div>","protected":false},"excerpt":{"rendered":"<p>[vc_row css=&#8221;.vc_custom_1492525844002{margin-bottom: 20px !important;}&#8221;][vc_column][vc_column_text] Energy Specialist Annual Report [\/vc_column_text][\/vc_column][\/vc_row][vc_row css=&#8221;.vc_custom_1518166458953{margin-bottom: 25px !important;}&#8221;][vc_column width=&#8221;1\/2&#8243;][vc_column_text]Annual Report 2020 [\/vc_column_text][\/vc_column][vc_column width=&#8221;1\/2&#8243;][vc_column_text] Annual Report 2019 [\/vc_column_text][\/vc_column][\/vc_row][vc_row css=&#8221;.vc_custom_1518166458953{margin-bottom: 25px !important;}&#8221;][vc_column width=&#8221;1\/2&#8243;][vc_column_text]Annual Report 2018 [\/vc_column_text][\/vc_column][vc_column width=&#8221;1\/2&#8243;][vc_column_text] Annual Report 2017 [\/vc_column_text][\/vc_column][\/vc_row][vc_row][vc_column][vc_column_text] Created by: E.ON Gazdas\u00e1gi Szolg\u00e1ltat\u00f3 Kft. [\/vc_column_text][\/vc_column][\/vc_row]<\/p>\n","protected":false},"author":1,"featured_media":0,"parent":3822,"menu_order":5,"comment_status":"closed","ping_status":"closed","template":"page-template\/left-sidebar.php","meta":{"footnotes":""},"class_list":["post-3731","page","type-page","status-publish","hentry"],"yoast_head":"<!-- This site is optimized with the Yoast SEO plugin v26.9 - https:\/\/yoast.com\/product\/yoast-seo-wordpress\/ -->\n<title>Annual Report - VEGS Vasipari \u00e9s G\u00e9pgy\u00e1rt\u00f3 Kft.<\/title>\n<meta name=\"robots\" content=\"index, follow, max-snippet:-1, max-image-preview:large, max-video-preview:-1\" \/>\n<link rel=\"canonical\" href=\"https:\/\/vegs.hu\/en\/news\/annual-report\/\" \/>\n<meta property=\"og:locale\" content=\"en_US\" \/>\n<meta property=\"og:type\" content=\"article\" \/>\n<meta property=\"og:title\" content=\"Annual Report - VEGS Vasipari \u00e9s G\u00e9pgy\u00e1rt\u00f3 Kft.\" \/>\n<meta property=\"og:description\" content=\"[vc_row css=&#8221;.vc_custom_1492525844002{margin-bottom: 20px !important;}&#8221;][vc_column][vc_column_text] Energy Specialist Annual Report [\/vc_column_text][\/vc_column][\/vc_row][vc_row css=&#8221;.vc_custom_1518166458953{margin-bottom: 25px !important;}&#8221;][vc_column width=&#8221;1\/2&#8243;][vc_column_text]Annual Report 2020 [\/vc_column_text][\/vc_column][vc_column width=&#8221;1\/2&#8243;][vc_column_text] Annual Report 2019 [\/vc_column_text][\/vc_column][\/vc_row][vc_row css=&#8221;.vc_custom_1518166458953{margin-bottom: 25px !important;}&#8221;][vc_column width=&#8221;1\/2&#8243;][vc_column_text]Annual Report 2018 [\/vc_column_text][\/vc_column][vc_column width=&#8221;1\/2&#8243;][vc_column_text] Annual Report 2017 [\/vc_column_text][\/vc_column][\/vc_row][vc_row][vc_column][vc_column_text] Created by: E.ON Gazdas\u00e1gi Szolg\u00e1ltat\u00f3 Kft. [\/vc_column_text][\/vc_column][\/vc_row]\" \/>\n<meta property=\"og:url\" content=\"https:\/\/vegs.hu\/en\/news\/annual-report\/\" \/>\n<meta property=\"og:site_name\" content=\"VEGS Vasipari \u00e9s G\u00e9pgy\u00e1rt\u00f3 Kft.\" \/>\n<meta property=\"article:modified_time\" content=\"2021-05-24T14:56:35+00:00\" \/>\n<meta property=\"og:image\" content=\"https:\/\/vegs.hu\/wp-content\/uploads\/2021\/05\/vegs-energetikai-szakreferens-jelentes-2020.jpg\" \/>\n<meta name=\"twitter:card\" content=\"summary_large_image\" \/>\n<meta name=\"twitter:label1\" content=\"Est. reading time\" \/>\n\t<meta name=\"twitter:data1\" content=\"1 minute\" \/>\n<script type=\"application\/ld+json\" class=\"yoast-schema-graph\">{\"@context\":\"https:\/\/schema.org\",\"@graph\":[{\"@type\":\"WebPage\",\"@id\":\"https:\/\/vegs.hu\/en\/news\/annual-report\/\",\"url\":\"https:\/\/vegs.hu\/en\/news\/annual-report\/\",\"name\":\"Annual Report - VEGS Vasipari \u00e9s G\u00e9pgy\u00e1rt\u00f3 Kft.\",\"isPartOf\":{\"@id\":\"https:\/\/vegs.hu\/#website\"},\"primaryImageOfPage\":{\"@id\":\"https:\/\/vegs.hu\/en\/news\/annual-report\/#primaryimage\"},\"image\":{\"@id\":\"https:\/\/vegs.hu\/en\/news\/annual-report\/#primaryimage\"},\"thumbnailUrl\":\"https:\/\/vegs.hu\/wp-content\/uploads\/2021\/05\/vegs-energetikai-szakreferens-jelentes-2020.jpg\",\"datePublished\":\"2018-05-30T13:40:12+00:00\",\"dateModified\":\"2021-05-24T14:56:35+00:00\",\"breadcrumb\":{\"@id\":\"https:\/\/vegs.hu\/en\/news\/annual-report\/#breadcrumb\"},\"inLanguage\":\"en-US\",\"potentialAction\":[{\"@type\":\"ReadAction\",\"target\":[\"https:\/\/vegs.hu\/en\/news\/annual-report\/\"]}]},{\"@type\":\"ImageObject\",\"inLanguage\":\"en-US\",\"@id\":\"https:\/\/vegs.hu\/en\/news\/annual-report\/#primaryimage\",\"url\":\"https:\/\/vegs.hu\/wp-content\/uploads\/2021\/05\/vegs-energetikai-szakreferens-jelentes-2020.jpg\",\"contentUrl\":\"https:\/\/vegs.hu\/wp-content\/uploads\/2021\/05\/vegs-energetikai-szakreferens-jelentes-2020.jpg\"},{\"@type\":\"BreadcrumbList\",\"@id\":\"https:\/\/vegs.hu\/en\/news\/annual-report\/#breadcrumb\",\"itemListElement\":[{\"@type\":\"ListItem\",\"position\":1,\"name\":\"Home\",\"item\":\"https:\/\/vegs.hu\/en\/\"},{\"@type\":\"ListItem\",\"position\":2,\"name\":\"News\",\"item\":\"https:\/\/vegs.hu\/en\/news\/\"},{\"@type\":\"ListItem\",\"position\":3,\"name\":\"Annual Report\"}]},{\"@type\":\"WebSite\",\"@id\":\"https:\/\/vegs.hu\/#website\",\"url\":\"https:\/\/vegs.hu\/\",\"name\":\"VEGS Vasipari \u00e9s G\u00e9pgy\u00e1rt\u00f3 Kft.\",\"description\":\"Megb\u00edzhat\u00f3 partner a g\u00e9pgy\u00e1rt\u00e1sban\",\"publisher\":{\"@id\":\"https:\/\/vegs.hu\/#organization\"},\"potentialAction\":[{\"@type\":\"SearchAction\",\"target\":{\"@type\":\"EntryPoint\",\"urlTemplate\":\"https:\/\/vegs.hu\/?s={search_term_string}\"},\"query-input\":{\"@type\":\"PropertyValueSpecification\",\"valueRequired\":true,\"valueName\":\"search_term_string\"}}],\"inLanguage\":\"en-US\"},{\"@type\":\"Organization\",\"@id\":\"https:\/\/vegs.hu\/#organization\",\"name\":\"VEGS Vasipari \u00e9s G\u00e9pgy\u00e1rt\u00f3 Kft\",\"url\":\"https:\/\/vegs.hu\/\",\"logo\":{\"@type\":\"ImageObject\",\"inLanguage\":\"en-US\",\"@id\":\"https:\/\/vegs.hu\/#\/schema\/logo\/image\/\",\"url\":\"https:\/\/vegs.hu\/wp-content\/uploads\/2022\/06\/vegs-logo-web.png\",\"contentUrl\":\"https:\/\/vegs.hu\/wp-content\/uploads\/2022\/06\/vegs-logo-web.png\",\"width\":105,\"height\":70,\"caption\":\"VEGS Vasipari \u00e9s G\u00e9pgy\u00e1rt\u00f3 Kft\"},\"image\":{\"@id\":\"https:\/\/vegs.hu\/#\/schema\/logo\/image\/\"}}]}<\/script>\n<!-- \/ Yoast SEO plugin. -->","yoast_head_json":{"title":"Annual Report - VEGS Vasipari \u00e9s G\u00e9pgy\u00e1rt\u00f3 Kft.","robots":{"index":"index","follow":"follow","max-snippet":"max-snippet:-1","max-image-preview":"max-image-preview:large","max-video-preview":"max-video-preview:-1"},"canonical":"https:\/\/vegs.hu\/en\/news\/annual-report\/","og_locale":"en_US","og_type":"article","og_title":"Annual Report - VEGS Vasipari \u00e9s G\u00e9pgy\u00e1rt\u00f3 Kft.","og_description":"[vc_row css=&#8221;.vc_custom_1492525844002{margin-bottom: 20px !important;}&#8221;][vc_column][vc_column_text] Energy Specialist Annual Report [\/vc_column_text][\/vc_column][\/vc_row][vc_row css=&#8221;.vc_custom_1518166458953{margin-bottom: 25px !important;}&#8221;][vc_column width=&#8221;1\/2&#8243;][vc_column_text]Annual Report 2020 [\/vc_column_text][\/vc_column][vc_column width=&#8221;1\/2&#8243;][vc_column_text] Annual Report 2019 [\/vc_column_text][\/vc_column][\/vc_row][vc_row css=&#8221;.vc_custom_1518166458953{margin-bottom: 25px !important;}&#8221;][vc_column width=&#8221;1\/2&#8243;][vc_column_text]Annual Report 2018 [\/vc_column_text][\/vc_column][vc_column width=&#8221;1\/2&#8243;][vc_column_text] Annual Report 2017 [\/vc_column_text][\/vc_column][\/vc_row][vc_row][vc_column][vc_column_text] Created by: E.ON Gazdas\u00e1gi Szolg\u00e1ltat\u00f3 Kft. [\/vc_column_text][\/vc_column][\/vc_row]","og_url":"https:\/\/vegs.hu\/en\/news\/annual-report\/","og_site_name":"VEGS Vasipari \u00e9s G\u00e9pgy\u00e1rt\u00f3 Kft.","article_modified_time":"2021-05-24T14:56:35+00:00","og_image":[{"url":"https:\/\/vegs.hu\/wp-content\/uploads\/2021\/05\/vegs-energetikai-szakreferens-jelentes-2020.jpg","type":"","width":"","height":""}],"twitter_card":"summary_large_image","twitter_misc":{"Est. reading time":"1 minute"},"schema":{"@context":"https:\/\/schema.org","@graph":[{"@type":"WebPage","@id":"https:\/\/vegs.hu\/en\/news\/annual-report\/","url":"https:\/\/vegs.hu\/en\/news\/annual-report\/","name":"Annual Report - VEGS Vasipari \u00e9s G\u00e9pgy\u00e1rt\u00f3 Kft.","isPartOf":{"@id":"https:\/\/vegs.hu\/#website"},"primaryImageOfPage":{"@id":"https:\/\/vegs.hu\/en\/news\/annual-report\/#primaryimage"},"image":{"@id":"https:\/\/vegs.hu\/en\/news\/annual-report\/#primaryimage"},"thumbnailUrl":"https:\/\/vegs.hu\/wp-content\/uploads\/2021\/05\/vegs-energetikai-szakreferens-jelentes-2020.jpg","datePublished":"2018-05-30T13:40:12+00:00","dateModified":"2021-05-24T14:56:35+00:00","breadcrumb":{"@id":"https:\/\/vegs.hu\/en\/news\/annual-report\/#breadcrumb"},"inLanguage":"en-US","potentialAction":[{"@type":"ReadAction","target":["https:\/\/vegs.hu\/en\/news\/annual-report\/"]}]},{"@type":"ImageObject","inLanguage":"en-US","@id":"https:\/\/vegs.hu\/en\/news\/annual-report\/#primaryimage","url":"https:\/\/vegs.hu\/wp-content\/uploads\/2021\/05\/vegs-energetikai-szakreferens-jelentes-2020.jpg","contentUrl":"https:\/\/vegs.hu\/wp-content\/uploads\/2021\/05\/vegs-energetikai-szakreferens-jelentes-2020.jpg"},{"@type":"BreadcrumbList","@id":"https:\/\/vegs.hu\/en\/news\/annual-report\/#breadcrumb","itemListElement":[{"@type":"ListItem","position":1,"name":"Home","item":"https:\/\/vegs.hu\/en\/"},{"@type":"ListItem","position":2,"name":"News","item":"https:\/\/vegs.hu\/en\/news\/"},{"@type":"ListItem","position":3,"name":"Annual Report"}]},{"@type":"WebSite","@id":"https:\/\/vegs.hu\/#website","url":"https:\/\/vegs.hu\/","name":"VEGS Vasipari \u00e9s G\u00e9pgy\u00e1rt\u00f3 Kft.","description":"Megb\u00edzhat\u00f3 partner a g\u00e9pgy\u00e1rt\u00e1sban","publisher":{"@id":"https:\/\/vegs.hu\/#organization"},"potentialAction":[{"@type":"SearchAction","target":{"@type":"EntryPoint","urlTemplate":"https:\/\/vegs.hu\/?s={search_term_string}"},"query-input":{"@type":"PropertyValueSpecification","valueRequired":true,"valueName":"search_term_string"}}],"inLanguage":"en-US"},{"@type":"Organization","@id":"https:\/\/vegs.hu\/#organization","name":"VEGS Vasipari \u00e9s G\u00e9pgy\u00e1rt\u00f3 Kft","url":"https:\/\/vegs.hu\/","logo":{"@type":"ImageObject","inLanguage":"en-US","@id":"https:\/\/vegs.hu\/#\/schema\/logo\/image\/","url":"https:\/\/vegs.hu\/wp-content\/uploads\/2022\/06\/vegs-logo-web.png","contentUrl":"https:\/\/vegs.hu\/wp-content\/uploads\/2022\/06\/vegs-logo-web.png","width":105,"height":70,"caption":"VEGS Vasipari \u00e9s G\u00e9pgy\u00e1rt\u00f3 Kft"},"image":{"@id":"https:\/\/vegs.hu\/#\/schema\/logo\/image\/"}}]}},"_links":{"self":[{"href":"https:\/\/vegs.hu\/en\/wp-json\/wp\/v2\/pages\/3731","targetHints":{"allow":["GET"]}}],"collection":[{"href":"https:\/\/vegs.hu\/en\/wp-json\/wp\/v2\/pages"}],"about":[{"href":"https:\/\/vegs.hu\/en\/wp-json\/wp\/v2\/types\/page"}],"author":[{"embeddable":true,"href":"https:\/\/vegs.hu\/en\/wp-json\/wp\/v2\/users\/1"}],"replies":[{"embeddable":true,"href":"https:\/\/vegs.hu\/en\/wp-json\/wp\/v2\/comments?post=3731"}],"version-history":[{"count":2,"href":"https:\/\/vegs.hu\/en\/wp-json\/wp\/v2\/pages\/3731\/revisions"}],"predecessor-version":[{"id":4389,"href":"https:\/\/vegs.hu\/en\/wp-json\/wp\/v2\/pages\/3731\/revisions\/4389"}],"up":[{"embeddable":true,"href":"https:\/\/vegs.hu\/en\/wp-json\/wp\/v2\/pages\/3822"}],"wp:attachment":[{"href":"https:\/\/vegs.hu\/en\/wp-json\/wp\/v2\/media?parent=3731"}],"curies":[{"name":"wp","href":"https:\/\/api.w.org\/{rel}","templated":true}]}}